{"id":41083,"date":"2022-02-13T03:45:11","date_gmt":"2022-02-13T03:45:11","guid":{"rendered":"https:\/\/123-teezeit.de\/?product=biotee-teesieb-rudolfs-wintertee"},"modified":"2023-04-08T09:30:33","modified_gmt":"2023-04-08T09:30:33","slug":"biotee-teesieb-rudolfs-wintertee","status":"publish","type":"product","link":"https:\/\/123-teezeit.de\/?product=biotee-teesieb-rudolfs-wintertee","title":{"rendered":"Bull &amp; Bear Rudolfs Wintertee, Bio Fr\u00fcchtetee Mischung im Tee Set mit Teesieb, Tee mit Zimt Mandel Apfel Hibiskus\u2026"},"content":{"rendered":"<p><!-- show up to 2 reviews by default --> <\/p>\n<h3> <span>Produktbeschreibungen<\/span> <\/h3>\n<p> <span>Teesieb Rudolf von Koziol steckt hier vorwitzig seine leuchtend rote Nase aus der Teeverpackung. Holen Sie ihn aus seiner Behausung und lassen Sie ihn, gef\u00fcllt mit etwas von der winterlichen Biofr\u00fcchtetee-Mischung, l\u00e4ssig am Tassenrand abh\u00e4ngen. Wenige Minuten Ziehzeit sp\u00e4ter k\u00f6nnen Sie eine herrliche Tasse Tee mit winterlichem Zimt- und Mandel-Aroma genie\u00dfen. Teesieb Rudolf aus Kunststoff 66 x 55 x 90mm, Biofr\u00fcchtetee 75g, DE-\u00d6KO-006 <\/p>\n<p> Bio-Fr\u00fcchtetee:Rudolfs Wintertee <br \/> Zutaten: Apfelst\u00fccke mit Schale*, Hibiskusbl\u00fcten geschnitten*, Zimt*, Mandel gehobelt*, Ringelblumenbl\u00fcten*, Hagebuttenschalen*, Rosenbl\u00e4tter*, Aroma NA biotauglich. *Zutaten aus kontrolliert \u00f6kologischer Landwirtschaft<\/span> <\/p>\n<h3> <span>Inhaltsstoffe \/ Zutaten<\/span> <\/h3>\n<p> <span>Apfelst\u00fccke*, Hibiskusbl\u00fcten*, Zimtrinde*, nat\u00fcrliches Aroma, Mandel gehobelt*, Ringelblumenbl\u00fcten*, Hagebuttenschalen*, Rosenbl\u00fctenbl\u00e4tter*, *Zutaten aus kontrolliert \u00f6kologischer Landwirtschaft.<\/span> <\/p>\n<p>75g BIO-Wintertee in aufw\u00e4ndig gestalteter Verpackung<br \/>\nTeesieb Rudolf von Koziol<br \/>\nhochwertiger Kunststoff<br \/>\nTeesieb ca. 66 x 55 x 90mm<br \/>\nDE-\u00d6KO-006<br \/>\n<div class=\"main-cross-sell\" data-asin=\"B00FQEAYI8\">\n\n\t<div class=\"WooZone-cross-sell-loader\">\n\t\t<div>\n\t\t\t<div id=\"floatingBarsG\">\n\t\t\t\t<div class=\"blockG\" id=\"rotateG_01\"><\/div>\n\t\t\t\t<div class=\"blockG\" id=\"rotateG_02\"><\/div>\n\t\t\t\t<div class=\"blockG\" id=\"rotateG_03\"><\/div>\n\t\t\t\t<div class=\"blockG\" id=\"rotateG_04\"><\/div>\n\t\t\t\t<div class=\"blockG\" id=\"rotateG_05\"><\/div>\n\t\t\t\t<div class=\"blockG\" id=\"rotateG_06\"><\/div>\n\t\t\t\t<div class=\"blockG\" id=\"rotateG_07\"><\/div>\n\t\t\t\t<div class=\"blockG\" id=\"rotateG_08\"><\/div>\n\t\t\t<\/div>\n\t\t\t<div class=\"WooZone-cross-sell-loader-text\"><\/div>\n\t\t<\/div>\n\t<\/div>\n\n\t\t\n<\/div>\n<div style=\"clear:both;\"><\/div><\/p>\n","protected":false},"excerpt":{"rendered":"<p>75g BIO-Wintertee in aufw\u00e4ndig gestalteter Verpackung<br \/>\nTeesieb Rudolf von Koziol<br \/>\nhochwertiger Kunststoff<\/p>\n","protected":false},"featured_media":41084,"comment_status":"open","ping_status":"closed","template":"","meta":[],"product_brand":[],"product_cat":[29],"product_tag":[],"class_list":{"0":"post-41083","1":"product","2":"type-product","3":"status-publish","4":"has-post-thumbnail","6":"product_cat-fruechtetee","7":"pa_allergie-informationen-enthaelt-mandeln","8":"pa_amazon-bestseller-rang-nr-50759-in-lebensmittel-getraenke-siehe-top-100-in-lebensmittel-getraenke-nr-619-in-fruechtetee","9":"pa_artikelgewicht-75-g","10":"pa_auslaufartikel-produktion-dur-nein","11":"pa_besonderheit-bio-vegetarisch","12":"pa_durchschnittliche-kundenbewer-47-von-5-sternen-84-sternebewertungen-47-von-5-sternen","13":"pa_format-lose-blaetter","14":"pa_hersteller-bull-bear-ag-jurastr-2-73119-zell","15":"pa_im-angebot-von-amazon-de-seit-9-oktober-2013","16":"pa_marke-bull-bear","17":"pa_netto-gewicht-75-gramm","18":"pa_produktbezeichnung-beverages","19":"pa_stueckzahl-1-stueck","20":"pa_verpackungsabmessungen-23-8-x-9-4-x-7-4-cm-75-gramm","21":"pa_zertifizierung-bio-nach-eg-oeko-verordnung","23":"first","24":"instock","25":"shipping-taxable","26":"purchasable","27":"product-type-simple"},"_links":{"self":[{"href":"https:\/\/123-teezeit.de\/index.php?rest_route=\/wp\/v2\/product\/41083","targetHints":{"allow":["GET"]}}],"collection":[{"href":"https:\/\/123-teezeit.de\/index.php?rest_route=\/wp\/v2\/product"}],"about":[{"href":"https:\/\/123-teezeit.de\/index.php?rest_route=\/wp\/v2\/types\/product"}],"replies":[{"embeddable":true,"href":"https:\/\/123-teezeit.de\/index.php?rest_route=%2Fwp%2Fv2%2Fcomments&post=41083"}],"wp:featuredmedia":[{"embeddable":true,"href":"https:\/\/123-teezeit.de\/index.php?rest_route=\/wp\/v2\/media\/41084"}],"wp:attachment":[{"href":"https:\/\/123-teezeit.de\/index.php?rest_route=%2Fwp%2Fv2%2Fmedia&parent=41083"}],"wp:term":[{"taxonomy":"product_brand","embeddable":true,"href":"https:\/\/123-teezeit.de\/index.php?rest_route=%2Fwp%2Fv2%2Fproduct_brand&post=41083"},{"taxonomy":"product_cat","embeddable":true,"href":"https:\/\/123-teezeit.de\/index.php?rest_route=%2Fwp%2Fv2%2Fproduct_cat&post=41083"},{"taxonomy":"product_tag","embeddable":true,"href":"https:\/\/123-teezeit.de\/index.php?rest_route=%2Fwp%2Fv2%2Fproduct_tag&post=41083"}],"curies":[{"name":"wp","href":"https:\/\/api.w.org\/{rel}","templated":true}]}}