{"id":41109,"date":"2022-02-13T03:45:25","date_gmt":"2022-02-13T03:45:25","guid":{"rendered":"https:\/\/123-teezeit.de\/?product=fruechtetee-20-umweltfreundliche-teesticks-tea-sticks"},"modified":"2023-04-08T09:30:33","modified_gmt":"2023-04-08T09:30:33","slug":"fruechtetee-20-umweltfreundliche-teesticks-tea-sticks","status":"publish","type":"product","link":"https:\/\/123-teezeit.de\/?product=fruechtetee-20-umweltfreundliche-teesticks-tea-sticks","title":{"rendered":"Fr\u00fcchtetee | 20 umweltfreundliche Teesticks &#8211; Tea Sticks"},"content":{"rendered":"<p><!-- show up to 2 reviews by default --> <\/p>\n<h3> <span>Produktbeschreibungen<\/span> <\/h3>\n<p> <span>Da<\/span><span class=\"a-text-bold\"> TeaStir Fr\u00fcchte Mix<\/span><span> ausschlie\u00dflich aus getrockneten Fr\u00fcchten besteht, enth\u00e4lt er keinerlei Koffeein oder Teein und hat dementsprechend keine anregende Wirkung. Die verwendeten Fr\u00fcchte verf\u00fcgen jedoch \u00fcber eine Menge gesundheitsf\u00f6rdernder Inhaltsstoffe, die sich positiv auf das allgemeine Wohlbefinden auswirken. Alle im Fr\u00fcchte Mix enthaltenen Fr\u00fcchte sind zum Beispiel wahre Vitamin-C-Wunder \u2013 \u00c4pfel sind zudem daf\u00fcr bekannt, \u00fcber 29 weitere Vitamine und Spurenelemente zu verf\u00fcgen. Die meisten Vitamine wirken antioxidativ und helfen bei der Aufnahme verschiedener lebenswichtiger Spurenelemente, wodurch die k\u00f6rpereigene Entgiftung unterst\u00fctzt wird. Im Sommer dient er daher als gesundes, schmackhaftes Erfrischungsgetr\u00e4nk; im Winter w\u00e4rmt er und unterst\u00fctzt das Immunsystem. <\/span><\/p>\n<p><span> <\/span><\/p>\n<p><span class=\"a-text-bold a-text-italic\">So<\/span><span class=\"a-text-bold\"> einfach funktioniert Tea Stir &#8211; your easy tea:<\/span><\/p>\n<p><span>1. Nehmen Sie den Stick aus der Verpackung.<br \/>2. Stellen Sie den Tee-Stick in eine Tasse mit hei\u00dfem Wasser und r\u00fchren Sie so lange, bis die gew\u00fcnschte Intensit\u00e4t erreicht ist.<br \/>3. Genie\u00dfen Sie nun eine absolut leckere und frische Tasse Tee ohne die Verwendung eines L\u00f6ffels oder einer Teekanne.<\/span><\/p>\n<p><span> <\/span><\/p>\n<p><span class=\"a-text-bold\">Warum ist unser Tee umweltfreundlicher?<\/span><\/p>\n<p><span>Ganz einfach:<\/span><\/p>\n<p><span>Wir als TeaStir haben uns dazu entschlossen, <\/span><span class=\"a-text-bold\">kein Aluminium in unseren Produkten<\/span><span> zu verwenden. Unsere Teesticks bestehen aus umweltvertr\u00e4glicherem Papier. Leider ist der breiten \u00d6ffentlichkeit kaum bewusst, dass bei der Aluminiumproduktion viele hochgiftige und umweltbelastende Abfallprodukte wie z.B. Rotschlamm entstehen. Dieser enth\u00e4lt Blei und weitere Schwermetalle.<\/span><\/p>\n<p><span>Wir verzichten daher bewusst auf die Verwendung von Aluminium in unseren Teeprodukten \u2013 f\u00fcr eine sauberere Umwelt und damit auch f\u00fcr Sie, liebe Kundinnen und Kunden. <\/span><\/p>\n<p><span> <br \/>LOW ENERGY, SUGARS-FREE, FAT-FREE, CAFFEINE-FREE<br \/><\/span> <\/p>\n<h3> <span>Rechtliche Hinweise<\/span> <\/h3>\n<p> <span>Neu<\/span> <\/p>\n<p>Fr\u00fcchte Mix 20 Teesticks &#8211; Teasticks<br \/>\nTea Stir-Produkte sind zu 100 % nat\u00fcrlich und frei von k\u00fcnstlichen Farb- und Zusatzstoffen.<br \/>\nInhaltsstoffe: Hibiskusbl\u00fcte, getrocknete \u00c4pfel, Orangenschale, Grapefruit, Hagebutten, Vanillearoma<br \/>\n<div class=\"main-cross-sell\" data-asin=\"B01N9ZDPAV\">\n\n\t<div class=\"WooZone-cross-sell-loader\">\n\t\t<div>\n\t\t\t<div id=\"floatingBarsG\">\n\t\t\t\t<div class=\"blockG\" id=\"rotateG_01\"><\/div>\n\t\t\t\t<div class=\"blockG\" id=\"rotateG_02\"><\/div>\n\t\t\t\t<div class=\"blockG\" id=\"rotateG_03\"><\/div>\n\t\t\t\t<div class=\"blockG\" id=\"rotateG_04\"><\/div>\n\t\t\t\t<div class=\"blockG\" id=\"rotateG_05\"><\/div>\n\t\t\t\t<div class=\"blockG\" id=\"rotateG_06\"><\/div>\n\t\t\t\t<div class=\"blockG\" id=\"rotateG_07\"><\/div>\n\t\t\t\t<div class=\"blockG\" id=\"rotateG_08\"><\/div>\n\t\t\t<\/div>\n\t\t\t<div class=\"WooZone-cross-sell-loader-text\"><\/div>\n\t\t<\/div>\n\t<\/div>\n\n\t\t\n<\/div>\n<div style=\"clear:both;\"><\/div><\/p>\n","protected":false},"excerpt":{"rendered":"<p>Fr\u00fcchte Mix 20 Teesticks &#8211; Teasticks<br \/>\nTea Stir-Produkte sind zu 100 % nat\u00fcrlich und frei von k\u00fcnstlichen Farb- und Zusatzstoffen.<br \/>\nInhaltsstoffe: Hibiskusbl\u00fcte, getrocknete \u00c4pfel, Orangenschale, Grapefruit, Hagebutten, Vanillearoma<\/p>\n","protected":false},"featured_media":41110,"comment_status":"open","ping_status":"closed","template":"","meta":[],"product_brand":[],"product_cat":[29],"product_tag":[],"class_list":{"0":"post-41109","1":"product","2":"type-product","3":"status-publish","4":"has-post-thumbnail","6":"product_cat-fruechtetee","7":"pa_amazon-bestseller-rang-nr-27061-in-lebensmittel-getraenke-siehe-top-100-in-lebensmittel-getraenke-nr-304-in-fruechtetee","8":"pa_artikelgewicht-75-g","9":"pa_auslaufartikel-produktion-dur-nein","10":"pa_besonderheit-vegetarisch","11":"pa_durchschnittliche-kundenbewer-42-von-5-sternen-64-sternebewertungen-42-von-5-sternen","12":"pa_hersteller-tutam-cay","13":"pa_im-angebot-von-amazon-de-seit-3-februar-2017","14":"pa_marke-teastir","15":"pa_stueckzahl-35-gramm","16":"pa_ursprungsland-tuerkei","17":"pa_verpackungsabmessungen-17-1-x-10-3-x-6-9-cm","19":"first","20":"instock","21":"shipping-taxable","22":"purchasable","23":"product-type-simple"},"_links":{"self":[{"href":"https:\/\/123-teezeit.de\/index.php?rest_route=\/wp\/v2\/product\/41109","targetHints":{"allow":["GET"]}}],"collection":[{"href":"https:\/\/123-teezeit.de\/index.php?rest_route=\/wp\/v2\/product"}],"about":[{"href":"https:\/\/123-teezeit.de\/index.php?rest_route=\/wp\/v2\/types\/product"}],"replies":[{"embeddable":true,"href":"https:\/\/123-teezeit.de\/index.php?rest_route=%2Fwp%2Fv2%2Fcomments&post=41109"}],"wp:featuredmedia":[{"embeddable":true,"href":"https:\/\/123-teezeit.de\/index.php?rest_route=\/wp\/v2\/media\/41110"}],"wp:attachment":[{"href":"https:\/\/123-teezeit.de\/index.php?rest_route=%2Fwp%2Fv2%2Fmedia&parent=41109"}],"wp:term":[{"taxonomy":"product_brand","embeddable":true,"href":"https:\/\/123-teezeit.de\/index.php?rest_route=%2Fwp%2Fv2%2Fproduct_brand&post=41109"},{"taxonomy":"product_cat","embeddable":true,"href":"https:\/\/123-teezeit.de\/index.php?rest_route=%2Fwp%2Fv2%2Fproduct_cat&post=41109"},{"taxonomy":"product_tag","embeddable":true,"href":"https:\/\/123-teezeit.de\/index.php?rest_route=%2Fwp%2Fv2%2Fproduct_tag&post=41109"}],"curies":[{"name":"wp","href":"https:\/\/api.w.org\/{rel}","templated":true}]}}