{"id":41113,"date":"2022-02-13T03:45:28","date_gmt":"2022-02-13T03:45:28","guid":{"rendered":"https:\/\/123-teezeit.de\/?product=lebensbaum-fruechtetee-lose-leckermaeulchen-tee-100-g"},"modified":"2023-04-08T09:30:33","modified_gmt":"2023-04-08T09:30:33","slug":"lebensbaum-fruechtetee-lose-leckermaeulchen-tee-100-g","status":"publish","type":"product","link":"https:\/\/123-teezeit.de\/?product=lebensbaum-fruechtetee-lose-leckermaeulchen-tee-100-g","title":{"rendered":"Lebensbaum Leckerm\u00e4ulchen Tee, Bio Fr\u00fcchtetee-Mischung, Kinder-Tee, Beeren-Tee mit s\u00fc\u00df-fruchtigem Geschmack von\u2026"},"content":{"rendered":"<p><!-- show up to 2 reviews by default --> <\/p>\n<h3> <span>Produktbeschreibung<\/span> <\/h3>\n<p> <span>In Kombination mit s\u00fc\u00dfem Apfel entfachen Himbeere, Erdbeere und Brombeere in unserem orange-roten leckerm\u00e4ulchen-tee ein wahres Fruchtfeuerwerk mit mild beerigem Geschmack. F\u00fcr diese Mischung haben wir Fr\u00fcchte ausgew\u00e4hlt, Die Kinder auch gerne frisch Essen- Die Verwandlung eines bunten obsttellers in einen leckeren Tee. So lieblich und lecker, dass nach s\u00fc\u00dfen nicht notwendig ist.<\/span> <\/p>\n<h3> <span>Inhaltsstoffe \/ Zutaten<\/span> <\/h3>\n<p> <span>Zutaten: Apfel*, Hagebutte*, Orange*, S\u00fc\u00dfes Brombeerblatt*, Holunderbeere*, Himbeere* (3 %), Rote Bete*, Erdbeere* (1 %) *aus kontrolliert \u00f6kologischer Erzeugung<\/span> <\/p>\n<div data-a-expander-name=\"toggle_description\" class=\"a-row a-expander-container a-expander-extend-container\">\n<div class=\"a-expander-content a-expander-extend-content\">\n<h3> <span>Warnhinweise<\/span> <\/h3>\n<p> <span>nicht dem direkten Sonnenlicht aussetzen und nach dem \u00d6ffnen z\u00fcgig aufbrauchen<\/span> <\/p>\n<h3> <span>Anschrift Hersteller\/Importeur<\/span> <\/h3>\n<p> <span>Dr. J\u00fcrgen-Ulderup-Stra\u00dfe 12, D-49356 Diepholz<\/span> <\/p>\n<\/p><\/div>\n<p> <a data-csa-c-func-deps=\"aui-da-a-expander-toggle\" data-csa-c-type=\"widget\" data-csa-interaction-events=\"click\" role=\"button\" href=\"void(0)\" data-action=\"a-expander-toggle\" class=\"a-expander-header a-declarative a-expander-extend-header\" data-a-expander-toggle=\"{\"><i class=\"a-icon a-icon-extender-expand\"><\/i><span class=\"a-expander-prompt\">Mehr<\/span><\/a> <\/div>\n<p>Das Produkt ist f\u00fcr Veganer geeignet<br \/>\nVegetarisch<br \/>\n\u00d6ko-kontrollstelle: DE-\u00d6KO-001<br \/>\n<div class=\"main-cross-sell\" data-asin=\"B01273NAN6\">\n\n\t<div class=\"WooZone-cross-sell-loader\">\n\t\t<div>\n\t\t\t<div id=\"floatingBarsG\">\n\t\t\t\t<div class=\"blockG\" id=\"rotateG_01\"><\/div>\n\t\t\t\t<div class=\"blockG\" id=\"rotateG_02\"><\/div>\n\t\t\t\t<div class=\"blockG\" id=\"rotateG_03\"><\/div>\n\t\t\t\t<div class=\"blockG\" id=\"rotateG_04\"><\/div>\n\t\t\t\t<div class=\"blockG\" id=\"rotateG_05\"><\/div>\n\t\t\t\t<div class=\"blockG\" id=\"rotateG_06\"><\/div>\n\t\t\t\t<div class=\"blockG\" id=\"rotateG_07\"><\/div>\n\t\t\t\t<div class=\"blockG\" id=\"rotateG_08\"><\/div>\n\t\t\t<\/div>\n\t\t\t<div class=\"WooZone-cross-sell-loader-text\"><\/div>\n\t\t<\/div>\n\t<\/div>\n\n\t\t\n<\/div>\n<div style=\"clear:both;\"><\/div><\/p>\n","protected":false},"excerpt":{"rendered":"<p>Das Produkt ist f\u00fcr Veganer geeignet<br \/>\nVegetarisch<br \/>\n\u00d6ko-kontrollstelle: DE-\u00d6KO-001<\/p>\n","protected":false},"featured_media":41114,"comment_status":"open","ping_status":"closed","template":"","meta":[],"product_brand":[],"product_cat":[29],"product_tag":[],"class_list":{"0":"post-41113","1":"product","2":"type-product","3":"status-publish","4":"has-post-thumbnail","6":"product_cat-fruechtetee","7":"pa_amazon-bestseller-rang-nr-13484-in-lebensmittel-getraenke-siehe-top-100-in-lebensmittel-getraenke-nr-136-in-fruechtetee","8":"pa_artikelgewicht-100-g","9":"pa_aufbewahrung-bitte-trocken-lagern","10":"pa_besonderheit-vegetarisch","11":"pa_durchschnittliche-kundenbewer-44-von-5-sternen-62-sternebewertungen-44-von-5-sternen","12":"pa_format-pads","13":"pa_herkunftsland-deutschland","14":"pa_hersteller-ulrich-walter-gmbh","15":"pa_im-angebot-von-amazon-de-seit-13-mai-2016","16":"pa_kontakt-zum-hersteller-dr-juergen-ulderup-strasse-12-d-49356-diepholz","17":"pa_marke-lebensbaum","18":"pa_netto-gewicht-100-gramm","19":"pa_produktabmessungen-5-x-8-x-18-cm-100-gramm","20":"pa_produktbezeichnung-fruechteteemischung","21":"pa_stueckzahl-100-0-gramm","22":"pa_ursprungsland-germany","23":"pa_zertifizierung-bio-siegel-deutschland-eu-logo-fuer-oekologische-landwirtschaft","25":"first","26":"instock","27":"shipping-taxable","28":"purchasable","29":"product-type-simple"},"_links":{"self":[{"href":"https:\/\/123-teezeit.de\/index.php?rest_route=\/wp\/v2\/product\/41113","targetHints":{"allow":["GET"]}}],"collection":[{"href":"https:\/\/123-teezeit.de\/index.php?rest_route=\/wp\/v2\/product"}],"about":[{"href":"https:\/\/123-teezeit.de\/index.php?rest_route=\/wp\/v2\/types\/product"}],"replies":[{"embeddable":true,"href":"https:\/\/123-teezeit.de\/index.php?rest_route=%2Fwp%2Fv2%2Fcomments&post=41113"}],"wp:featuredmedia":[{"embeddable":true,"href":"https:\/\/123-teezeit.de\/index.php?rest_route=\/wp\/v2\/media\/41114"}],"wp:attachment":[{"href":"https:\/\/123-teezeit.de\/index.php?rest_route=%2Fwp%2Fv2%2Fmedia&parent=41113"}],"wp:term":[{"taxonomy":"product_brand","embeddable":true,"href":"https:\/\/123-teezeit.de\/index.php?rest_route=%2Fwp%2Fv2%2Fproduct_brand&post=41113"},{"taxonomy":"product_cat","embeddable":true,"href":"https:\/\/123-teezeit.de\/index.php?rest_route=%2Fwp%2Fv2%2Fproduct_cat&post=41113"},{"taxonomy":"product_tag","embeddable":true,"href":"https:\/\/123-teezeit.de\/index.php?rest_route=%2Fwp%2Fv2%2Fproduct_tag&post=41113"}],"curies":[{"name":"wp","href":"https:\/\/api.w.org\/{rel}","templated":true}]}}