{"id":41140,"date":"2022-02-13T03:45:56","date_gmt":"2022-02-13T03:45:56","guid":{"rendered":"https:\/\/123-teezeit.de\/?product=florapharm-knusperhaeuschen-fruechtetee-500-gramm"},"modified":"2023-04-08T09:30:33","modified_gmt":"2023-04-08T09:30:33","slug":"florapharm-knusperhaeuschen-fruechtetee-500-gramm","status":"publish","type":"product","link":"https:\/\/123-teezeit.de\/?product=florapharm-knusperhaeuschen-fruechtetee-500-gramm","title":{"rendered":"Florapharm Knusperh\u00e4uschen Fr\u00fcchtetee 500 Gramm"},"content":{"rendered":"<p><!-- show up to 2 reviews by default --> <\/p>\n<h3> <span>Produktbeschreibungen<\/span> <\/h3>\n<p> <span>Knusperh\u00e4uschen &#8211; aromatisierter Fr\u00fcchtetee mit dem Geschmack nach gebrannten Mandeln- magenmild; Zutaten: Apfelst\u00fccke, kandierte Ananasst\u00fccke (Ananas, Zucker), kandierte Papayast\u00fccke (Papaya, Zucker), Zimtstangen, Rote Beetest\u00fccke, gebrannte Mandeln, Popcorn (Mais, Zucker, Raps\u00f6l), Weinbeeren, Aroma, Erdnussst\u00fccke, Kokoschips (Kokosnuss, Kokosfett, Zucker) frisch verpackt in Blockbodenbeutel a 500 Gramm<\/span> <\/p>\n<h3> <span>Inhaltsstoffe \/ Zutaten<\/span> <\/h3>\n<p> <span>Apfelst\u00fccke, kandierte Ananasst\u00fccke (Ananas, Zucker), kandierte Papayast\u00fccke (Papaya, Zucker), Zimtstangen, Rote Beetest\u00fccke, gebrannte Mandeln, Popcorn (Mais, Zucker, Raps\u00f6l), Weinbeeren, Aroma, Erdnussst\u00fccke, Kokoschips (Kokosnuss, Kokosfett, Zucker)<\/span> <\/p>\n<div data-a-expander-name=\"toggle_description\" class=\"a-row a-expander-container a-expander-extend-container\">\n<div class=\"a-expander-content a-expander-extend-content\">\n<h3> <span>Anschrift Hersteller\/Importeur<\/span> <\/h3>\n<p> <span>Florapharm | Am Steinernen Kreuz 2 | 96110 Sche\u00dflitz<\/span> <\/p>\n<\/p><\/div>\n<p> <a data-csa-c-func-deps=\"aui-da-a-expander-toggle\" data-csa-c-type=\"widget\" data-csa-interaction-events=\"click\" role=\"button\" href=\"void(0)\" data-action=\"a-expander-toggle\" class=\"a-expander-header a-declarative a-expander-extend-header\" data-a-expander-toggle=\"{\"><i class=\"a-icon a-icon-extender-expand\"><\/i><span class=\"a-expander-prompt\">Mehr<\/span><\/a> <\/div>\n<p>Knusperh\u00e4uschen &#8211; aromatisierter Fr\u00fcchtetee mit dem Geschmack nach gebrannten Mandeln- magenmild frisch verpackt in Blockbodenbeutel a 500 Gramm<br \/>\n<div class=\"main-cross-sell\" data-asin=\"B008829AE4\">\n\n\t<div class=\"WooZone-cross-sell-loader\">\n\t\t<div>\n\t\t\t<div id=\"floatingBarsG\">\n\t\t\t\t<div class=\"blockG\" id=\"rotateG_01\"><\/div>\n\t\t\t\t<div class=\"blockG\" id=\"rotateG_02\"><\/div>\n\t\t\t\t<div class=\"blockG\" id=\"rotateG_03\"><\/div>\n\t\t\t\t<div class=\"blockG\" id=\"rotateG_04\"><\/div>\n\t\t\t\t<div class=\"blockG\" id=\"rotateG_05\"><\/div>\n\t\t\t\t<div class=\"blockG\" id=\"rotateG_06\"><\/div>\n\t\t\t\t<div class=\"blockG\" id=\"rotateG_07\"><\/div>\n\t\t\t\t<div class=\"blockG\" id=\"rotateG_08\"><\/div>\n\t\t\t<\/div>\n\t\t\t<div class=\"WooZone-cross-sell-loader-text\"><\/div>\n\t\t<\/div>\n\t<\/div>\n\n\t\t\n<\/div>\n<div style=\"clear:both;\"><\/div><\/p>\n","protected":false},"excerpt":{"rendered":"<p>Knusperh\u00e4uschen &#8211; aromatisierter Fr\u00fcchtetee mit dem Geschmack nach gebrannten Mandeln- magenmild frisch verpackt in Blockbodenbeutel a 500 Gramm<\/p>\n","protected":false},"featured_media":41141,"comment_status":"open","ping_status":"closed","template":"","meta":[],"product_brand":[],"product_cat":[29],"product_tag":[],"class_list":{"0":"post-41140","1":"product","2":"type-product","3":"status-publish","4":"has-post-thumbnail","6":"product_cat-fruechtetee","7":"pa_abtropfgewicht-500-gramm","8":"pa_allergie-informationen-enthaelt-mandeln","9":"pa_amazon-bestseller-rang-nr-24801-in-lebensmittel-getraenke-siehe-top-100-in-lebensmittel-getraenke-nr-287-in-fruechtetee","10":"pa_artikelgewicht-500-g","11":"pa_auslaufartikel-produktion-dur-nein","12":"pa_besonderheit-vegetarisch","13":"pa_durchschnittliche-kundenbewer-47-von-5-sternen-78-sternebewertungen-47-von-5-sternen","14":"pa_format-lose-blaetter","15":"pa_hersteller-florapharm","16":"pa_im-angebot-von-amazon-de-seit-1-juni-2012","17":"pa_koffeingehalt-koffeinfrei-volumenprozent","18":"pa_kontakt-zum-hersteller-florapharm-am-steinernen-kreuz-2-96110-schesslitz","19":"pa_marke-florapharm","20":"pa_netto-gewicht-500-gramm","21":"pa_produktabmessungen-29-5-x-10-5-x-6-5-cm-500-gramm","22":"pa_produktbezeichnung-beverages","23":"pa_stueckzahl-500-gramm","25":"first","26":"instock","27":"shipping-taxable","28":"purchasable","29":"product-type-simple"},"_links":{"self":[{"href":"https:\/\/123-teezeit.de\/index.php?rest_route=\/wp\/v2\/product\/41140","targetHints":{"allow":["GET"]}}],"collection":[{"href":"https:\/\/123-teezeit.de\/index.php?rest_route=\/wp\/v2\/product"}],"about":[{"href":"https:\/\/123-teezeit.de\/index.php?rest_route=\/wp\/v2\/types\/product"}],"replies":[{"embeddable":true,"href":"https:\/\/123-teezeit.de\/index.php?rest_route=%2Fwp%2Fv2%2Fcomments&post=41140"}],"wp:featuredmedia":[{"embeddable":true,"href":"https:\/\/123-teezeit.de\/index.php?rest_route=\/wp\/v2\/media\/41141"}],"wp:attachment":[{"href":"https:\/\/123-teezeit.de\/index.php?rest_route=%2Fwp%2Fv2%2Fmedia&parent=41140"}],"wp:term":[{"taxonomy":"product_brand","embeddable":true,"href":"https:\/\/123-teezeit.de\/index.php?rest_route=%2Fwp%2Fv2%2Fproduct_brand&post=41140"},{"taxonomy":"product_cat","embeddable":true,"href":"https:\/\/123-teezeit.de\/index.php?rest_route=%2Fwp%2Fv2%2Fproduct_cat&post=41140"},{"taxonomy":"product_tag","embeddable":true,"href":"https:\/\/123-teezeit.de\/index.php?rest_route=%2Fwp%2Fv2%2Fproduct_tag&post=41140"}],"curies":[{"name":"wp","href":"https:\/\/api.w.org\/{rel}","templated":true}]}}