{"id":41142,"date":"2022-02-13T03:45:57","date_gmt":"2022-02-13T03:45:57","guid":{"rendered":"https:\/\/123-teezeit.de\/?product=tea-diamonds-sommerbeeren-von-eilles-10x20er-box"},"modified":"2023-04-08T09:30:34","modified_gmt":"2023-04-08T09:30:34","slug":"tea-diamonds-sommerbeeren-von-eilles-10x20er-box","status":"publish","type":"product","link":"https:\/\/123-teezeit.de\/?product=tea-diamonds-sommerbeeren-von-eilles-10x20er-box","title":{"rendered":"Tea Diamonds SOMMERBEEREN von Eilles, 10x20er Box"},"content":{"rendered":"<p><!-- show up to 2 reviews by default --> <\/p>\n<h3> <span>Produktbeschreibungen<\/span> <\/h3>\n<p> <span>EILLES Tea Diamond Tee Sommerbeeren 10 Displays mit 20 \u00e1 4g<\/p>\n<p>EILLES z\u00e4hlt zu den begehrten Teemarken unter Teekennern, denn das Label steht f\u00fcr h\u00f6chsten Tee-Genuss. Mit der Serie Diamond hat der ehemals k\u00f6nigliche Hoflieferant von Ludwig II, eine Teekollektion aus den besten Teeg\u00e4rten der Welt im Angebot. Edel verpackt im Pyramidenbeutel, die das Aroma vom Tee noch f\u00f6rdern, da sich in der Pyramidenform, der lose Tee besser entfalten kann und so sein ganzes Aroma preis gibt.<\/p>\n<p>Mit EILLES Tea Diamond Sommerbeeren begeistern Sie Ihre G\u00e4ste mit leckerem Beerenaroma und bieten einen Fr\u00fcchtetee, der wunderbar nach Sommer schmeckt. Das Besondere an diesem Tee ist, dass man ihn auch eisgek\u00fchlt trinken kann, dann wird Diamonds Tee Sommerbeere zum leckeren Erfrischungsdrink. Ein ideales Getr\u00e4nk, das sich auch in einen sommerlichen Cocktail verwandeln l\u00e4sst. Hoteliers aufgepasst: EILLES Tea Diamond Sommerbeeren verf\u00fchrt Ihre G\u00e4ste garantiert und sollte deshalb nicht auf Ihrer Tee-Karte fehlen.<\/p>\n<p>Bestellen Sie jetzt die fruchtigen Sommerbeeren, um mit diesem leckeren Fr\u00fcchtetee, die B\u00fcro-Pause zu versch\u00f6nern, um G\u00e4ste zu \u00fcberraschen oder einfach als Geschenk, einen Teetrinker zu begeistern!<\/p>\n<p>Hersteller: J.J.Darboven GmbH &amp; Co. KG, Pinkertweg 13, 22113 Hamburg<br \/><\/span> <\/p>\n<h3> <span>Warnhinweise<\/span> <\/h3>\n<p> <span>Mindesthalbarkeit: 6 Monate<\/span> <\/p>\n<p>Komposition aus sommerlichen Apfelst\u00fccken, Hibiskusbl\u00fcten und feinem Beeren-Sahnearoma<br \/>\nliebliche Fr\u00fcchteteemischung mit der Geschmacksnote Himbeere-Erdbeere &#8211; das saftige Aroma frischer Erdbeeren in die Tasse<br \/>\nbehutsam und mit gro\u00dfer Sorgfalt getrocknet damit die geschmackstragenden Inhaltsstoffe der Fr\u00fcchte nicht verloren gehen<br \/>\nim praktischen Pyramidenbeutel &#8211; eindeutig mehr Aroma durch bessere Entfaltungsm\u00f6glichkeit; weniger tropfen als im herk\u00f6mmlichen Teebeutel<br \/>\n10 Displays \u00e1 20 Pyramidenbeutel mit je 4g Tee &#8211; Sommerbeeren<br \/>\n<div class=\"main-cross-sell\" data-asin=\"B0052PPG0W\">\n\n\t<div class=\"WooZone-cross-sell-loader\">\n\t\t<div>\n\t\t\t<div id=\"floatingBarsG\">\n\t\t\t\t<div class=\"blockG\" id=\"rotateG_01\"><\/div>\n\t\t\t\t<div class=\"blockG\" id=\"rotateG_02\"><\/div>\n\t\t\t\t<div class=\"blockG\" id=\"rotateG_03\"><\/div>\n\t\t\t\t<div class=\"blockG\" id=\"rotateG_04\"><\/div>\n\t\t\t\t<div class=\"blockG\" id=\"rotateG_05\"><\/div>\n\t\t\t\t<div class=\"blockG\" id=\"rotateG_06\"><\/div>\n\t\t\t\t<div class=\"blockG\" id=\"rotateG_07\"><\/div>\n\t\t\t\t<div class=\"blockG\" id=\"rotateG_08\"><\/div>\n\t\t\t<\/div>\n\t\t\t<div class=\"WooZone-cross-sell-loader-text\"><\/div>\n\t\t<\/div>\n\t<\/div>\n\n\t\t\n<\/div>\n<div style=\"clear:both;\"><\/div><\/p>\n","protected":false},"excerpt":{"rendered":"<p>Komposition aus sommerlichen Apfelst\u00fccken, Hibiskusbl\u00fcten und feinem Beeren-Sahnearoma<br \/>\nliebliche Fr\u00fcchteteemischung mit der Geschmacksnote Himbeere-Erdbeere &#8211; das saftige Aroma frischer Erdbeeren in die Tasse<br \/>\nbehutsam und mit gro\u00dfer Sorgfalt getrocknet damit die geschmackstragenden Inhaltsstoffe der Fr\u00fcchte nicht verloren gehen<\/p>\n","protected":false},"featured_media":41143,"comment_status":"open","ping_status":"closed","template":"","meta":[],"product_brand":[],"product_cat":[29],"product_tag":[],"class_list":{"0":"post-41142","1":"product","2":"type-product","3":"status-publish","4":"has-post-thumbnail","6":"product_cat-fruechtetee","7":"pa_amazon-bestseller-rang-nr-7887-in-lebensmittel-getraenke-siehe-top-100-in-lebensmittel-getraenke-nr-66-in-fruechtetee","8":"pa_besonderheit-vegetarisch","9":"pa_durchschnittliche-kundenbewer-47-von-5-sternen-73-sternebewertungen-47-von-5-sternen","10":"pa_format-beutel","11":"pa_herkunftsland-deutschland","12":"pa_hersteller-eilles","13":"pa_im-angebot-von-amazon-de-seit-7-august-2012","14":"pa_marke-eilles","15":"pa_netto-gewicht-0-8-kilogramm","16":"pa_stueckzahl-200-stueck","18":"first","19":"instock","20":"shipping-taxable","21":"purchasable","22":"product-type-simple"},"_links":{"self":[{"href":"https:\/\/123-teezeit.de\/index.php?rest_route=\/wp\/v2\/product\/41142","targetHints":{"allow":["GET"]}}],"collection":[{"href":"https:\/\/123-teezeit.de\/index.php?rest_route=\/wp\/v2\/product"}],"about":[{"href":"https:\/\/123-teezeit.de\/index.php?rest_route=\/wp\/v2\/types\/product"}],"replies":[{"embeddable":true,"href":"https:\/\/123-teezeit.de\/index.php?rest_route=%2Fwp%2Fv2%2Fcomments&post=41142"}],"wp:featuredmedia":[{"embeddable":true,"href":"https:\/\/123-teezeit.de\/index.php?rest_route=\/wp\/v2\/media\/41143"}],"wp:attachment":[{"href":"https:\/\/123-teezeit.de\/index.php?rest_route=%2Fwp%2Fv2%2Fmedia&parent=41142"}],"wp:term":[{"taxonomy":"product_brand","embeddable":true,"href":"https:\/\/123-teezeit.de\/index.php?rest_route=%2Fwp%2Fv2%2Fproduct_brand&post=41142"},{"taxonomy":"product_cat","embeddable":true,"href":"https:\/\/123-teezeit.de\/index.php?rest_route=%2Fwp%2Fv2%2Fproduct_cat&post=41142"},{"taxonomy":"product_tag","embeddable":true,"href":"https:\/\/123-teezeit.de\/index.php?rest_route=%2Fwp%2Fv2%2Fproduct_tag&post=41142"}],"curies":[{"name":"wp","href":"https:\/\/api.w.org\/{rel}","templated":true}]}}