{"id":41159,"date":"2022-02-13T03:46:11","date_gmt":"2022-02-13T03:46:11","guid":{"rendered":"https:\/\/123-teezeit.de\/?product=lebensbaum-fruechtetee-lose-fruechtetee-100-g"},"modified":"2026-01-28T00:01:36","modified_gmt":"2026-01-28T00:01:36","slug":"lebensbaum-fruechtetee-lose-fruechtetee-100-g","status":"publish","type":"product","link":"https:\/\/123-teezeit.de\/?product=lebensbaum-fruechtetee-lose-fruechtetee-100-g","title":{"rendered":"Lebensbaum Fr\u00fcchte-Tee, Bio Fr\u00fcchtetee-Mischung, Frucht-Mix mit Geschmack von Apfel, Hibiskus, Rote Beete und Orangen\u2026"},"content":{"rendered":"<p><a href=\"https:\/\/robohand.net\/models\/kaiyarosexxx\" target=\"_blank\">selfie Kaiya Rose<\/a><!-- show up to 2 reviews by default --> <\/p>\n<h3> <span>Produktbeschreibung<\/span> <\/h3>\n<p> <span>Apfel und Hibiskus bilden die fruchtige Basis unseres Fr\u00fcchtetees, auf der sich Orangen- und Zitronennoten entfalten. Er schmeckt wunderbar fruchtig und leuchtet in der Tasse auffallend intensiv rot. Mit dieser gut ausbalancierten frisch fruchtigen Mischung empfiehlt sich unser Fr\u00fcchtetee f\u00fcr Jung und Alt. Genie\u00dfen Sie ihn von morgens bis abends, zu Hause oder unterwegs, zum erfrischen oder Aufw\u00e4rmen. Dieser Tee passt immer- f\u00fcr alle.<\/span> <\/p>\n<h3> <span>Inhaltsstoffe \/ Zutaten<\/span> <\/h3>\n<p> <span>Zutaten: Apfel*, Hibiskus*, Orangenschale*, Zitronenschale*, Rote Bete* *=alle landwirtschaftlichen Zutaten aus \u00f6kologischem Landbau<\/span> <\/p>\n<div data-a-expander-name=\"toggle_description\" class=\"a-row a-expander-container a-expander-extend-container\">\n<div class=\"a-expander-content a-expander-extend-content\">\n<h3> <span>Warnhinweise<\/span> <\/h3>\n<p> <span>nicht dem direkten Sonnenlicht aussetzen und nach dem \u00d6ffnen z\u00fcgig aufbrauchen<\/span> <\/p>\n<h3> <span>Anschrift Hersteller\/Importeur<\/span> <\/h3>\n<p> <span>Dr. J\u00fcrgen Ulderup Str. 12 49356 Diepholz<\/span> <\/p>\n<\/p><\/div>\n<p> <a data-csa-c-func-deps=\"aui-da-a-expander-toggle\" data-csa-c-type=\"widget\" data-csa-interaction-events=\"click\" role=\"button\" href=\"void(0)\" data-action=\"a-expander-toggle\" class=\"a-expander-header a-declarative a-expander-extend-header\" data-a-expander-toggle=\"{\"><i class=\"a-icon a-icon-extender-expand\"><\/i><span class=\"a-expander-prompt\">Mehr<\/span><\/a> <\/div>\n<p>Das Produkt ist f\u00fcr Veganer geeignet<br \/>\nVegetarisch<br \/>\n\u00d6ko-kontrollstelle: DE-\u00d6KO-001<br \/>\n<div class=\"main-cross-sell\" data-asin=\"B004GRXKOG\">\n\n\t<div class=\"WooZone-cross-sell-loader\">\n\t\t<div>\n\t\t\t<div id=\"floatingBarsG\">\n\t\t\t\t<div class=\"blockG\" id=\"rotateG_01\"><\/div>\n\t\t\t\t<div class=\"blockG\" id=\"rotateG_02\"><\/div>\n\t\t\t\t<div class=\"blockG\" id=\"rotateG_03\"><\/div>\n\t\t\t\t<div class=\"blockG\" id=\"rotateG_04\"><\/div>\n\t\t\t\t<div class=\"blockG\" id=\"rotateG_05\"><\/div>\n\t\t\t\t<div class=\"blockG\" id=\"rotateG_06\"><\/div>\n\t\t\t\t<div class=\"blockG\" id=\"rotateG_07\"><\/div>\n\t\t\t\t<div class=\"blockG\" id=\"rotateG_08\"><\/div>\n\t\t\t<\/div>\n\t\t\t<div class=\"WooZone-cross-sell-loader-text\"><\/div>\n\t\t<\/div>\n\t<\/div>\n\n\t\t\n<\/div>\n<div style=\"clear:both;\"><\/div><\/p>\n","protected":false},"excerpt":{"rendered":"<p>Das Produkt ist f\u00fcr Veganer geeignet<br \/>\nVegetarisch<br \/>\n\u00d6ko-kontrollstelle: DE-\u00d6KO-001<\/p>\n","protected":false},"featured_media":41160,"comment_status":"open","ping_status":"closed","template":"","meta":[],"product_brand":[],"product_cat":[29],"product_tag":[],"class_list":{"0":"post-41159","1":"product","2":"type-product","3":"status-publish","4":"has-post-thumbnail","6":"product_cat-fruechtetee","7":"pa_amazon-bestseller-rang-nr-16354-in-lebensmittel-getraenke-siehe-top-100-in-lebensmittel-getraenke-nr-168-in-fruechtetee","8":"pa_artikelgewicht-100-g","9":"pa_aufbewahrung-nicht-dem-direkten-sonnenlicht-aussetzen-und-nach-dem-oeffnen-zuegig-aufbrauchen","10":"pa_auslaufartikel-produktion-dur-nein","11":"pa_besonderheit-vegetarisch","12":"pa_durchschnittliche-kundenbewer-40-von-5-sternen-33-sternebewertungen-40-von-5-sternen","13":"pa_format-pads","14":"pa_herkunftsland-deutschland","15":"pa_hersteller-ulrich-walter-gmbh","16":"pa_im-angebot-von-amazon-de-seit-24-august-2012","17":"pa_kontakt-zum-hersteller-dr-juergen-ulderup-str-12-49356-diepholz","18":"pa_landeskueche-china","19":"pa_marke-lebensbaum","20":"pa_netto-gewicht-100-gramm","21":"pa_produktabmessungen-5-x-8-x-18-cm-100-gramm","22":"pa_produktbezeichnung-bio-fruechtetee","23":"pa_stueckzahl-100-0-gramm","24":"pa_ursprungsland-germany","25":"pa_zertifizierung-bio-siegel-deutschland-eu-logo-fuer-oekologische-landwirtschaft","27":"first","28":"instock","29":"shipping-taxable","30":"purchasable","31":"product-type-simple"},"_links":{"self":[{"href":"https:\/\/123-teezeit.de\/index.php?rest_route=\/wp\/v2\/product\/41159","targetHints":{"allow":["GET"]}}],"collection":[{"href":"https:\/\/123-teezeit.de\/index.php?rest_route=\/wp\/v2\/product"}],"about":[{"href":"https:\/\/123-teezeit.de\/index.php?rest_route=\/wp\/v2\/types\/product"}],"replies":[{"embeddable":true,"href":"https:\/\/123-teezeit.de\/index.php?rest_route=%2Fwp%2Fv2%2Fcomments&post=41159"}],"wp:featuredmedia":[{"embeddable":true,"href":"https:\/\/123-teezeit.de\/index.php?rest_route=\/wp\/v2\/media\/41160"}],"wp:attachment":[{"href":"https:\/\/123-teezeit.de\/index.php?rest_route=%2Fwp%2Fv2%2Fmedia&parent=41159"}],"wp:term":[{"taxonomy":"product_brand","embeddable":true,"href":"https:\/\/123-teezeit.de\/index.php?rest_route=%2Fwp%2Fv2%2Fproduct_brand&post=41159"},{"taxonomy":"product_cat","embeddable":true,"href":"https:\/\/123-teezeit.de\/index.php?rest_route=%2Fwp%2Fv2%2Fproduct_cat&post=41159"},{"taxonomy":"product_tag","embeddable":true,"href":"https:\/\/123-teezeit.de\/index.php?rest_route=%2Fwp%2Fv2%2Fproduct_tag&post=41159"}],"curies":[{"name":"wp","href":"https:\/\/api.w.org\/{rel}","templated":true}]}}