{"id":41187,"date":"2022-02-13T03:46:25","date_gmt":"2022-02-13T03:46:25","guid":{"rendered":"https:\/\/123-teezeit.de\/?product=tropenhimmel-1kg-fruechtetee-in-originalverpackung"},"modified":"2023-04-08T09:30:34","modified_gmt":"2023-04-08T09:30:34","slug":"tropenhimmel-1kg-fruechtetee-in-originalverpackung","status":"publish","type":"product","link":"https:\/\/123-teezeit.de\/?product=tropenhimmel-1kg-fruechtetee-in-originalverpackung","title":{"rendered":"Tropenhimmel (1kg Fr\u00fcchtetee in Originalverpackung)"},"content":{"rendered":"<p><!-- show up to 2 reviews by default --> <\/p>\n<h3> <span>Produktbeschreibungen<\/span> <\/h3>\n<p> <span>Mandarine und Mango bestimmen den Geschmack dieser nat\u00fcrlich aromatisierten Fr\u00fcchtemischung. Zutaten: kandierte Ananasst\u00fccke (Ananas, Zucker), Apfelst\u00fccke (Apfel, S\u00e4uerungsmittel: Zitronens\u00e4ure), kandierte Papayast\u00fccke (Papaya, Zucker), kandierte Mangost\u00fccke (Mango, Zucker) (7%), nat\u00fcrliches Aroma, Mandarinenscheiben (4%), Physalis, Saflorbl\u00fcten, Rosenbl\u00fctenbl\u00e4tter, Sonnenblumenbl\u00fcten Zubereitungs-Empfehlung: Menge: 20-25 g\/l Wassertemperatur: 100 Grad C. Ziehzeit: 8-10 Minuten www.teefarben.de<\/span> <\/p>\n<h3> <span>Inhaltsstoffe \/ Zutaten<\/span> <\/h3>\n<p> <span>kandierte Ananasst\u00fccke (Ananas, Zucker), Apfelst\u00fccke (Apfel, S\u00e4uerungsmittel: Zitronens\u00e4ure), kandierte Papayast\u00fccke (Papaya, Zucker), kandierte Mangost\u00fccke (Mango, Zucker) (7%), nat\u00fcrliches Aroma, Mandarinenscheiben (4%), Physalis, Saflorbl\u00fcten, Rosenbl\u00fctenbl\u00e4tter, Sonnenblumenbl\u00fcten<\/span> <\/p>\n<p>Nat\u00fcrlich aromatisierte Fr\u00fcchtemischung<br \/>\nMandarine-Mango-Geschmack<br \/>\nEin echter Klassiker<br \/>\n<div class=\"main-cross-sell\" data-asin=\"B08ZSGBS6M\">\n\n\t<div class=\"WooZone-cross-sell-loader\">\n\t\t<div>\n\t\t\t<div id=\"floatingBarsG\">\n\t\t\t\t<div class=\"blockG\" id=\"rotateG_01\"><\/div>\n\t\t\t\t<div class=\"blockG\" id=\"rotateG_02\"><\/div>\n\t\t\t\t<div class=\"blockG\" id=\"rotateG_03\"><\/div>\n\t\t\t\t<div class=\"blockG\" id=\"rotateG_04\"><\/div>\n\t\t\t\t<div class=\"blockG\" id=\"rotateG_05\"><\/div>\n\t\t\t\t<div class=\"blockG\" id=\"rotateG_06\"><\/div>\n\t\t\t\t<div class=\"blockG\" id=\"rotateG_07\"><\/div>\n\t\t\t\t<div class=\"blockG\" id=\"rotateG_08\"><\/div>\n\t\t\t<\/div>\n\t\t\t<div class=\"WooZone-cross-sell-loader-text\"><\/div>\n\t\t<\/div>\n\t<\/div>\n\n\t\t\n<\/div>\n<div style=\"clear:both;\"><\/div><\/p>\n","protected":false},"excerpt":{"rendered":"<p>Nat\u00fcrlich aromatisierte Fr\u00fcchtemischung<br \/>\nMandarine-Mango-Geschmack<br \/>\nEin echter Klassiker<\/p>\n","protected":false},"featured_media":41188,"comment_status":"open","ping_status":"closed","template":"","meta":[],"product_brand":[],"product_cat":[29],"product_tag":[],"class_list":{"0":"post-41187","1":"product","2":"type-product","3":"status-publish","4":"has-post-thumbnail","6":"product_cat-fruechtetee","7":"pa_amazon-bestseller-rang-nr-56199-in-lebensmittel-getraenke-siehe-top-100-in-lebensmittel-getraenke-nr-702-in-fruechtetee","8":"pa_artikelgewicht-1-kg","9":"pa_hersteller-florapharm","10":"pa_im-angebot-von-amazon-de-seit-23-maerz-2021","11":"pa_koffeingehalt-decaffeinated","12":"pa_marke-florapharm","13":"pa_stueckzahl-1000-0-gramm","14":"pa_verpackungsabmessungen-26-x-17-4-x-12-9-cm-1-kilogramm","16":"first","17":"instock","18":"shipping-taxable","19":"purchasable","20":"product-type-simple"},"_links":{"self":[{"href":"https:\/\/123-teezeit.de\/index.php?rest_route=\/wp\/v2\/product\/41187","targetHints":{"allow":["GET"]}}],"collection":[{"href":"https:\/\/123-teezeit.de\/index.php?rest_route=\/wp\/v2\/product"}],"about":[{"href":"https:\/\/123-teezeit.de\/index.php?rest_route=\/wp\/v2\/types\/product"}],"replies":[{"embeddable":true,"href":"https:\/\/123-teezeit.de\/index.php?rest_route=%2Fwp%2Fv2%2Fcomments&post=41187"}],"wp:featuredmedia":[{"embeddable":true,"href":"https:\/\/123-teezeit.de\/index.php?rest_route=\/wp\/v2\/media\/41188"}],"wp:attachment":[{"href":"https:\/\/123-teezeit.de\/index.php?rest_route=%2Fwp%2Fv2%2Fmedia&parent=41187"}],"wp:term":[{"taxonomy":"product_brand","embeddable":true,"href":"https:\/\/123-teezeit.de\/index.php?rest_route=%2Fwp%2Fv2%2Fproduct_brand&post=41187"},{"taxonomy":"product_cat","embeddable":true,"href":"https:\/\/123-teezeit.de\/index.php?rest_route=%2Fwp%2Fv2%2Fproduct_cat&post=41187"},{"taxonomy":"product_tag","embeddable":true,"href":"https:\/\/123-teezeit.de\/index.php?rest_route=%2Fwp%2Fv2%2Fproduct_tag&post=41187"}],"curies":[{"name":"wp","href":"https:\/\/api.w.org\/{rel}","templated":true}]}}