{"id":41195,"date":"2022-02-13T03:52:20","date_gmt":"2022-02-13T03:52:20","guid":{"rendered":"https:\/\/123-teezeit.de\/?product=fruechteteemischung-bora-bora-erdbeer-mango-note-aromatisiert-1kg"},"modified":"2026-02-23T00:03:36","modified_gmt":"2026-02-23T00:03:36","slug":"fruechteteemischung-bora-bora-erdbeer-mango-note-aromatisiert-1kg","status":"publish","type":"product","link":"https:\/\/123-teezeit.de\/?product=fruechteteemischung-bora-bora-erdbeer-mango-note-aromatisiert-1kg","title":{"rendered":"Fr\u00fcchteteemischung Bora Bora Erdbeer-Mango-Note aromatisiert &#8211; 1KG"},"content":{"rendered":"<p><!-- show up to 2 reviews by default -->   <a href=\"https:\/\/justicia4migrantworkers.org\/\" target=\"_blank\">nico970 addison rae nudes<\/a><\/p>\n<h3> <span>Produktbeschreibungen<\/span> <\/h3>\n<p> <span>Fr\u00fcchteteemischung Bora Bora Erdbeer-Mango-Note aromatisiert 10-12 Minuten Ziehzeit 100\u00b0 C Wassertemperatur 4-5 geh\u00e4ufte Teel\u00f6ffel\/1 Liter Als &#8222;Perle Polynesiens&#8220;, wie die gleichnamige Vulkaninsel genannt wird, m\u00f6chte diese Kreation stolz ohne eine Standard-Basismischung auskommen. Viele erlesene Fr\u00fcchte heimischen und exotischen Ursprungs haben wir mit leuchtender Bl\u00fctenpracht in Blau und Gelb angereichert und schlussendlich mit den feinsten Aromen s\u00fcdl\u00e4ndischer Fr\u00fcchte veredelt. Hier verstehen sich S\u00fc\u00df und Herb einfach gl\u00e4nzend! Rotfrucht und Gelbfrucht erg\u00e4nzen sich pr\u00e4chtig! Ein absoluter Renner in unserer sehr vielf\u00e4ltigen Produktpalette. Zutaten: Hibiskusbl\u00fcten, Apfelst\u00fccke, Papayaw\u00fcrfel (Papaya, Zucker), Korinthen, Fliederbeeren, schwarze Johannisbeeren, Aroma, gefr.-getr. Himbeerst\u00fccke, gefr.-getr. Erdbeerst\u00fccke, Sonnenblumenbl\u00fcten, blaue Kornblumenbl\u00fcten. Wichtiger Hinweis: Immer mit sprudelnd kochendem Wasser aufgie\u00dfen und mindestens 5-10 Minuten ziehen lassen! Nur so erhalten Sie ein sicheres Lebensmittel!<\/span> <\/p>\n<h3> <span>Inhaltsstoffe \/ Zutaten<\/span> <\/h3>\n<p> <span>Hibiskusbl\u00fcten, Apfelst\u00fccke, Papayaw\u00fcrfel, Korinthen, Fliederbeeren, schwarze Johannisbeeren, Aroma, gefriergetrocknete Himbeer &#8211; und Erdbeerst\u00fccke, Sonnenblumenbl\u00fcten, Kornblumenbl\u00fcten<\/span> <\/p>\n<div data-a-expander-name=\"toggle_description\" class=\"a-row a-expander-container a-expander-extend-container\">\n<div class=\"a-expander-content a-expander-extend-content\">\n<h3> <span>Gebrauchsanweisung<\/span> <\/h3>\n<p> <span>Wichtig: Immer mit sprudelnd kochendem Wasser aufgie\u00dfen, mindestens 5-10 Minuten ziehen lassen! Nur so erhalten Sie ein sicheres Lebensmittel!<\/span> <\/p>\n<h3> <span>Anschrift Hersteller\/Importeur<\/span> <\/h3>\n<p> <span>Dethlefsen und Balk Import &#8211; Export GmbH | Hermann-W\u00fcsthof-Ring 16 | 21035 Hamburg<\/span> <\/p>\n<\/p><\/div>\n<p> <a data-csa-c-func-deps=\"aui-da-a-expander-toggle\" data-csa-c-type=\"widget\" data-csa-interaction-events=\"click\" role=\"button\" href=\"void(0)\" data-action=\"a-expander-toggle\" class=\"a-expander-header a-declarative a-expander-extend-header\" data-a-expander-toggle=\"{\"><i class=\"a-icon a-icon-extender-expand\"><\/i><span class=\"a-expander-prompt\">Mehr<\/span><\/a> <\/div>\n<p>Als &#8222;Perle Polynesiens&#8220;, wie die gleichnamige Vulkaninsel genannt wird, m\u00f6chte diese Kreation stolz ohne eine Standard-Basismischung auskommen. Viele erlesene Fr\u00fcchte heimischen und exotischen Ursprungs haben wir mit leuchtender Bl\u00fctenpracht in Blau und Gelb angereichert und schlussendlich mit den feinsten Aromen s\u00fcdl\u00e4ndischer Fr\u00fcchte veredelt.<br \/>\nZutaten: Hibiskusbl\u00fcten, Apfelst\u00fccke, Papayaw\u00fcrfel (Papaya, Zucker), Korinthen, Fliederbeeren, schwarze Johannisbeeren, Aroma, gefr.-getr. Himbeerst\u00fccke, gefr.-getr. Erdbeerst\u00fccke, Sonnenblumenbl\u00fcten, blaue Kornblumenbl\u00fcten.<br \/>\n10-12 Minuten Ziehzeit 100\u00b0 C Wassertemperatur 4-5 geh\u00e4ufte Teel\u00f6ffel\/1 Liter<br \/>\n<div class=\"main-cross-sell\" data-asin=\"B00Z3OCPLA\">\n\n\t<div class=\"WooZone-cross-sell-loader\">\n\t\t<div>\n\t\t\t<div id=\"floatingBarsG\">\n\t\t\t\t<div class=\"blockG\" id=\"rotateG_01\"><\/div>\n\t\t\t\t<div class=\"blockG\" id=\"rotateG_02\"><\/div>\n\t\t\t\t<div class=\"blockG\" id=\"rotateG_03\"><\/div>\n\t\t\t\t<div class=\"blockG\" id=\"rotateG_04\"><\/div>\n\t\t\t\t<div class=\"blockG\" id=\"rotateG_05\"><\/div>\n\t\t\t\t<div class=\"blockG\" id=\"rotateG_06\"><\/div>\n\t\t\t\t<div class=\"blockG\" id=\"rotateG_07\"><\/div>\n\t\t\t\t<div class=\"blockG\" id=\"rotateG_08\"><\/div>\n\t\t\t<\/div>\n\t\t\t<div class=\"WooZone-cross-sell-loader-text\"><\/div>\n\t\t<\/div>\n\t<\/div>\n\n\t\t\n<\/div>\n<div style=\"clear:both;\"><\/div><\/p>\n","protected":false},"excerpt":{"rendered":"<p>Als &#8222;Perle Polynesiens&#8220;, wie die gleichnamige Vulkaninsel genannt wird, m\u00f6chte diese Kreation stolz ohne eine Standard-Basismischung auskommen. Viele erlesene Fr\u00fcchte heimischen und exotischen Ursprungs haben wir mit leuchtender Bl\u00fctenpracht in Blau und Gelb angereichert und schlussendlich mit den feinsten Aromen s\u00fcdl\u00e4ndischer Fr\u00fcchte veredelt.<br \/>\nZutaten: Hibiskusbl\u00fcten, Apfelst\u00fccke, Papayaw\u00fcrfel (Papaya, Zucker), Korinthen, Fliederbeeren, schwarze Johannisbeeren, Aroma, gefr.-getr. Himbeerst\u00fccke, gefr.-getr. Erdbeerst\u00fccke, Sonnenblumenbl\u00fcten, blaue Kornblumenbl\u00fcten.<br \/>\n10-12 Minuten Ziehzeit 100\u00b0 C Wassertemperatur 4-5 geh\u00e4ufte Teel\u00f6ffel\/1 Liter<\/p>\n","protected":false},"featured_media":41196,"comment_status":"open","ping_status":"closed","template":"","meta":[],"product_brand":[],"product_cat":[29],"product_tag":[],"class_list":{"0":"post-41195","1":"product","2":"type-product","3":"status-publish","4":"has-post-thumbnail","6":"product_cat-fruechtetee","7":"pa_abtropfgewicht-1-kilogramm","8":"pa_amazon-bestseller-rang-nr-29203-in-lebensmittel-getraenke-siehe-top-100-in-lebensmittel-getraenke-nr-334-in-fruechtetee","9":"pa_artikelgewicht-1-kg","10":"pa_auslaufartikel-produktion-dur-nein","11":"pa_durchschnittliche-kundenbewer-49-von-5-sternen-17-sternebewertungen-49-von-5-sternen","12":"pa_format-lose-blaetter","13":"pa_hersteller-dethlefsen-balk","14":"pa_im-angebot-von-amazon-de-seit-7-juni-2015","15":"pa_koffeingehalt-koffeinfrei","16":"pa_kontakt-zum-hersteller-dethlefsen-und-balk-import-export-gmbh-hermann-wuesthof-ring-16-21035-hamburg","17":"pa_marke-dplusb","18":"pa_netto-gewicht-1-kilogramm","19":"pa_stueckzahl-1-0-kilograms","20":"pa_ursprungsland-deutschland","22":"first","23":"instock","24":"shipping-taxable","25":"purchasable","26":"product-type-simple"},"_links":{"self":[{"href":"https:\/\/123-teezeit.de\/index.php?rest_route=\/wp\/v2\/product\/41195","targetHints":{"allow":["GET"]}}],"collection":[{"href":"https:\/\/123-teezeit.de\/index.php?rest_route=\/wp\/v2\/product"}],"about":[{"href":"https:\/\/123-teezeit.de\/index.php?rest_route=\/wp\/v2\/types\/product"}],"replies":[{"embeddable":true,"href":"https:\/\/123-teezeit.de\/index.php?rest_route=%2Fwp%2Fv2%2Fcomments&post=41195"}],"wp:featuredmedia":[{"embeddable":true,"href":"https:\/\/123-teezeit.de\/index.php?rest_route=\/wp\/v2\/media\/41196"}],"wp:attachment":[{"href":"https:\/\/123-teezeit.de\/index.php?rest_route=%2Fwp%2Fv2%2Fmedia&parent=41195"}],"wp:term":[{"taxonomy":"product_brand","embeddable":true,"href":"https:\/\/123-teezeit.de\/index.php?rest_route=%2Fwp%2Fv2%2Fproduct_brand&post=41195"},{"taxonomy":"product_cat","embeddable":true,"href":"https:\/\/123-teezeit.de\/index.php?rest_route=%2Fwp%2Fv2%2Fproduct_cat&post=41195"},{"taxonomy":"product_tag","embeddable":true,"href":"https:\/\/123-teezeit.de\/index.php?rest_route=%2Fwp%2Fv2%2Fproduct_tag&post=41195"}],"curies":[{"name":"wp","href":"https:\/\/api.w.org\/{rel}","templated":true}]}}