{"id":41205,"date":"2022-02-13T03:52:28","date_gmt":"2022-02-13T03:52:28","guid":{"rendered":"https:\/\/123-teezeit.de\/?product=keo-teachmap-kuvert-waldbeere-5er-pack"},"modified":"2023-04-08T09:30:35","modified_gmt":"2023-04-08T09:30:35","slug":"keo-teachmap-kuvert-waldbeere-5er-pack","status":"publish","type":"product","link":"https:\/\/123-teezeit.de\/?product=keo-teachmap-kuvert-waldbeere-5er-pack","title":{"rendered":"Keo Teachmap Kuvert Waldbeere \/ 5er Pack"},"content":{"rendered":"<p><!-- show up to 2 reviews by default --> <\/p>\n<h3> <span>Produktbeschreibungen<\/span> <\/h3>\n<p> <span>Wichtiger Hinweis! Immer mit sprudelnd kochendem Wasser aufgie\u00dfen und mindestens 5 bis 10 Minuten ziehen lassen! Nur so erhalten Sie ein sicheres Lebensmittel.<\/span> <\/p>\n<h3> <span>Inhaltsstoffe \/ Zutaten<\/span> <\/h3>\n<p> <span>Hibiskus, Apfelbestandteile, Brombeerbl\u00e4tter ,schwarzes Johannisbeeraroma, Erdbeeraroma, Sahnearoma, Citronens\u00e4ure, Erdbeerfasern, Hagebuttenschalen, schwarze Johannisbeerfasern, Brombeerfasern, Brombeer-Erdbeeraroma<\/span> <\/p>\n<p>Waldbeere, aromatisierter Fr\u00fcchtee Rote-Fr\u00fcchte-Mix<br \/>\nDieser Keo hat die saftigsten Fr\u00fcchte vom Waldspaziergang mitgebracht: K\u00f6stliche Brombeer-, Johannisbeer- und Erdbeer-Aromen spendieren geschmackvolle Intensit\u00e4t und ein tiefes Dunkelrot an alle gro\u00dfen und kleinen Beerenfreunde.<br \/>\nExtra f\u00fcr die gro\u00dfe Portion von 300-350ml.<br \/>\nLieferumfang: 5&#215;15 Teachamp-Aromakuvert (\u00e1 4,0g)<br \/>\n<div class=\"main-cross-sell\" data-asin=\"B08WR5Y5PZ\">\n\n\t<div class=\"WooZone-cross-sell-loader\">\n\t\t<div>\n\t\t\t<div id=\"floatingBarsG\">\n\t\t\t\t<div class=\"blockG\" id=\"rotateG_01\"><\/div>\n\t\t\t\t<div class=\"blockG\" id=\"rotateG_02\"><\/div>\n\t\t\t\t<div class=\"blockG\" id=\"rotateG_03\"><\/div>\n\t\t\t\t<div class=\"blockG\" id=\"rotateG_04\"><\/div>\n\t\t\t\t<div class=\"blockG\" id=\"rotateG_05\"><\/div>\n\t\t\t\t<div class=\"blockG\" id=\"rotateG_06\"><\/div>\n\t\t\t\t<div class=\"blockG\" id=\"rotateG_07\"><\/div>\n\t\t\t\t<div class=\"blockG\" id=\"rotateG_08\"><\/div>\n\t\t\t<\/div>\n\t\t\t<div class=\"WooZone-cross-sell-loader-text\"><\/div>\n\t\t<\/div>\n\t<\/div>\n\n\t\t\n<\/div>\n<div style=\"clear:both;\"><\/div><\/p>\n","protected":false},"excerpt":{"rendered":"<p>Waldbeere, aromatisierter Fr\u00fcchtee Rote-Fr\u00fcchte-Mix<br \/>\nDieser Keo hat die saftigsten Fr\u00fcchte vom Waldspaziergang mitgebracht: K\u00f6stliche Brombeer-, Johannisbeer- und Erdbeer-Aromen spendieren geschmackvolle Intensit\u00e4t und ein tiefes Dunkelrot an alle gro\u00dfen und kleinen Beerenfreunde.<br \/>\nExtra f\u00fcr die gro\u00dfe Portion von 300-350ml.<\/p>\n","protected":false},"featured_media":41206,"comment_status":"open","ping_status":"closed","template":"","meta":[],"product_brand":[],"product_cat":[29],"product_tag":[],"class_list":{"0":"post-41205","1":"product","2":"type-product","3":"status-publish","4":"has-post-thumbnail","6":"product_cat-fruechtetee","7":"pa_amazon-bestseller-rang-nr-122211-in-lebensmittel-getraenke-siehe-top-100-in-lebensmittel-getraenke-nr-1564-in-fruechtetee","8":"pa_hersteller-heimbs","9":"pa_im-angebot-von-amazon-de-seit-17-februar-2021","10":"pa_marke-keo","11":"pa_stueckzahl-300-0-gramm","13":"first","14":"instock","15":"shipping-taxable","16":"purchasable","17":"product-type-simple"},"_links":{"self":[{"href":"https:\/\/123-teezeit.de\/index.php?rest_route=\/wp\/v2\/product\/41205","targetHints":{"allow":["GET"]}}],"collection":[{"href":"https:\/\/123-teezeit.de\/index.php?rest_route=\/wp\/v2\/product"}],"about":[{"href":"https:\/\/123-teezeit.de\/index.php?rest_route=\/wp\/v2\/types\/product"}],"replies":[{"embeddable":true,"href":"https:\/\/123-teezeit.de\/index.php?rest_route=%2Fwp%2Fv2%2Fcomments&post=41205"}],"wp:featuredmedia":[{"embeddable":true,"href":"https:\/\/123-teezeit.de\/index.php?rest_route=\/wp\/v2\/media\/41206"}],"wp:attachment":[{"href":"https:\/\/123-teezeit.de\/index.php?rest_route=%2Fwp%2Fv2%2Fmedia&parent=41205"}],"wp:term":[{"taxonomy":"product_brand","embeddable":true,"href":"https:\/\/123-teezeit.de\/index.php?rest_route=%2Fwp%2Fv2%2Fproduct_brand&post=41205"},{"taxonomy":"product_cat","embeddable":true,"href":"https:\/\/123-teezeit.de\/index.php?rest_route=%2Fwp%2Fv2%2Fproduct_cat&post=41205"},{"taxonomy":"product_tag","embeddable":true,"href":"https:\/\/123-teezeit.de\/index.php?rest_route=%2Fwp%2Fv2%2Fproduct_tag&post=41205"}],"curies":[{"name":"wp","href":"https:\/\/api.w.org\/{rel}","templated":true}]}}