{"id":41266,"date":"2022-02-13T03:53:06","date_gmt":"2022-02-13T03:53:06","guid":{"rendered":"https:\/\/123-teezeit.de\/?product=aromatisierter-fruechtetee-alte-liebe-erdbeer-himbeer-note-1kg-tee"},"modified":"2023-04-08T10:00:27","modified_gmt":"2023-04-08T10:00:27","slug":"aromatisierter-fruechtetee-alte-liebe-erdbeer-himbeer-note-1kg-tee","status":"publish","type":"product","link":"https:\/\/123-teezeit.de\/?product=aromatisierter-fruechtetee-alte-liebe-erdbeer-himbeer-note-1kg-tee","title":{"rendered":"aromatisierter Fr\u00fcchtetee &#8211; ALTE LIEBE &#8211; Erdbeer\/Himbeer-Note &#8211; 1kg &#8211; Tee"},"content":{"rendered":"<p><!-- show up to 2 reviews by default --> <\/p>\n<h3> <span>Produktbeschreibungen<\/span> <\/h3>\n<p> <span>Eine kunterbunte Schar von leckeren Fr\u00fcchten und k\u00f6stlichen Beeren aus dem heimischen Obstgarten haben wir liebevoll in unserem K\u00f6rbchen zusammengetragen, um daraus eine ganz besondere Fr\u00fcchtetee &#8211; Mischung f\u00fcr unsere Kunden zu entwickeln, hierzu haben wir die s\u00fc\u00df &#8211; saftigen Erdbeer- und Himbeeraromen mit einer Nuance von lieblich &#8211; s\u00e4uerlichem Rhabarber veredelt. Diese wahrhaft unvergessliche Fr\u00fcchte-Teemischung Alte Liebe bietet uns immer wieder aufs Neue ein gro\u00dfartiges Tee-Geschmackserlebnis. Zutaten: Hibiskusbl\u00fcten, Hagebuttenschalen, Apfelst\u00fccke, Fliederbeeren, Brombeerbl\u00e4tter, Aroma, gefriergetrocknete ganze Brombeeren, gefriergetrocknete Erdbeer- und Himbeerst\u00fccke Wichtig: Immer mit sprudelnd kochendem Wasser aufgie\u00dfen, mindestens 5-10 Minuten ziehen lassen! Nur so erhalten Sie ein sicheres Lebensmittel!<\/span> <\/p>\n<h3> <span>Inhaltsstoffe \/ Zutaten<\/span> <\/h3>\n<p> <span>Hibiskusbl\u00fcten, Hagebuttenschalen, Apfelst\u00fccke, Fliederbeeren, Brombeerbl\u00e4tter, Aroma, gefriergetrocknete ganze Brombeeren, gefriergetrocknete Erdbeer- und Himbeerst\u00fccke<\/span> <\/p>\n<div data-a-expander-name=\"toggle_description\" class=\"a-row a-expander-container a-expander-extend-container\">\n<div class=\"a-expander-content a-expander-extend-content\">\n<h3> <span>Gebrauchsanweisung<\/span> <\/h3>\n<p> <span>Wichtig: Immer mit sprudelnd kochendem Wasser aufgie\u00dfen, mindestens 5-10 Minuten ziehen lassen! Nur so erhalten Sie ein sicheres Lebensmittel!<\/span> <\/p>\n<h3> <span>Anschrift Hersteller\/Importeur<\/span> <\/h3>\n<p> <span>Importeur: Dethlefsen &amp; Balk Import-Export GmbH, Hermann-W\u00fcsthof-Ring 16, D-21035 Hamburg<\/span> <\/p>\n<\/p><\/div>\n<p> <a data-csa-c-func-deps=\"aui-da-a-expander-toggle\" data-csa-c-type=\"widget\" data-csa-interaction-events=\"click\" role=\"button\" href=\"void(0)\" data-action=\"a-expander-toggle\" class=\"a-expander-header a-declarative a-expander-extend-header\" data-a-expander-toggle=\"{\"><i class=\"a-icon a-icon-extender-expand\"><\/i><span class=\"a-expander-prompt\">Mehr<\/span><\/a> <\/div>\n<p>Erdbeer-Himbeer-Note aromatisiert<br \/>\nFr\u00fcchteteemischung<br \/>\n1 KG Abpackung<br \/>\nZutaten: Hibiskusbl\u00fcten, Hagebuttenschalen, Apfelst\u00fccke, Fliederbeeren, Brombeerbl\u00e4tter, Aroma, gefriergetrocknete ganze Brombeeren, gefriergetrocknete Erdbeer- und Himbeerst\u00fccke<br \/>\n<div class=\"main-cross-sell\" data-asin=\"B00F8LP8SK\">\n\n\t<div class=\"WooZone-cross-sell-loader\">\n\t\t<div>\n\t\t\t<div id=\"floatingBarsG\">\n\t\t\t\t<div class=\"blockG\" id=\"rotateG_01\"><\/div>\n\t\t\t\t<div class=\"blockG\" id=\"rotateG_02\"><\/div>\n\t\t\t\t<div class=\"blockG\" id=\"rotateG_03\"><\/div>\n\t\t\t\t<div class=\"blockG\" id=\"rotateG_04\"><\/div>\n\t\t\t\t<div class=\"blockG\" id=\"rotateG_05\"><\/div>\n\t\t\t\t<div class=\"blockG\" id=\"rotateG_06\"><\/div>\n\t\t\t\t<div class=\"blockG\" id=\"rotateG_07\"><\/div>\n\t\t\t\t<div class=\"blockG\" id=\"rotateG_08\"><\/div>\n\t\t\t<\/div>\n\t\t\t<div class=\"WooZone-cross-sell-loader-text\"><\/div>\n\t\t<\/div>\n\t<\/div>\n\n\t\t\n<\/div>\n<div style=\"clear:both;\"><\/div><\/p>\n","protected":false},"excerpt":{"rendered":"<p>Erdbeer-Himbeer-Note aromatisiert<br \/>\nFr\u00fcchteteemischung<br \/>\n1 KG Abpackung<\/p>\n","protected":false},"featured_media":41267,"comment_status":"open","ping_status":"closed","template":"","meta":[],"product_brand":[],"product_cat":[29],"product_tag":[],"class_list":{"0":"post-41266","1":"product","2":"type-product","3":"status-publish","4":"has-post-thumbnail","6":"product_cat-fruechtetee","7":"pa_abtropfgewicht-1-kilogramm","8":"pa_amazon-bestseller-rang-nr-149366-in-lebensmittel-getraenke-siehe-top-100-in-lebensmittel-getraenke-nr-1880-in-fruechtetee","9":"pa_artikelgewicht-1-kg","10":"pa_format-lose-blaetter","11":"pa_hersteller-db","12":"pa_im-angebot-von-amazon-de-seit-20-november-2013","13":"pa_koffeingehalt-koffeinfrei","14":"pa_kontakt-zum-hersteller-importeur-dethlefsen-balk-import-export-gmbh-hermann-wuesthof-ring-16-d-21035-hamburg","15":"pa_marke-db","16":"pa_netto-gewicht-1-kilogramm","17":"pa_stueckzahl-1000-00-gramm","18":"pa_verpackungsabmessungen-30-x-18-8-x-6-4-cm-1-kilogramm","20":"first","21":"instock","22":"shipping-taxable","23":"purchasable","24":"product-type-simple"},"_links":{"self":[{"href":"https:\/\/123-teezeit.de\/index.php?rest_route=\/wp\/v2\/product\/41266","targetHints":{"allow":["GET"]}}],"collection":[{"href":"https:\/\/123-teezeit.de\/index.php?rest_route=\/wp\/v2\/product"}],"about":[{"href":"https:\/\/123-teezeit.de\/index.php?rest_route=\/wp\/v2\/types\/product"}],"replies":[{"embeddable":true,"href":"https:\/\/123-teezeit.de\/index.php?rest_route=%2Fwp%2Fv2%2Fcomments&post=41266"}],"wp:featuredmedia":[{"embeddable":true,"href":"https:\/\/123-teezeit.de\/index.php?rest_route=\/wp\/v2\/media\/41267"}],"wp:attachment":[{"href":"https:\/\/123-teezeit.de\/index.php?rest_route=%2Fwp%2Fv2%2Fmedia&parent=41266"}],"wp:term":[{"taxonomy":"product_brand","embeddable":true,"href":"https:\/\/123-teezeit.de\/index.php?rest_route=%2Fwp%2Fv2%2Fproduct_brand&post=41266"},{"taxonomy":"product_cat","embeddable":true,"href":"https:\/\/123-teezeit.de\/index.php?rest_route=%2Fwp%2Fv2%2Fproduct_cat&post=41266"},{"taxonomy":"product_tag","embeddable":true,"href":"https:\/\/123-teezeit.de\/index.php?rest_route=%2Fwp%2Fv2%2Fproduct_tag&post=41266"}],"curies":[{"name":"wp","href":"https:\/\/api.w.org\/{rel}","templated":true}]}}