{"id":41268,"date":"2022-02-13T03:53:08","date_gmt":"2022-02-13T03:53:08","guid":{"rendered":"https:\/\/123-teezeit.de\/?product=dallmayr-saisonaler-tee-wintertee-2er-pack-2-x-100-g"},"modified":"2023-04-08T10:00:28","modified_gmt":"2023-04-08T10:00:28","slug":"dallmayr-saisonaler-tee-wintertee-2er-pack-2-x-100-g","status":"publish","type":"product","link":"https:\/\/123-teezeit.de\/?product=dallmayr-saisonaler-tee-wintertee-2er-pack-2-x-100-g","title":{"rendered":"Dallmayr Saisonaler Tee Wintertee, 2er Pack (2 x 100 g)"},"content":{"rendered":"<p><!-- show up to 2 reviews by default --> <\/p>\n<h3> <span>Produktbeschreibung<\/span> <\/h3>\n<p> <span class=\"a-text-bold\">Dallmayr Wintertee<\/span><span class=\"a-text-bold\">Aromatisierter Schwarzer Tee<\/span><\/p>\n<p><span>F\u00fcr unseren Wintertee haben wir einen China Blatt-Tee mit typisch winterlichen Aromen und Gew\u00fcrzen verfeinert. Er sorgt f\u00fcr eine wohlige W\u00e4rme in der kalten Jahreszeit.<\/span><\/p>\n<\/p>\n<h3> <span>Inhaltsstoffe \/ Zutaten<\/span> <\/h3>\n<p> <span>Zutaten: Schwarzer Tee, Orangenschalen, MANDELST\u00dcCKE, Hibiskusbl\u00fcten, Gew\u00fcrznelken, Sonnenblumenbl\u00fcten, Kornblumenbl\u00fcten, Aroma<\/span> <\/p>\n<div data-a-expander-name=\"toggle_description\" class=\"a-row a-expander-container a-expander-extend-container\">\n<div class=\"a-expander-content a-expander-extend-content\">\n<h3> <span>Gebrauchsanweisung<\/span> <\/h3>\n<p> <span>1 leicht geh\u00e4ufter Teel\u00f6ffel pro Tasse. Mit frischem, sprudelnd kochendem Wasser aufgie\u00dfen. Ziehzeit 3-5 Minuten.<\/span> <\/p>\n<h3> <span>Warnhinweise<\/span> <\/h3>\n<p> <span>Enth\u00e4lt Mandelst\u00fccke<\/span> <\/p>\n<h3> <span>Anschrift Hersteller\/Importeur<\/span> <\/h3>\n<p> <span>Dienerstr. 14-15 80331 M\u00fcnchen<\/span> <\/p>\n<\/p><\/div>\n<p> <a data-csa-c-func-deps=\"aui-da-a-expander-toggle\" data-csa-c-type=\"widget\" data-csa-interaction-events=\"click\" role=\"button\" href=\"void(0)\" data-action=\"a-expander-toggle\" class=\"a-expander-header a-declarative a-expander-extend-header\" data-a-expander-toggle=\"{\"><i class=\"a-icon a-icon-extender-expand\"><\/i><span class=\"a-expander-prompt\">Mehr<\/span><\/a> <\/div>\n<p>Winterliche Mischung mit Mandeln und Nelken<br \/>\nPerfekt f\u00fcr einen Winterabend vor dem Kamin<br \/>\nFruchtig winterliche Mischung<br \/>\nSorgf\u00e4ltig ausgew\u00e4hlt und komponiert vom Dallmayr Teemeister, in der Teemanufaktur in M\u00fcnchen<br \/>\nErfahrung mit Tee und Gesp\u00fcr f\u00fcr Qualit\u00e4t seit \u00fcber 100 Jahren<br \/>\n<div class=\"main-cross-sell\" data-asin=\"B00573X0FC\">\n\n\t<div class=\"WooZone-cross-sell-loader\">\n\t\t<div>\n\t\t\t<div id=\"floatingBarsG\">\n\t\t\t\t<div class=\"blockG\" id=\"rotateG_01\"><\/div>\n\t\t\t\t<div class=\"blockG\" id=\"rotateG_02\"><\/div>\n\t\t\t\t<div class=\"blockG\" id=\"rotateG_03\"><\/div>\n\t\t\t\t<div class=\"blockG\" id=\"rotateG_04\"><\/div>\n\t\t\t\t<div class=\"blockG\" id=\"rotateG_05\"><\/div>\n\t\t\t\t<div class=\"blockG\" id=\"rotateG_06\"><\/div>\n\t\t\t\t<div class=\"blockG\" id=\"rotateG_07\"><\/div>\n\t\t\t\t<div class=\"blockG\" id=\"rotateG_08\"><\/div>\n\t\t\t<\/div>\n\t\t\t<div class=\"WooZone-cross-sell-loader-text\"><\/div>\n\t\t<\/div>\n\t<\/div>\n\n\t\t\n<\/div>\n<div style=\"clear:both;\"><\/div><\/p>\n","protected":false},"excerpt":{"rendered":"<p>Winterliche Mischung mit Mandeln und Nelken<br \/>\nPerfekt f\u00fcr einen Winterabend vor dem Kamin<br \/>\nFruchtig winterliche Mischung<\/p>\n","protected":false},"featured_media":41269,"comment_status":"open","ping_status":"closed","template":"","meta":[],"product_brand":[],"product_cat":[29],"product_tag":[],"class_list":{"0":"post-41268","1":"product","2":"type-product","3":"status-publish","4":"has-post-thumbnail","6":"product_cat-fruechtetee","7":"pa_allergie-informationen-enthaelt-schalenfruechte-mandeln","8":"pa_amazon-bestseller-rang-nr-61177-in-lebensmittel-getraenke-siehe-top-100-in-lebensmittel-getraenke-nr-770-in-fruechtetee","9":"pa_artikelgewicht-100-g","10":"pa_aufbewahrung-kuehl-und-trockenfrei-von-fremdgeruechen","11":"pa_durchschnittliche-kundenbewer-43-von-5-sternen-22-sternebewertungen-43-von-5-sternen","12":"pa_format-lose-blaetter","13":"pa_herkunftsland-deutschland","14":"pa_hersteller-alois-dallmayr-kaffee-ohg","15":"pa_im-angebot-von-amazon-de-seit-21-juni-2011","16":"pa_kontakt-zum-hersteller-dienerstr-14-15-80331-muenchen","17":"pa_marke-dallmayr","18":"pa_netto-gewicht-200-gramm","19":"pa_produktbezeichnung-aromatisierter-schwarzer-tee-orange-mandel","20":"pa_stueckzahl-200-0-gramm","21":"pa_ursprungsland-germany","22":"pa_verpackungsabmessungen-13-x-10-8-x-7-8-cm-100-gramm","23":"pa_verwendungsbedingungen-24-monate","24":"pa_zusatzstoffe-keine-deklarationspflichtigen-zusatzstoffe-vorhanden","26":"first","27":"instock","28":"shipping-taxable","29":"purchasable","30":"product-type-simple"},"_links":{"self":[{"href":"https:\/\/123-teezeit.de\/index.php?rest_route=\/wp\/v2\/product\/41268","targetHints":{"allow":["GET"]}}],"collection":[{"href":"https:\/\/123-teezeit.de\/index.php?rest_route=\/wp\/v2\/product"}],"about":[{"href":"https:\/\/123-teezeit.de\/index.php?rest_route=\/wp\/v2\/types\/product"}],"replies":[{"embeddable":true,"href":"https:\/\/123-teezeit.de\/index.php?rest_route=%2Fwp%2Fv2%2Fcomments&post=41268"}],"wp:featuredmedia":[{"embeddable":true,"href":"https:\/\/123-teezeit.de\/index.php?rest_route=\/wp\/v2\/media\/41269"}],"wp:attachment":[{"href":"https:\/\/123-teezeit.de\/index.php?rest_route=%2Fwp%2Fv2%2Fmedia&parent=41268"}],"wp:term":[{"taxonomy":"product_brand","embeddable":true,"href":"https:\/\/123-teezeit.de\/index.php?rest_route=%2Fwp%2Fv2%2Fproduct_brand&post=41268"},{"taxonomy":"product_cat","embeddable":true,"href":"https:\/\/123-teezeit.de\/index.php?rest_route=%2Fwp%2Fv2%2Fproduct_cat&post=41268"},{"taxonomy":"product_tag","embeddable":true,"href":"https:\/\/123-teezeit.de\/index.php?rest_route=%2Fwp%2Fv2%2Fproduct_tag&post=41268"}],"curies":[{"name":"wp","href":"https:\/\/api.w.org\/{rel}","templated":true}]}}