{"id":41286,"date":"2022-02-13T03:53:18","date_gmt":"2022-02-13T03:53:18","guid":{"rendered":"https:\/\/123-teezeit.de\/?product=cold-brew-fruechtetee-kirsch-cassis-kaltaufguss-100g"},"modified":"2023-04-08T10:00:28","modified_gmt":"2023-04-08T10:00:28","slug":"cold-brew-fruechtetee-kirsch-cassis-kaltaufguss-100g","status":"publish","type":"product","link":"https:\/\/123-teezeit.de\/?product=cold-brew-fruechtetee-kirsch-cassis-kaltaufguss-100g","title":{"rendered":"Cold Brew Fr\u00fcchtetee &#8222;Kirsch Cassis&#8220; Kaltaufgu\u00df &#8211; 100g"},"content":{"rendered":"<p><!-- show up to 2 reviews by default --> <\/p>\n<h3> <span>Produktbeschreibungen<\/span> <\/h3>\n<p> <span>Fruchtdusche gef\u00e4llig? Diese Komposition aus sommerlichen Kirschen und schwarzen Johannisbeeren ist die perfekte Erfrischung an hei\u00dfen Tagen. Der vollmundige s\u00e4uerlich-fruchtige Geschmack ist eine Sensation und optisch ist er noch dazu eine rubinrote Augenweide. Vegan &#8211; ohne Konservierungsstoffe. Zutaten: Apfelst\u00fccke (Apfel, S\u00e4uerungsmittel: Zitronens\u00e4ure), Hibiskusbl\u00fcten, kandierte Ananasst\u00fccke (Ananas, Zucker), kandierte Papayast\u00fccke (Papaya, Zucker), Aroma, Moringabl\u00e4tter, Rote Beetest\u00fccke, S\u00fc\u00dfkraut, schwarze Johannisbeeren(0,5%), Sauerkirschst\u00fccke(0,5%)<\/span> <\/p>\n<h3> <span>Inhaltsstoffe \/ Zutaten<\/span> <\/h3>\n<p> <span>Apfelst\u00fccke (Apfel, S\u00e4uerungsmittel: Zitronens\u00e4ure), Hibiskusbl\u00fcten, kandierte Ananasst\u00fccke (Ananas, Zucker), kandierte Papayast\u00fccke (Papaya, Zucker), Aroma, Moringabl\u00e4tter, Rote Beetest\u00fccke, S\u00fc\u00dfkraut, schwarze Johannisbeeren(0,5%), Sauerkirschst\u00fccke(0,5%)<\/span> <\/p>\n<p>Fruchtdusche gef\u00e4llig? Diese Komposition aus sommerlichen Kirschen und schwarzen Johannisbeeren ist die perfekte Erfrischung an hei\u00dfen Tagen. Der vollmundige s\u00e4uerlich-fruchtige Geschmack ist eine Sensation und optisch ist er noch dazu eine rubinrote Augenweide. Vegan &#8211; ohne Konservierungsstoffe.<br \/>\nAromatisierter Fr\u00fcchtetee mit Kirsch-Cassis-Geschmack<br \/>\nVollmundig s\u00e4uerlich-fruchtiger Geschmack<br \/>\nDie perfekte Erfrischung an hei\u00dfen Tagen<br \/>\nEinfach mit kaltem Wasser aufgie\u00dfen<br \/>\n<div class=\"main-cross-sell\" data-asin=\"B092DVT4VW\">\n\n\t<div class=\"WooZone-cross-sell-loader\">\n\t\t<div>\n\t\t\t<div id=\"floatingBarsG\">\n\t\t\t\t<div class=\"blockG\" id=\"rotateG_01\"><\/div>\n\t\t\t\t<div class=\"blockG\" id=\"rotateG_02\"><\/div>\n\t\t\t\t<div class=\"blockG\" id=\"rotateG_03\"><\/div>\n\t\t\t\t<div class=\"blockG\" id=\"rotateG_04\"><\/div>\n\t\t\t\t<div class=\"blockG\" id=\"rotateG_05\"><\/div>\n\t\t\t\t<div class=\"blockG\" id=\"rotateG_06\"><\/div>\n\t\t\t\t<div class=\"blockG\" id=\"rotateG_07\"><\/div>\n\t\t\t\t<div class=\"blockG\" id=\"rotateG_08\"><\/div>\n\t\t\t<\/div>\n\t\t\t<div class=\"WooZone-cross-sell-loader-text\"><\/div>\n\t\t<\/div>\n\t<\/div>\n\n\t\t\n<\/div>\n<div style=\"clear:both;\"><\/div><\/p>\n","protected":false},"excerpt":{"rendered":"<p>Fruchtdusche gef\u00e4llig? Diese Komposition aus sommerlichen Kirschen und schwarzen Johannisbeeren ist die perfekte Erfrischung an hei\u00dfen Tagen. Der vollmundige s\u00e4uerlich-fruchtige Geschmack ist eine Sensation und optisch ist er noch dazu eine rubinrote Augenweide. Vegan &#8211; ohne Konservierungsstoffe.<br \/>\nAromatisierter Fr\u00fcchtetee mit Kirsch-Cassis-Geschmack<br \/>\nVollmundig s\u00e4uerlich-fruchtiger Geschmack<\/p>\n","protected":false},"featured_media":41287,"comment_status":"open","ping_status":"closed","template":"","meta":[],"product_brand":[],"product_cat":[29],"product_tag":[],"class_list":{"0":"post-41286","1":"product","2":"type-product","3":"status-publish","4":"has-post-thumbnail","6":"product_cat-fruechtetee","7":"pa_amazon-bestseller-rang-nr-28553-in-lebensmittel-getraenke-siehe-top-100-in-lebensmittel-getraenke-nr-319-in-fruechtetee","8":"pa_artikelgewicht-100-g","9":"pa_besonderheit-vegan-ohne-konservierungsstoffe","10":"pa_durchschnittliche-kundenbewer-39-von-5-sternen-4-sternebewertungen-39-von-5-sternen","11":"pa_im-angebot-von-amazon-de-seit-13-april-2021","12":"pa_marke-floragold","13":"pa_stueckzahl-100-gramm","14":"pa_verpackungsabmessungen-18-6-x-14-3-x-2-5-cm-100-gramm","16":"first","17":"instock","18":"shipping-taxable","19":"purchasable","20":"product-type-simple"},"_links":{"self":[{"href":"https:\/\/123-teezeit.de\/index.php?rest_route=\/wp\/v2\/product\/41286","targetHints":{"allow":["GET"]}}],"collection":[{"href":"https:\/\/123-teezeit.de\/index.php?rest_route=\/wp\/v2\/product"}],"about":[{"href":"https:\/\/123-teezeit.de\/index.php?rest_route=\/wp\/v2\/types\/product"}],"replies":[{"embeddable":true,"href":"https:\/\/123-teezeit.de\/index.php?rest_route=%2Fwp%2Fv2%2Fcomments&post=41286"}],"wp:featuredmedia":[{"embeddable":true,"href":"https:\/\/123-teezeit.de\/index.php?rest_route=\/wp\/v2\/media\/41287"}],"wp:attachment":[{"href":"https:\/\/123-teezeit.de\/index.php?rest_route=%2Fwp%2Fv2%2Fmedia&parent=41286"}],"wp:term":[{"taxonomy":"product_brand","embeddable":true,"href":"https:\/\/123-teezeit.de\/index.php?rest_route=%2Fwp%2Fv2%2Fproduct_brand&post=41286"},{"taxonomy":"product_cat","embeddable":true,"href":"https:\/\/123-teezeit.de\/index.php?rest_route=%2Fwp%2Fv2%2Fproduct_cat&post=41286"},{"taxonomy":"product_tag","embeddable":true,"href":"https:\/\/123-teezeit.de\/index.php?rest_route=%2Fwp%2Fv2%2Fproduct_tag&post=41286"}],"curies":[{"name":"wp","href":"https:\/\/api.w.org\/{rel}","templated":true}]}}