{"id":41290,"date":"2022-02-13T03:53:20","date_gmt":"2022-02-13T03:53:20","guid":{"rendered":"https:\/\/123-teezeit.de\/?product=goldmaennchen-tee-jumbo-birne-vanille-3er-pack"},"modified":"2023-04-08T10:00:28","modified_gmt":"2023-04-08T10:00:28","slug":"goldmaennchen-tee-jumbo-birne-vanille-3er-pack","status":"publish","type":"product","link":"https:\/\/123-teezeit.de\/?product=goldmaennchen-tee-jumbo-birne-vanille-3er-pack","title":{"rendered":"Goldm?nnchen-TEE JUMBO Birne-Vanille. 3er Pack"},"content":{"rendered":"<p><!-- show up to 2 reviews by default --> <\/p>\n<h3> <span>Produktbeschreibungen<\/span> <\/h3>\n<p> <span>Feiner aromatisierter Fr\u00fcchtetee mit Williams-Christ-Vanille-Note. Deutlicher Geschmack und Geruch nach s\u00fc\u00dfer Birne, eingebunden in Vanille. Milde S\u00e4ure gibt dem Tee eine zarte Fruchtigkeit. Tassenfarbe goldorange. Empfehlung Kalt, mit Fruchtsaft gemischt, ein besonderer Genu\u00df. Zubereitung: 1 JUMBO-Beutel f\u00fcr 1 Liter, in Kanne mit siedendem Wasser h\u00e4ngen (Filterbeutel nicht direkt mit Wasser \u00fcbergie\u00dfen und nicht weiterkochen). Filterbeutel mehrmals schwenken. Ziehzeit: 10-12 Minuten.<\/span> <\/p>\n<h3> <span>Inhaltsstoffe \/ Zutaten<\/span> <\/h3>\n<p> <span>Zutaten: \u00c4pfel, Apfelschalen, Fruchtkelche von Hibiskusbl\u00fcten, Brombeerbl\u00e4tter, Birne-Vanille-Aroma, Zichorienwurzeln, Zitronengras, Hagebutten, Bourbonvanille (0,3%), Birnengranulat (0,1%)<\/span> <\/p>\n<div data-a-expander-name=\"toggle_description\" class=\"a-row a-expander-container a-expander-extend-container\">\n<div class=\"a-expander-content a-expander-extend-content\">\n<h3> <span>Anschrift Hersteller\/Importeur<\/span> <\/h3>\n<p> <span>Ost-Indien Tee Compagnie GmbH, Heidachstr. 62, 88079 Kressbronn, Deutschland<\/span> <\/p>\n<\/p><\/div>\n<p> <a data-csa-c-func-deps=\"aui-da-a-expander-toggle\" data-csa-c-type=\"widget\" data-csa-interaction-events=\"click\" role=\"button\" href=\"void(0)\" data-action=\"a-expander-toggle\" class=\"a-expander-header a-declarative a-expander-extend-header\" data-a-expander-toggle=\"{\"><i class=\"a-icon a-icon-extender-expand\"><\/i><span class=\"a-expander-prompt\">Mehr<\/span><\/a> <\/div>\n<p>Feiner aromatisierter Fr\u00fcchtetee mit Williams-Christ-Vanille-Note.<br \/>\nDeutlicher Geschmack und Geruch nach s\u00fc\u00dfer Birne, eingebunden in Vanille. Milde S\u00e4ure gibt dem Tee eine zarte Fruchtigkeit.<br \/>\nTassenfarbe goldorange. Empfehlung Kalt, mit Fruchtsaft gemischt, ein besonderer Genu\u00df.<br \/>\nZubereitung: 1 JUMBO-Beutel f\u00fcr 1 Liter, in Kanne mit siedendem Wasser h\u00e4ngen (Filterbeutel nicht direkt mit Wasser \u00fcbergie\u00dfen und nicht weiterkochen).<br \/>\nFilterbeutel mehrmals schwenken. Ziehzeit: 10-12 Minuten.<br \/>\n<div class=\"main-cross-sell\" data-asin=\"B07G13YMFP\">\n\n\t<div class=\"WooZone-cross-sell-loader\">\n\t\t<div>\n\t\t\t<div id=\"floatingBarsG\">\n\t\t\t\t<div class=\"blockG\" id=\"rotateG_01\"><\/div>\n\t\t\t\t<div class=\"blockG\" id=\"rotateG_02\"><\/div>\n\t\t\t\t<div class=\"blockG\" id=\"rotateG_03\"><\/div>\n\t\t\t\t<div class=\"blockG\" id=\"rotateG_04\"><\/div>\n\t\t\t\t<div class=\"blockG\" id=\"rotateG_05\"><\/div>\n\t\t\t\t<div class=\"blockG\" id=\"rotateG_06\"><\/div>\n\t\t\t\t<div class=\"blockG\" id=\"rotateG_07\"><\/div>\n\t\t\t\t<div class=\"blockG\" id=\"rotateG_08\"><\/div>\n\t\t\t<\/div>\n\t\t\t<div class=\"WooZone-cross-sell-loader-text\"><\/div>\n\t\t<\/div>\n\t<\/div>\n\n\t\t\n<\/div>\n<div style=\"clear:both;\"><\/div><\/p>\n","protected":false},"excerpt":{"rendered":"<p>Feiner aromatisierter Fr\u00fcchtetee mit Williams-Christ-Vanille-Note.<br \/>\nDeutlicher Geschmack und Geruch nach s\u00fc\u00dfer Birne, eingebunden in Vanille. Milde S\u00e4ure gibt dem Tee eine zarte Fruchtigkeit.<br \/>\nTassenfarbe goldorange. Empfehlung Kalt, mit Fruchtsaft gemischt, ein besonderer Genu\u00df.<\/p>\n","protected":false},"featured_media":41291,"comment_status":"open","ping_status":"closed","template":"","meta":[],"product_brand":[],"product_cat":[29],"product_tag":[],"class_list":{"0":"post-41290","1":"product","2":"type-product","3":"status-publish","4":"has-post-thumbnail","6":"product_cat-fruechtetee","7":"pa_amazon-bestseller-rang-nr-29836-in-lebensmittel-getraenke-siehe-top-100-in-lebensmittel-getraenke-nr-340-in-fruechtetee","8":"pa_artikelgewicht-360-g","9":"pa_auslaufartikel-produktion-dur-nein","10":"pa_durchschnittliche-kundenbewer-48-von-5-sternen-12-sternebewertungen-48-von-5-sternen","11":"pa_format-beutel","12":"pa_hersteller-goldmaennchen","13":"pa_im-angebot-von-amazon-de-seit-29-juli-2018","14":"pa_kontakt-zum-hersteller-ost-indien-tee-compagnie-gmbh-heidachstr-62-88079-kressbronn-deutschland","15":"pa_marke-goldmaennchen","16":"pa_netto-gewicht-0-36-kilogramm","17":"pa_rebsortenkomposition-zutaten-aepfel-apfelschalen-fruchtkelche-von-hibiskusblueten-brombeerblaetter-birne-vanille-aroma-zichorienwurzeln-zitronengras-hagebutten-bourbonvanille-03-birnengranulat-01","18":"pa_stueckzahl-3-stueck","19":"pa_verpackungsabmessungen-19-x-15-7-x-13-2-cm-360-gramm","21":"first","22":"instock","23":"shipping-taxable","24":"purchasable","25":"product-type-simple"},"_links":{"self":[{"href":"https:\/\/123-teezeit.de\/index.php?rest_route=\/wp\/v2\/product\/41290","targetHints":{"allow":["GET"]}}],"collection":[{"href":"https:\/\/123-teezeit.de\/index.php?rest_route=\/wp\/v2\/product"}],"about":[{"href":"https:\/\/123-teezeit.de\/index.php?rest_route=\/wp\/v2\/types\/product"}],"replies":[{"embeddable":true,"href":"https:\/\/123-teezeit.de\/index.php?rest_route=%2Fwp%2Fv2%2Fcomments&post=41290"}],"wp:featuredmedia":[{"embeddable":true,"href":"https:\/\/123-teezeit.de\/index.php?rest_route=\/wp\/v2\/media\/41291"}],"wp:attachment":[{"href":"https:\/\/123-teezeit.de\/index.php?rest_route=%2Fwp%2Fv2%2Fmedia&parent=41290"}],"wp:term":[{"taxonomy":"product_brand","embeddable":true,"href":"https:\/\/123-teezeit.de\/index.php?rest_route=%2Fwp%2Fv2%2Fproduct_brand&post=41290"},{"taxonomy":"product_cat","embeddable":true,"href":"https:\/\/123-teezeit.de\/index.php?rest_route=%2Fwp%2Fv2%2Fproduct_cat&post=41290"},{"taxonomy":"product_tag","embeddable":true,"href":"https:\/\/123-teezeit.de\/index.php?rest_route=%2Fwp%2Fv2%2Fproduct_tag&post=41290"}],"curies":[{"name":"wp","href":"https:\/\/api.w.org\/{rel}","templated":true}]}}