{"id":41380,"date":"2022-02-13T03:54:25","date_gmt":"2022-02-13T03:54:25","guid":{"rendered":"https:\/\/123-teezeit.de\/?product=aromatisierter-fruechtetee-pina-colada-kokos-ananas-note-1kg-tee"},"modified":"2023-04-08T10:00:29","modified_gmt":"2023-04-08T10:00:29","slug":"aromatisierter-fruechtetee-pina-colada-kokos-ananas-note-1kg-tee","status":"publish","type":"product","link":"https:\/\/123-teezeit.de\/?product=aromatisierter-fruechtetee-pina-colada-kokos-ananas-note-1kg-tee","title":{"rendered":"aromatisierter Fr\u00fcchtetee &#8211; PINA COLADA &#8211; Kokos\/Ananas-Note &#8211; 1kg &#8211; Tee"},"content":{"rendered":"<p><!-- show up to 2 reviews by default --> <\/p>\n<h3> <span>Produktbeschreibungen<\/span> <\/h3>\n<p> <span>Eine au\u00dfergew\u00f6hnliche Teemischung &#8211; Spritzig und frisch-fruchtig durch appetitliche Ananas und s\u00e4mig-cremig, weich abklingend durch eine Dosis Sahne. Nat\u00fcrlich darf die feine, nussig-s\u00fc\u00dfe und exotische Kokosnote auf gar keinen Fall bei diesem Geschmackserlebnis fehlen! Nicht nur auf Fr\u00fcchte Tee, sondern in nahezu allen Bereichen sind feine Pina Colada Mischungen in k\u00fcrzester Zeit zu einem Verkaufsschlager geworden. Diese gewinnbringende Kreation sollte demzufolge in jedem Standardsortiment als fest etabliertes Produkt angeboten werden. Probieren Sie neben unserem Fr\u00fcchte Tee auch unsere Gr\u00fcntee und Rotbuschtees Pina Colada ! Zutaten: Apfelst\u00fccke, Hibiskusbl\u00fcten, Hagebuttenschalen, Ananasw\u00fcrfel (Ananas, Zucker), Kokosraspeln, Aroma Wichtig: Immer mit sprudelnd kochendem Wasser aufgie\u00dfen, mindestens 5-10 Minuten ziehen lassen! Nur so erhalten Sie ein sicheres Lebensmittel! N\u00e4hrwertangaben: Durchschnittliche N\u00e4hrwerte pro 100 ml Energie in kj 27 KJ Energie in kcal 6 KCAL Fett 0,1 G davon ges\u00e4ttigte Fetts\u00e4uren 0,1 G Kohlenhydrate 0,9 G davon Zucker 0,8 G Eiwei\u00df 0,1 G Salz <\/span><\/p>\n<h3> <span>Inhaltsstoffe \/ Zutaten<\/span> <\/h3>\n<p> <span>Apfelst\u00fccke, Hibiskusbl\u00fcten, Hagebuttenschalen, Ananasw\u00fcrfel, Kokosraspeln, Aroma<\/span> <\/p>\n<div data-a-expander-name=\"toggle_description\" class=\"a-row a-expander-container a-expander-extend-container\">\n<div class=\"a-expander-content a-expander-extend-content\">\n<h3> <span>Gebrauchsanweisung<\/span> <\/h3>\n<p> <span>Wichtig: Immer mit sprudelnd kochendem Wasser aufgie\u00dfen, mindestens 5-10 Minuten ziehen lassen! Nur so erhalten Sie ein sicheres Lebensmittel!<\/span> <\/p>\n<h3> <span>Anschrift Hersteller\/Importeur<\/span> <\/h3>\n<p> <span>Importeur: Dethlefsen &amp; Balk Import-Export GmbH, Hermann-W\u00fcsthof-Ring 16, D-21035 Hamburg<\/span> <\/p>\n<\/p><\/div>\n<p> <a data-csa-c-func-deps=\"aui-da-a-expander-toggle\" data-csa-c-type=\"widget\" data-csa-interaction-events=\"click\" role=\"button\" href=\"void(0)\" data-action=\"a-expander-toggle\" class=\"a-expander-header a-declarative a-expander-extend-header\" data-a-expander-toggle=\"{\"><i class=\"a-icon a-icon-extender-expand\"><\/i><span class=\"a-expander-prompt\">Mehr<\/span><\/a> <\/div>\n<p>Fr\u00fcchteteemischung Kokos-Ananas-Note aromatisiert<br \/>\nZutaten: Apfelst\u00fccke, Hibiskusbl\u00fcten, Hagebuttenschalen, Ananasw\u00fcrfel, Kokosraspeln, Aroma<br \/>\n1 KG Abpackung<br \/>\n<div class=\"main-cross-sell\" data-asin=\"B00F8GTDZO\">\n\n\t<div class=\"WooZone-cross-sell-loader\">\n\t\t<div>\n\t\t\t<div id=\"floatingBarsG\">\n\t\t\t\t<div class=\"blockG\" id=\"rotateG_01\"><\/div>\n\t\t\t\t<div class=\"blockG\" id=\"rotateG_02\"><\/div>\n\t\t\t\t<div class=\"blockG\" id=\"rotateG_03\"><\/div>\n\t\t\t\t<div class=\"blockG\" id=\"rotateG_04\"><\/div>\n\t\t\t\t<div class=\"blockG\" id=\"rotateG_05\"><\/div>\n\t\t\t\t<div class=\"blockG\" id=\"rotateG_06\"><\/div>\n\t\t\t\t<div class=\"blockG\" id=\"rotateG_07\"><\/div>\n\t\t\t\t<div class=\"blockG\" id=\"rotateG_08\"><\/div>\n\t\t\t<\/div>\n\t\t\t<div class=\"WooZone-cross-sell-loader-text\"><\/div>\n\t\t<\/div>\n\t<\/div>\n\n\t\t\n<\/div>\n<div style=\"clear:both;\"><\/div><\/p>\n","protected":false},"excerpt":{"rendered":"<p>Fr\u00fcchteteemischung Kokos-Ananas-Note aromatisiert<br \/>\nZutaten: Apfelst\u00fccke, Hibiskusbl\u00fcten, Hagebuttenschalen, Ananasw\u00fcrfel, Kokosraspeln, Aroma<br \/>\n1 KG Abpackung<\/p>\n","protected":false},"featured_media":41381,"comment_status":"open","ping_status":"closed","template":"","meta":[],"product_brand":[],"product_cat":[29],"product_tag":[],"class_list":{"0":"post-41380","1":"product","2":"type-product","3":"status-publish","4":"has-post-thumbnail","6":"product_cat-fruechtetee","7":"pa_abtropfgewicht-1-kilogramm","8":"pa_amazon-bestseller-rang-nr-112513-in-lebensmittel-getraenke-siehe-top-100-in-lebensmittel-getraenke-nr-1451-in-fruechtetee","9":"pa_artikelgewicht-1-kg","10":"pa_durchschnittliche-kundenbewer-50-von-5-sternen-7-sternebewertungen-50-von-5-sternen","11":"pa_format-lose-blaetter","12":"pa_hersteller-db","13":"pa_im-angebot-von-amazon-de-seit-24-februar-2014","14":"pa_koffeingehalt-koffeinfrei","15":"pa_kontakt-zum-hersteller-importeur-dethlefsen-balk-import-export-gmbh-hermann-wuesthof-ring-16-d-21035-hamburg","16":"pa_marke-db","17":"pa_netto-gewicht-1-kilogramm","18":"pa_stueckzahl-1-0-kilograms","20":"first","21":"instock","22":"shipping-taxable","23":"purchasable","24":"product-type-simple"},"_links":{"self":[{"href":"https:\/\/123-teezeit.de\/index.php?rest_route=\/wp\/v2\/product\/41380","targetHints":{"allow":["GET"]}}],"collection":[{"href":"https:\/\/123-teezeit.de\/index.php?rest_route=\/wp\/v2\/product"}],"about":[{"href":"https:\/\/123-teezeit.de\/index.php?rest_route=\/wp\/v2\/types\/product"}],"replies":[{"embeddable":true,"href":"https:\/\/123-teezeit.de\/index.php?rest_route=%2Fwp%2Fv2%2Fcomments&post=41380"}],"wp:featuredmedia":[{"embeddable":true,"href":"https:\/\/123-teezeit.de\/index.php?rest_route=\/wp\/v2\/media\/41381"}],"wp:attachment":[{"href":"https:\/\/123-teezeit.de\/index.php?rest_route=%2Fwp%2Fv2%2Fmedia&parent=41380"}],"wp:term":[{"taxonomy":"product_brand","embeddable":true,"href":"https:\/\/123-teezeit.de\/index.php?rest_route=%2Fwp%2Fv2%2Fproduct_brand&post=41380"},{"taxonomy":"product_cat","embeddable":true,"href":"https:\/\/123-teezeit.de\/index.php?rest_route=%2Fwp%2Fv2%2Fproduct_cat&post=41380"},{"taxonomy":"product_tag","embeddable":true,"href":"https:\/\/123-teezeit.de\/index.php?rest_route=%2Fwp%2Fv2%2Fproduct_tag&post=41380"}],"curies":[{"name":"wp","href":"https:\/\/api.w.org\/{rel}","templated":true}]}}