{"id":41425,"date":"2022-02-13T03:54:53","date_gmt":"2022-02-13T03:54:53","guid":{"rendered":"https:\/\/123-teezeit.de\/?product=goldmaennchen-tee-birne-mit-vanille-fruechtetee-20-einzeln-versiegelte-teebeutel"},"modified":"2023-04-08T10:00:30","modified_gmt":"2023-04-08T10:00:30","slug":"goldmaennchen-tee-birne-mit-vanille-fruechtetee-20-einzeln-versiegelte-teebeutel","status":"publish","type":"product","link":"https:\/\/123-teezeit.de\/?product=goldmaennchen-tee-birne-mit-vanille-fruechtetee-20-einzeln-versiegelte-teebeutel","title":{"rendered":"Goldm\u00e4nnchen Tee Birne mit Vanille, Fr\u00fcchtetee, 20 einzeln versiegelte Teebeutel"},"content":{"rendered":"<p><!-- show up to 2 reviews by default --> <\/p>\n<p> <span>Feiner aromatisierter Fr\u00c3chtetee mit Williams-Christ-Vanille-Note. Der weiche Geschmack nach Williams-Christ-Birne veredelt mit feinster Bourbon-Vanille &#8211; ein ausgesuchter Tee. Dieser Tee hat eine milde S\u00c3ure und ist magenfreundlich. Empfehlungen: Kalt, mit Fruchtsaft z.B. mit Apfelsaft gemischt, besonders genussvoll. , Deutlicher Geschmack und Geruch nach s\u00c3\u00c3er Birne, eingebunden in Vanille , Milde S\u00c3ure gibt dem Tee eine zarte Fruchtigkeit , Die hochwertige 20er Filterbeutel mit Einzelversiegelung f\u00c3r den anspruchsvollen Konsumenten oder Cafeteria\/Kasino , Faltschachtel , 20 Filterbeutel f\u00c3r Tassenaufguss, 45 Milligramm netto Produzent \/ Hergestellt f\u00c3r: H&amp;S Tee-Ges.mbH &amp; Co KG, Industriegebiet Haidach 1, 88079 Kressbronn &#8211; Deutschland , Zutaten:\u00c3pfel, Apfelschalen (von Bodensee\u00c3pfeln), Fruchtkelche von Hibiskusbl\u00c3ten, s\u00c3\u00c3e Brombeerbl\u00c3tter, Birne-Vanille-Aroma, Zichorienwurzel, Zitronengras, Hagebutten, Bourbon-Vanille, Birnen , Lieferumfang:1 Packung Goldm\u00c3nnchen Tee Sanfte Birne mit Vanille mit 20 einzeln versiegelten Teebeuteln Nettogewicht: 45g \/ Packung, 2,25g \/ Teebeutel<\/span> <\/p>\n<div class=\"main-cross-sell\" data-asin=\"B00BYU4P3I\">\n\n\t<div class=\"WooZone-cross-sell-loader\">\n\t\t<div>\n\t\t\t<div id=\"floatingBarsG\">\n\t\t\t\t<div class=\"blockG\" id=\"rotateG_01\"><\/div>\n\t\t\t\t<div class=\"blockG\" id=\"rotateG_02\"><\/div>\n\t\t\t\t<div class=\"blockG\" id=\"rotateG_03\"><\/div>\n\t\t\t\t<div class=\"blockG\" id=\"rotateG_04\"><\/div>\n\t\t\t\t<div class=\"blockG\" id=\"rotateG_05\"><\/div>\n\t\t\t\t<div class=\"blockG\" id=\"rotateG_06\"><\/div>\n\t\t\t\t<div class=\"blockG\" id=\"rotateG_07\"><\/div>\n\t\t\t\t<div class=\"blockG\" id=\"rotateG_08\"><\/div>\n\t\t\t<\/div>\n\t\t\t<div class=\"WooZone-cross-sell-loader-text\"><\/div>\n\t\t<\/div>\n\t<\/div>\n\n\t\t\n<\/div>\n<div style=\"clear:both;\"><\/div>\n","protected":false},"excerpt":{"rendered":"<p>Feiner aromatisierter Fr\u00c3chtetee mit Williams-Christ-Vanille-Note. Der weiche Geschmack nach Williams-Christ-Birne veredelt mit feinster Bourbon-Vanille &#8211; ein ausgesuchter Tee. Dieser Tee hat eine milde S\u00c3ure und ist magenfreundlich. Empfehlungen: Kalt, mit Fruchtsaft z.B. mit Apfelsaft gemischt, besonders genussvoll. , Deutlicher Geschmack und Geruch nach s\u00c3\u00c3er Birne, eingebunden in Vanille , Milde S\u00c3ure gibt dem Tee eine [&hellip;]<\/p>\n","protected":false},"featured_media":41426,"comment_status":"open","ping_status":"closed","template":"","meta":[],"product_brand":[],"product_cat":[29],"product_tag":[],"class_list":{"0":"post-41425","1":"product","2":"type-product","3":"status-publish","4":"has-post-thumbnail","6":"product_cat-fruechtetee","7":"pa_amazon-bestseller-rang-nr-14109-in-lebensmittel-getraenke-siehe-top-100-in-lebensmittel-getraenke-nr-143-in-fruechtetee","8":"pa_auslaufartikel-produktion-dur-nein","9":"pa_durchschnittliche-kundenbewer-43-von-5-sternen-42-sternebewertungen-43-von-5-sternen","10":"pa_hersteller-h-s-tee-gesellschaft-mbh","11":"pa_herstellerreferenz-3156","12":"pa_im-angebot-von-amazon-de-seit-22-maerz-2013","13":"pa_verpackungsabmessungen-12-2-x-7-8-x-6-6-cm-45-gramm","14":"pa_versandgewicht-0-08-kilogramm","16":"first","17":"instock","18":"shipping-taxable","19":"purchasable","20":"product-type-simple"},"_links":{"self":[{"href":"https:\/\/123-teezeit.de\/index.php?rest_route=\/wp\/v2\/product\/41425","targetHints":{"allow":["GET"]}}],"collection":[{"href":"https:\/\/123-teezeit.de\/index.php?rest_route=\/wp\/v2\/product"}],"about":[{"href":"https:\/\/123-teezeit.de\/index.php?rest_route=\/wp\/v2\/types\/product"}],"replies":[{"embeddable":true,"href":"https:\/\/123-teezeit.de\/index.php?rest_route=%2Fwp%2Fv2%2Fcomments&post=41425"}],"wp:featuredmedia":[{"embeddable":true,"href":"https:\/\/123-teezeit.de\/index.php?rest_route=\/wp\/v2\/media\/41426"}],"wp:attachment":[{"href":"https:\/\/123-teezeit.de\/index.php?rest_route=%2Fwp%2Fv2%2Fmedia&parent=41425"}],"wp:term":[{"taxonomy":"product_brand","embeddable":true,"href":"https:\/\/123-teezeit.de\/index.php?rest_route=%2Fwp%2Fv2%2Fproduct_brand&post=41425"},{"taxonomy":"product_cat","embeddable":true,"href":"https:\/\/123-teezeit.de\/index.php?rest_route=%2Fwp%2Fv2%2Fproduct_cat&post=41425"},{"taxonomy":"product_tag","embeddable":true,"href":"https:\/\/123-teezeit.de\/index.php?rest_route=%2Fwp%2Fv2%2Fproduct_tag&post=41425"}],"curies":[{"name":"wp","href":"https:\/\/api.w.org\/{rel}","templated":true}]}}