{"id":41428,"date":"2022-02-13T03:54:55","date_gmt":"2022-02-13T03:54:55","guid":{"rendered":"https:\/\/123-teezeit.de\/?product=ankerkraut-cake-pop-fruechtetee-120-g"},"modified":"2023-04-08T10:00:30","modified_gmt":"2023-04-08T10:00:30","slug":"ankerkraut-cake-pop-fruechtetee-120-g","status":"publish","type":"product","link":"https:\/\/123-teezeit.de\/?product=ankerkraut-cake-pop-fruechtetee-120-g","title":{"rendered":"Ankerkraut Cake Pop, Fr\u00fcchte-Tee lose, 120g im Korkenglas, Popcorn-Geschmack mit Apfel-Mandel-Geb\u00e4ck, hei\u00df aufgie\u00dfen\u2026"},"content":{"rendered":"<p><!-- show up to 2 reviews by default --> <\/p>\n<h3> <span>Produktbeschreibung<\/span> <\/h3>\n<p> <span>Gebrannte Mandeln Fr\u00fcchteteemischung, aromatisierte Fr\u00fcchteteemischung Hol dir den Jahrmarkt in die Teekanne: Der Gebrannte Mandeln Fr\u00fcchtetee ist die s\u00fc\u00dfeste Versuchung seit langem. Ein Geschmackserlebnis, das wir von Fr\u00fchlings-Dom und Sommer-Kirmes, Oktoberfest und Weihchtsmarkt kennen und lieben. Das bekommst du jetzt auch in der Tasse! Unser aromatisierter Ankerkraut Fr\u00fcchtetee Gebrannte Mandeln ist vom hohen Anteil der s\u00fc\u00dfen Apfelst\u00fccke gepr\u00e4gt und erh\u00e4lt seine rote Farbnuance durch die zugef\u00fcgte Rote Beete. Die Aromennote wird von verlockend s\u00fc\u00dfen und ger\u00f6steten Mandeln bestimmt und gepr\u00e4gt &#8211; geu wie auf dem Jahrmarkt. Unser Tipp: Unbedingt selbst probieren und nicht l\u00e4nger als 10 min. ziehen lassen. Ohne Zusatzstoffe Ohne Zucker<\/span> <\/p>\n<h3> <span>Anschrift Hersteller\/Importeur<\/span> <\/h3>\n<p> <span>Ankerkraut GmbH Tempowerkring 2 21079 Hamburg<\/span> <\/p>\n<p>Mandeln Fr\u00fcchtetee ist die s\u00fc\u00dfeste Versuchung seit langem; Diese aromatische Fr\u00fcchteteemischung schmeckt fruchtig, leicht, lecker und hat eine feine Zimt-Note Die Aromen-Note wird von verlockend s\u00fc\u00dfen, ger\u00f6steten Mandeln bestimmt und gepr\u00e4gt &#8211; genau wie auf dem Jahrmarkt<br \/>\nAromatisierter Fr\u00fcchtetee<br \/>\nDiese Frucht-Teemischung im eleganten Korkenglas eignet sich auch perfekt als ein au\u00dfergew\u00f6hnliches Geschenk f\u00fcr Freunde und Familie<br \/>\nAnkerkraut<br \/>\n<div class=\"main-cross-sell\" data-asin=\"B078FZSVTK\">\n\n\t<div class=\"WooZone-cross-sell-loader\">\n\t\t<div>\n\t\t\t<div id=\"floatingBarsG\">\n\t\t\t\t<div class=\"blockG\" id=\"rotateG_01\"><\/div>\n\t\t\t\t<div class=\"blockG\" id=\"rotateG_02\"><\/div>\n\t\t\t\t<div class=\"blockG\" id=\"rotateG_03\"><\/div>\n\t\t\t\t<div class=\"blockG\" id=\"rotateG_04\"><\/div>\n\t\t\t\t<div class=\"blockG\" id=\"rotateG_05\"><\/div>\n\t\t\t\t<div class=\"blockG\" id=\"rotateG_06\"><\/div>\n\t\t\t\t<div class=\"blockG\" id=\"rotateG_07\"><\/div>\n\t\t\t\t<div class=\"blockG\" id=\"rotateG_08\"><\/div>\n\t\t\t<\/div>\n\t\t\t<div class=\"WooZone-cross-sell-loader-text\"><\/div>\n\t\t<\/div>\n\t<\/div>\n\n\t\t\n<\/div>\n<div style=\"clear:both;\"><\/div><\/p>\n","protected":false},"excerpt":{"rendered":"<p>Mandeln Fr\u00fcchtetee ist die s\u00fc\u00dfeste Versuchung seit langem; Diese aromatische Fr\u00fcchteteemischung schmeckt fruchtig, leicht, lecker und hat eine feine Zimt-Note Die Aromen-Note wird von verlockend s\u00fc\u00dfen, ger\u00f6steten Mandeln bestimmt und gepr\u00e4gt &#8211; genau wie auf dem Jahrmarkt<br \/>\nAromatisierter Fr\u00fcchtetee<br \/>\nDiese Frucht-Teemischung im eleganten Korkenglas eignet sich auch perfekt als ein au\u00dfergew\u00f6hnliches Geschenk f\u00fcr Freunde und Familie<\/p>\n","protected":false},"featured_media":41429,"comment_status":"open","ping_status":"closed","template":"","meta":[],"product_brand":[],"product_cat":[29],"product_tag":[],"class_list":{"0":"post-41428","1":"product","2":"type-product","3":"status-publish","4":"has-post-thumbnail","6":"product_cat-fruechtetee","7":"pa_amazon-bestseller-rang-nr-68211-in-lebensmittel-getraenke-siehe-top-100-in-lebensmittel-getraenke-nr-867-in-fruechtetee","8":"pa_artikelgewicht-250-g","9":"pa_besonderheit-vegetarisch","10":"pa_durchschnittliche-kundenbewer-50-von-5-sternen-2-sternebewertungen-50-von-5-sternen","11":"pa_herkunftsland-deutschland","12":"pa_hersteller-ankerkraut-gmbh","13":"pa_im-angebot-von-amazon-de-seit-17-dezember-2017","14":"pa_kontakt-zum-hersteller-ankerkraut-gmbh-tempowerkring-2-21079-hamburg","15":"pa_marke-ankerkraut","16":"pa_netto-gewicht-120-gramm","17":"pa_stueckzahl-120-0-gramm","18":"pa_verpackungsabmessungen-14-4-x-7-x-6-6-cm-250-gramm","20":"first","21":"instock","22":"shipping-taxable","23":"purchasable","24":"product-type-simple"},"_links":{"self":[{"href":"https:\/\/123-teezeit.de\/index.php?rest_route=\/wp\/v2\/product\/41428","targetHints":{"allow":["GET"]}}],"collection":[{"href":"https:\/\/123-teezeit.de\/index.php?rest_route=\/wp\/v2\/product"}],"about":[{"href":"https:\/\/123-teezeit.de\/index.php?rest_route=\/wp\/v2\/types\/product"}],"replies":[{"embeddable":true,"href":"https:\/\/123-teezeit.de\/index.php?rest_route=%2Fwp%2Fv2%2Fcomments&post=41428"}],"wp:featuredmedia":[{"embeddable":true,"href":"https:\/\/123-teezeit.de\/index.php?rest_route=\/wp\/v2\/media\/41429"}],"wp:attachment":[{"href":"https:\/\/123-teezeit.de\/index.php?rest_route=%2Fwp%2Fv2%2Fmedia&parent=41428"}],"wp:term":[{"taxonomy":"product_brand","embeddable":true,"href":"https:\/\/123-teezeit.de\/index.php?rest_route=%2Fwp%2Fv2%2Fproduct_brand&post=41428"},{"taxonomy":"product_cat","embeddable":true,"href":"https:\/\/123-teezeit.de\/index.php?rest_route=%2Fwp%2Fv2%2Fproduct_cat&post=41428"},{"taxonomy":"product_tag","embeddable":true,"href":"https:\/\/123-teezeit.de\/index.php?rest_route=%2Fwp%2Fv2%2Fproduct_tag&post=41428"}],"curies":[{"name":"wp","href":"https:\/\/api.w.org\/{rel}","templated":true}]}}