{"id":41444,"date":"2022-02-13T04:01:44","date_gmt":"2022-02-13T04:01:44","guid":{"rendered":"https:\/\/123-teezeit.de\/?product=gebrannte-mandeln-fruechtetee-100-gramm"},"modified":"2023-04-08T10:00:30","modified_gmt":"2023-04-08T10:00:30","slug":"gebrannte-mandeln-fruechtetee-100-gramm","status":"publish","type":"product","link":"https:\/\/123-teezeit.de\/?product=gebrannte-mandeln-fruechtetee-100-gramm","title":{"rendered":"Gebrannte Mandeln Fr\u00fcchtetee (100 Gramm)"},"content":{"rendered":"<p><!-- show up to 2 reviews by default --> <\/p>\n<p> <span>Der verlockend s\u00fc\u00dfe Duft nach ger\u00f6steten, karamellisierten Mandeln und der weihnachtlich-fruchtige Geschmack dieses erstklassigen, s\u00e4urearmen Fr\u00fcchtetees laden zum Tr\u00e4umen ein. Frisch versiegelt in wiederverschlie\u00dfbarer Aromaschutzt\u00fcte mit weihnachtlichem Motiv.<\/span> <\/p>\n<p>Der verlockend s\u00fc\u00dfe Duft nach ger\u00f6steten, karamellisierten Mandeln und der weihnachtlich-fruchtige Geschmack dieses erstklassigen, s\u00e4urearmen Fr\u00fcchtetees laden zum Tr\u00e4umen ein. Frisch versiegelt in wiederverschlie\u00dfbarer Aromaschutzt\u00fcte mit weihnachtlichem Motiv.<br \/>\nS\u00e4urearmer, aromatisierter Fr\u00fcchtetee mit &#8222;Gebrannte Mandel&#8220;-Note<br \/>\nFrisch versiegelt in wiederverschlie\u00dfbarer Aromaschutzt\u00fcte<br \/>\nZubereitung: 4-5 geh\u00e4ufte Teel\u00f6ffel f\u00fcr 1 Liter kochendes Wasser, h\u00f6chstens 10 Minuten ziehen lassen (Der Tee hat bereits nach 10 Minuten ein ausgepr\u00e4gtes Volumen und einen perfekten Geschmack.)<br \/>\n<div class=\"main-cross-sell\" data-asin=\"B00FFZGTNW\">\n\n\t<div class=\"WooZone-cross-sell-loader\">\n\t\t<div>\n\t\t\t<div id=\"floatingBarsG\">\n\t\t\t\t<div class=\"blockG\" id=\"rotateG_01\"><\/div>\n\t\t\t\t<div class=\"blockG\" id=\"rotateG_02\"><\/div>\n\t\t\t\t<div class=\"blockG\" id=\"rotateG_03\"><\/div>\n\t\t\t\t<div class=\"blockG\" id=\"rotateG_04\"><\/div>\n\t\t\t\t<div class=\"blockG\" id=\"rotateG_05\"><\/div>\n\t\t\t\t<div class=\"blockG\" id=\"rotateG_06\"><\/div>\n\t\t\t\t<div class=\"blockG\" id=\"rotateG_07\"><\/div>\n\t\t\t\t<div class=\"blockG\" id=\"rotateG_08\"><\/div>\n\t\t\t<\/div>\n\t\t\t<div class=\"WooZone-cross-sell-loader-text\"><\/div>\n\t\t<\/div>\n\t<\/div>\n\n\t\t\n<\/div>\n<div style=\"clear:both;\"><\/div><\/p>\n","protected":false},"excerpt":{"rendered":"<p>Der verlockend s\u00fc\u00dfe Duft nach ger\u00f6steten, karamellisierten Mandeln und der weihnachtlich-fruchtige Geschmack dieses erstklassigen, s\u00e4urearmen Fr\u00fcchtetees laden zum Tr\u00e4umen ein. Frisch versiegelt in wiederverschlie\u00dfbarer Aromaschutzt\u00fcte mit weihnachtlichem Motiv.<br \/>\nS\u00e4urearmer, aromatisierter Fr\u00fcchtetee mit &#8222;Gebrannte Mandel&#8220;-Note<br \/>\nFrisch versiegelt in wiederverschlie\u00dfbarer Aromaschutzt\u00fcte<\/p>\n","protected":false},"featured_media":41445,"comment_status":"open","ping_status":"closed","template":"","meta":[],"product_brand":[],"product_cat":[29],"product_tag":[],"class_list":{"0":"post-41444","1":"product","2":"type-product","3":"status-publish","4":"has-post-thumbnail","6":"product_cat-fruechtetee","7":"pa_allergie-informationen-enthaelt-mandeln","8":"pa_amazon-bestseller-rang-nr-47199-in-lebensmittel-getraenke-siehe-top-100-in-lebensmittel-getraenke-nr-564-in-fruechtetee","9":"pa_artikelgewicht-100-g","10":"pa_auslaufartikel-produktion-dur-nein","11":"pa_besonderheit-vegetarisch","12":"pa_durchschnittliche-kundenbewer-38-von-5-sternen-13-sternebewertungen-38-von-5-sternen","13":"pa_format-lose-blaetter","14":"pa_hersteller-tee-im-netz-gbr","15":"pa_im-angebot-von-amazon-de-seit-21-august-2013","16":"pa_koffeingehalt-koffeinfrei","17":"pa_marke-teas-finest","18":"pa_netto-gewicht-100-gramm","19":"pa_stueckzahl-100-0-gramm","20":"pa_ursprungsland-deutschland","22":"first","23":"instock","24":"shipping-taxable","25":"purchasable","26":"product-type-simple"},"_links":{"self":[{"href":"https:\/\/123-teezeit.de\/index.php?rest_route=\/wp\/v2\/product\/41444","targetHints":{"allow":["GET"]}}],"collection":[{"href":"https:\/\/123-teezeit.de\/index.php?rest_route=\/wp\/v2\/product"}],"about":[{"href":"https:\/\/123-teezeit.de\/index.php?rest_route=\/wp\/v2\/types\/product"}],"replies":[{"embeddable":true,"href":"https:\/\/123-teezeit.de\/index.php?rest_route=%2Fwp%2Fv2%2Fcomments&post=41444"}],"wp:featuredmedia":[{"embeddable":true,"href":"https:\/\/123-teezeit.de\/index.php?rest_route=\/wp\/v2\/media\/41445"}],"wp:attachment":[{"href":"https:\/\/123-teezeit.de\/index.php?rest_route=%2Fwp%2Fv2%2Fmedia&parent=41444"}],"wp:term":[{"taxonomy":"product_brand","embeddable":true,"href":"https:\/\/123-teezeit.de\/index.php?rest_route=%2Fwp%2Fv2%2Fproduct_brand&post=41444"},{"taxonomy":"product_cat","embeddable":true,"href":"https:\/\/123-teezeit.de\/index.php?rest_route=%2Fwp%2Fv2%2Fproduct_cat&post=41444"},{"taxonomy":"product_tag","embeddable":true,"href":"https:\/\/123-teezeit.de\/index.php?rest_route=%2Fwp%2Fv2%2Fproduct_tag&post=41444"}],"curies":[{"name":"wp","href":"https:\/\/api.w.org\/{rel}","templated":true}]}}