{"id":41455,"date":"2022-02-13T04:01:51","date_gmt":"2022-02-13T04:01:51","guid":{"rendered":"https:\/\/123-teezeit.de\/?product=weihnachts-fruechtetee-knuspertraum-menge-1000-g"},"modified":"2023-04-08T10:00:30","modified_gmt":"2023-04-08T10:00:30","slug":"weihnachts-fruechtetee-knuspertraum-menge-1000-g","status":"publish","type":"product","link":"https:\/\/123-teezeit.de\/?product=weihnachts-fruechtetee-knuspertraum-menge-1000-g","title":{"rendered":"Weihnachts-Fr\u00fcchtetee Knuspertraum Menge 1000 g"},"content":{"rendered":"<p><!-- show up to 2 reviews by default --> <\/p>\n<h3> <span>Produktbeschreibungen<\/span> <\/h3>\n<p> <span>Weihnachts-Fr\u00fcchtetee Knuspertraum Zutaten: Apfelst\u00fccke (Apfelst\u00fccke, Aroma, S\u00e4uerungsmittel: Zitronens\u00e4ure, Vitamin C), Cassiarinde, Ananasst\u00fccke (Ananas, Zucker, S\u00e4uerungsmittel: Zitronens.ure), Papayast\u00fccke (Papaya, Zucker, S\u00e4uerungsmittel: Zitronens\u00e4ure, Stabilisator: Calciumchlorid), Korinthen (Korinthen, Trennmittel: pflanzliches \u00f6l), ger\u00f6stete Mandeln (Mandeln, Zucker, Wasser, Rhovanil, Zimt, Weinsteins\u00e4ure), Rote-Bete-St\u00fccke, Kokoschips (Kokosnuss, Zucker, Salz (Wasser)), Aroma, Popcorn. Duftender Ger\u00f6stete-Mandeln-Geschmack. Time 5-10 min Menge 20-25 g\/l Temp. 100 C<\/span> <\/p>\n<h3> <span>Inhaltsstoffe \/ Zutaten<\/span> <\/h3>\n<p> <span>Apfelst\u00fccke mit Vitamin C (Apfel, Aroma, S\u00e4uerungsmittel: Zitronens\u00e4ure, Vitamin C), Cassiarinde, Ananasst\u00fccke (Zucker, Ananas, S\u00e4uerungsmittel: Zitronens\u00e4ure), Papayaw\u00fcrfel (Papaya, Zucker), Korinthen (Korinthen, Palm\u00f6l, Sonnenblumen\u00f6l), ger\u00f6stete Mandeln (MANDELN, Zucker, Wasser, Zimt, Aroma, S\u00e4uerungsmittel: Weinsteins\u00e4ure), Rote-Bete-St\u00fccke, Kokoschips (Kokosnuss, Zucker), Aroma, Popcorn<\/span> <\/p>\n<div data-a-expander-name=\"toggle_description\" class=\"a-row a-expander-container a-expander-extend-container\">\n<div class=\"a-expander-content a-expander-extend-content\">\n<h3> <span>Anschrift Hersteller\/Importeur<\/span> <\/h3>\n<p> <span>Mount Everest Tea Company | Daimlerstra\u00dfe 13 | 25337 Elmshorn<\/span> <\/p>\n<\/p><\/div>\n<p> <a data-csa-c-func-deps=\"aui-da-a-expander-toggle\" data-csa-c-type=\"widget\" data-csa-interaction-events=\"click\" role=\"button\" href=\"void(0)\" data-action=\"a-expander-toggle\" class=\"a-expander-header a-declarative a-expander-extend-header\" data-a-expander-toggle=\"{\"><i class=\"a-icon a-icon-extender-expand\"><\/i><span class=\"a-expander-prompt\">Mehr<\/span><\/a> <\/div>\n<p>Zutaten: Apfelst\u00fccke mit Vitamin C (Apfel, Aroma, S\u00e4uerungsmittel: Zitronens\u00e4ure, Vitamin C), Cassiarinde, Ananasst\u00fccke (Zucker, Ananas, S\u00e4uerungsmittel: Zitronens\u00e4ure), Papayaw\u00fcrfel (Papaya, Zucker), Korinthen (Korinthen, Palm\u00f6l, Sonnenblumen\u00f6l), ger\u00f6stete Mandeln (MANDELN, Zucker, Wasser, Zimt, Aroma, S\u00e4uerungsmittel: Weinsteins\u00e4ure), Rote-Bete-St\u00fccke, Kokoschips (Kokosnuss, Zucker), Aroma, Popcorn<br \/>\nAllergenhinweis: enth\u00e4lt Mandeln<br \/>\n1 KG Abpackung<br \/>\n<div class=\"main-cross-sell\" data-asin=\"B0177ZSIZY\">\n\n\t<div class=\"WooZone-cross-sell-loader\">\n\t\t<div>\n\t\t\t<div id=\"floatingBarsG\">\n\t\t\t\t<div class=\"blockG\" id=\"rotateG_01\"><\/div>\n\t\t\t\t<div class=\"blockG\" id=\"rotateG_02\"><\/div>\n\t\t\t\t<div class=\"blockG\" id=\"rotateG_03\"><\/div>\n\t\t\t\t<div class=\"blockG\" id=\"rotateG_04\"><\/div>\n\t\t\t\t<div class=\"blockG\" id=\"rotateG_05\"><\/div>\n\t\t\t\t<div class=\"blockG\" id=\"rotateG_06\"><\/div>\n\t\t\t\t<div class=\"blockG\" id=\"rotateG_07\"><\/div>\n\t\t\t\t<div class=\"blockG\" id=\"rotateG_08\"><\/div>\n\t\t\t<\/div>\n\t\t\t<div class=\"WooZone-cross-sell-loader-text\"><\/div>\n\t\t<\/div>\n\t<\/div>\n\n\t\t\n<\/div>\n<div style=\"clear:both;\"><\/div><\/p>\n","protected":false},"excerpt":{"rendered":"<p>Zutaten: Apfelst\u00fccke mit Vitamin C (Apfel, Aroma, S\u00e4uerungsmittel: Zitronens\u00e4ure, Vitamin C), Cassiarinde, Ananasst\u00fccke (Zucker, Ananas, S\u00e4uerungsmittel: Zitronens\u00e4ure), Papayaw\u00fcrfel (Papaya, Zucker), Korinthen (Korinthen, Palm\u00f6l, Sonnenblumen\u00f6l), ger\u00f6stete Mandeln (MANDELN, Zucker, Wasser, Zimt, Aroma, S\u00e4uerungsmittel: Weinsteins\u00e4ure), Rote-Bete-St\u00fccke, Kokoschips (Kokosnuss, Zucker), Aroma, Popcorn<br \/>\nAllergenhinweis: enth\u00e4lt Mandeln<br \/>\n1 KG Abpackung<\/p>\n","protected":false},"featured_media":41456,"comment_status":"open","ping_status":"closed","template":"","meta":[],"product_brand":[],"product_cat":[29],"product_tag":[],"class_list":{"0":"post-41455","1":"product","2":"type-product","3":"status-publish","4":"has-post-thumbnail","6":"product_cat-fruechtetee","7":"pa_abtropfgewicht-1-kilogramm","8":"pa_allergie-informationen-enthaelt-mandeln","9":"pa_amazon-bestseller-rang-nr-160811-in-lebensmittel-getraenke-siehe-top-100-in-lebensmittel-getraenke-nr-2023-in-fruechtetee","10":"pa_artikelgewicht-1-kg","11":"pa_durchschnittliche-kundenbewer-40-von-5-sternen-1-sternebewertung-40-von-5-sternen","12":"pa_format-lose-blaetter","13":"pa_hersteller-mount-everest-tea","14":"pa_im-angebot-von-amazon-de-seit-27-oktober-2015","15":"pa_koffeingehalt-koffeinfrei","16":"pa_kontakt-zum-hersteller-mount-everest-tea-company-daimlerstrasse-13-25337-elmshorn","17":"pa_marke-mount-everest-tea","18":"pa_netto-gewicht-1-kilogramm","19":"pa_stueckzahl-1-00-kg","21":"first","22":"instock","23":"shipping-taxable","24":"purchasable","25":"product-type-simple"},"_links":{"self":[{"href":"https:\/\/123-teezeit.de\/index.php?rest_route=\/wp\/v2\/product\/41455","targetHints":{"allow":["GET"]}}],"collection":[{"href":"https:\/\/123-teezeit.de\/index.php?rest_route=\/wp\/v2\/product"}],"about":[{"href":"https:\/\/123-teezeit.de\/index.php?rest_route=\/wp\/v2\/types\/product"}],"replies":[{"embeddable":true,"href":"https:\/\/123-teezeit.de\/index.php?rest_route=%2Fwp%2Fv2%2Fcomments&post=41455"}],"wp:featuredmedia":[{"embeddable":true,"href":"https:\/\/123-teezeit.de\/index.php?rest_route=\/wp\/v2\/media\/41456"}],"wp:attachment":[{"href":"https:\/\/123-teezeit.de\/index.php?rest_route=%2Fwp%2Fv2%2Fmedia&parent=41455"}],"wp:term":[{"taxonomy":"product_brand","embeddable":true,"href":"https:\/\/123-teezeit.de\/index.php?rest_route=%2Fwp%2Fv2%2Fproduct_brand&post=41455"},{"taxonomy":"product_cat","embeddable":true,"href":"https:\/\/123-teezeit.de\/index.php?rest_route=%2Fwp%2Fv2%2Fproduct_cat&post=41455"},{"taxonomy":"product_tag","embeddable":true,"href":"https:\/\/123-teezeit.de\/index.php?rest_route=%2Fwp%2Fv2%2Fproduct_tag&post=41455"}],"curies":[{"name":"wp","href":"https:\/\/api.w.org\/{rel}","templated":true}]}}