{"id":41461,"date":"2022-02-13T04:01:56","date_gmt":"2022-02-13T04:01:56","guid":{"rendered":"https:\/\/123-teezeit.de\/?product=celestial-seasonings-bengal-spice-6-pack"},"modified":"2023-04-08T10:00:30","modified_gmt":"2023-04-08T10:00:30","slug":"celestial-seasonings-bengal-spice-6-pack","status":"publish","type":"product","link":"https:\/\/123-teezeit.de\/?product=celestial-seasonings-bengal-spice-6-pack","title":{"rendered":"Celestial Seasonings Bengal Spice, 6 Pack"},"content":{"rendered":"<p><!-- show up to 2 reviews by default --> <\/p>\n<h3> <span>Produktbeschreibung<\/span> <\/h3>\n<p> <span>Randvoll mit Zimt Ingwer Kardamom und Gew\u00fcrznelken ist eine Tasse unseres aromatischen Bengal Spice Tees wie ein Besuch bei einem exotischen Gew\u00fcrzmarkt in einem fernen Land Diese abenteuerliche Mischung ist unsere koffeinfreie Chai Variation nach Indischer Tradition aus schwarzem Tee Versuchen Sie Bengal Spice mit Milch und Zucker f\u00fcr das echt Chai Erlebnis<\/span> <\/p>\n<h3> <span>Inhaltsstoffe \/ Zutaten<\/span> <\/h3>\n<p> <span>Zimt (38%), ger\u00f6stete Zichorie (17%), ger\u00f6stetes Johannisbrot, nat\u00fcrliche Gew\u00fcrze und Vanille Aromen und andere nat\u00fcrliche Aromen (10%), Ingwer (7%), Kardamom, Schwarzer Pfeffer, Gew\u00fcrznelken und Muskat (3%)<\/span> <\/p>\n<div data-a-expander-name=\"toggle_description\" class=\"a-row a-expander-container a-expander-extend-container\">\n<div class=\"a-expander-content a-expander-extend-content\">\n<h3> <span>Gebrauchsanweisung<\/span> <\/h3>\n<p> <span>den Beutel 4 bis 6 Minuten ziehen lassen und dann entfernen<\/span> <\/p>\n<h3> <span>Warnhinweise<\/span> <\/h3>\n<p> <span>Nicht dem direkten Sonnenlicht aussetzen.<\/span> <\/p>\n<h3> <span>Anschrift Hersteller\/Importeur<\/span> <\/h3>\n<p> <span>Hain Europe NV Groendreef 101 9880 Aalter Belgium<\/span> <\/p>\n<\/p><\/div>\n<p> <a data-csa-c-func-deps=\"aui-da-a-expander-toggle\" data-csa-c-type=\"widget\" data-csa-interaction-events=\"click\" role=\"button\" href=\"void(0)\" data-action=\"a-expander-toggle\" class=\"a-expander-header a-declarative a-expander-extend-header\" data-a-expander-toggle=\"{\"><i class=\"a-icon a-icon-extender-expand\"><\/i><span class=\"a-expander-prompt\">Mehr<\/span><\/a> <\/div>\n<p>aromatisch<br \/>\nexotisch<br \/>\nkoffeinfreie Chai Variation<br \/>\n<div class=\"main-cross-sell\" data-asin=\"B00A7999BA\">\n\n\t<div class=\"WooZone-cross-sell-loader\">\n\t\t<div>\n\t\t\t<div id=\"floatingBarsG\">\n\t\t\t\t<div class=\"blockG\" id=\"rotateG_01\"><\/div>\n\t\t\t\t<div class=\"blockG\" id=\"rotateG_02\"><\/div>\n\t\t\t\t<div class=\"blockG\" id=\"rotateG_03\"><\/div>\n\t\t\t\t<div class=\"blockG\" id=\"rotateG_04\"><\/div>\n\t\t\t\t<div class=\"blockG\" id=\"rotateG_05\"><\/div>\n\t\t\t\t<div class=\"blockG\" id=\"rotateG_06\"><\/div>\n\t\t\t\t<div class=\"blockG\" id=\"rotateG_07\"><\/div>\n\t\t\t\t<div class=\"blockG\" id=\"rotateG_08\"><\/div>\n\t\t\t<\/div>\n\t\t\t<div class=\"WooZone-cross-sell-loader-text\"><\/div>\n\t\t<\/div>\n\t<\/div>\n\n\t\t\n<\/div>\n<div style=\"clear:both;\"><\/div><\/p>\n","protected":false},"excerpt":{"rendered":"<p>aromatisch<br \/>\nexotisch<br \/>\nkoffeinfreie Chai Variation<\/p>\n","protected":false},"featured_media":41462,"comment_status":"open","ping_status":"closed","template":"","meta":[],"product_brand":[],"product_cat":[29],"product_tag":[],"class_list":{"0":"post-41461","1":"product","2":"type-product","3":"status-publish","4":"has-post-thumbnail","6":"product_cat-fruechtetee","7":"pa_amazon-bestseller-rang-nr-12152-in-lebensmittel-getraenke-siehe-top-100-in-lebensmittel-getraenke-nr-114-in-fruechtetee","8":"pa_artikelgewicht-282-g","9":"pa_aufbewahrung-an-einem-kuehlen-trockenen-ort-lagern","10":"pa_auslaufartikel-produktion-dur-nein","11":"pa_besonderheit-vegan","12":"pa_durchschnittliche-kundenbewer-48-von-5-sternen-236-sternebewertungen-48-von-5-sternen","13":"pa_format-beutel","14":"pa_hersteller-celestial-seasonings-inc","15":"pa_im-angebot-von-amazon-de-seit-26-april-2017","16":"pa_kontakt-zum-hersteller-hain-europe-nv-groendreef-101-9880-aalter-belgium","17":"pa_marke-celestial-seasonings","18":"pa_netto-gewicht-282-gramm","19":"pa_produktbezeichnung-bengal-spice","20":"pa_stueckzahl-282-0-gramm","21":"pa_ursprungsland-usa","22":"pa_verpackungsabmessungen-25-x-15-x-15-cm-282-gramm","24":"first","25":"instock","26":"shipping-taxable","27":"purchasable","28":"product-type-simple"},"_links":{"self":[{"href":"https:\/\/123-teezeit.de\/index.php?rest_route=\/wp\/v2\/product\/41461","targetHints":{"allow":["GET"]}}],"collection":[{"href":"https:\/\/123-teezeit.de\/index.php?rest_route=\/wp\/v2\/product"}],"about":[{"href":"https:\/\/123-teezeit.de\/index.php?rest_route=\/wp\/v2\/types\/product"}],"replies":[{"embeddable":true,"href":"https:\/\/123-teezeit.de\/index.php?rest_route=%2Fwp%2Fv2%2Fcomments&post=41461"}],"wp:featuredmedia":[{"embeddable":true,"href":"https:\/\/123-teezeit.de\/index.php?rest_route=\/wp\/v2\/media\/41462"}],"wp:attachment":[{"href":"https:\/\/123-teezeit.de\/index.php?rest_route=%2Fwp%2Fv2%2Fmedia&parent=41461"}],"wp:term":[{"taxonomy":"product_brand","embeddable":true,"href":"https:\/\/123-teezeit.de\/index.php?rest_route=%2Fwp%2Fv2%2Fproduct_brand&post=41461"},{"taxonomy":"product_cat","embeddable":true,"href":"https:\/\/123-teezeit.de\/index.php?rest_route=%2Fwp%2Fv2%2Fproduct_cat&post=41461"},{"taxonomy":"product_tag","embeddable":true,"href":"https:\/\/123-teezeit.de\/index.php?rest_route=%2Fwp%2Fv2%2Fproduct_tag&post=41461"}],"curies":[{"name":"wp","href":"https:\/\/api.w.org\/{rel}","templated":true}]}}