{"id":41507,"date":"2022-02-13T04:02:25","date_gmt":"2022-02-13T04:02:25","guid":{"rendered":"https:\/\/123-teezeit.de\/?product=ankerkraut-ks0569-tee-set-fruchtvergnuegen"},"modified":"2023-04-08T10:00:31","modified_gmt":"2023-04-08T10:00:31","slug":"ankerkraut-ks0569-tee-set-fruchtvergnuegen","status":"publish","type":"product","link":"https:\/\/123-teezeit.de\/?product=ankerkraut-ks0569-tee-set-fruchtvergnuegen","title":{"rendered":"Ankerkraut KS0569 Tee-Set Fruchtvergn\u00fcgen"},"content":{"rendered":"<p><!-- show up to 2 reviews by default --> <\/p>\n<p> <span>F\u00fcr alle, die es fruchtig m\u00f6gen, haben wir die besten Ankerkraut Fr\u00fcchtetees im Tee-Set Fuchtvergn\u00fcgen vereint: Ob Apfel, Mango oder gar gebrannte Mandeln, hier ist f\u00fcr jede Naschkatze das Richtige dabei. Welche Ankerkraut-Teesorten sind in diesem Set enthalten? Apfel-Joghurt-Limette ? Fruchtiger Mix aus Apfel, Ananas und Zitrone ? Harmonisch-s\u00fc\u00dfe Geschmackskombination ? 140 g im Korkenglas Gebrannte Mandeln ? S\u00e4urearmer Fr\u00fcchtetee auf Apfel-Basis ? K\u00f6stliches Aroma von karamellisierten, ger\u00f6steten Mandeln ? 155 g im Korkenglas Mangotraum ? Exotischer Fr\u00fcchtetee mit Mango, Ananas und Orange ? Auch als Eistee ein besonderer Genuss ? 185 g im Korkenglas<\/span> <\/p>\n<div class=\"main-cross-sell\" data-asin=\"B0785HJY3D\">\n\n\t<div class=\"WooZone-cross-sell-loader\">\n\t\t<div>\n\t\t\t<div id=\"floatingBarsG\">\n\t\t\t\t<div class=\"blockG\" id=\"rotateG_01\"><\/div>\n\t\t\t\t<div class=\"blockG\" id=\"rotateG_02\"><\/div>\n\t\t\t\t<div class=\"blockG\" id=\"rotateG_03\"><\/div>\n\t\t\t\t<div class=\"blockG\" id=\"rotateG_04\"><\/div>\n\t\t\t\t<div class=\"blockG\" id=\"rotateG_05\"><\/div>\n\t\t\t\t<div class=\"blockG\" id=\"rotateG_06\"><\/div>\n\t\t\t\t<div class=\"blockG\" id=\"rotateG_07\"><\/div>\n\t\t\t\t<div class=\"blockG\" id=\"rotateG_08\"><\/div>\n\t\t\t<\/div>\n\t\t\t<div class=\"WooZone-cross-sell-loader-text\"><\/div>\n\t\t<\/div>\n\t<\/div>\n\n\t\t\n<\/div>\n<div style=\"clear:both;\"><\/div>\n","protected":false},"excerpt":{"rendered":"<p>F\u00fcr alle, die es fruchtig m\u00f6gen, haben wir die besten Ankerkraut Fr\u00fcchtetees im Tee-Set Fuchtvergn\u00fcgen vereint: Ob Apfel, Mango oder gar gebrannte Mandeln, hier ist f\u00fcr jede Naschkatze das Richtige dabei. Welche Ankerkraut-Teesorten sind in diesem Set enthalten? Apfel-Joghurt-Limette ? Fruchtiger Mix aus Apfel, Ananas und Zitrone ? Harmonisch-s\u00fc\u00dfe Geschmackskombination ? 140 g im Korkenglas [&hellip;]<\/p>\n","protected":false},"featured_media":41508,"comment_status":"open","ping_status":"closed","template":"","meta":[],"product_brand":[],"product_cat":[29],"product_tag":[],"class_list":{"0":"post-41507","1":"product","2":"type-product","3":"status-publish","4":"has-post-thumbnail","6":"product_cat-fruechtetee","7":"pa_amazon-bestseller-rang-nr-80396-in-lebensmittel-getraenke-siehe-top-100-in-lebensmittel-getraenke-nr-1054-in-fruechtetee","8":"pa_durchschnittliche-kundenbewer-46-von-5-sternen-5-sternebewertungen-46-von-5-sternen","9":"pa_hersteller-ankerkraut","10":"pa_im-angebot-von-amazon-de-seit-4-dezember-2017","12":"first","13":"instock","14":"shipping-taxable","15":"purchasable","16":"product-type-simple"},"_links":{"self":[{"href":"https:\/\/123-teezeit.de\/index.php?rest_route=\/wp\/v2\/product\/41507","targetHints":{"allow":["GET"]}}],"collection":[{"href":"https:\/\/123-teezeit.de\/index.php?rest_route=\/wp\/v2\/product"}],"about":[{"href":"https:\/\/123-teezeit.de\/index.php?rest_route=\/wp\/v2\/types\/product"}],"replies":[{"embeddable":true,"href":"https:\/\/123-teezeit.de\/index.php?rest_route=%2Fwp%2Fv2%2Fcomments&post=41507"}],"wp:featuredmedia":[{"embeddable":true,"href":"https:\/\/123-teezeit.de\/index.php?rest_route=\/wp\/v2\/media\/41508"}],"wp:attachment":[{"href":"https:\/\/123-teezeit.de\/index.php?rest_route=%2Fwp%2Fv2%2Fmedia&parent=41507"}],"wp:term":[{"taxonomy":"product_brand","embeddable":true,"href":"https:\/\/123-teezeit.de\/index.php?rest_route=%2Fwp%2Fv2%2Fproduct_brand&post=41507"},{"taxonomy":"product_cat","embeddable":true,"href":"https:\/\/123-teezeit.de\/index.php?rest_route=%2Fwp%2Fv2%2Fproduct_cat&post=41507"},{"taxonomy":"product_tag","embeddable":true,"href":"https:\/\/123-teezeit.de\/index.php?rest_route=%2Fwp%2Fv2%2Fproduct_tag&post=41507"}],"curies":[{"name":"wp","href":"https:\/\/api.w.org\/{rel}","templated":true}]}}