{"id":41521,"date":"2022-02-13T04:02:33","date_gmt":"2022-02-13T04:02:33","guid":{"rendered":"https:\/\/123-teezeit.de\/?product=ankerkraut-mangotraum-fruechtetee-loser-fruechtetee-185g-im-korkenglas"},"modified":"2023-04-08T10:00:31","modified_gmt":"2023-04-08T10:00:31","slug":"ankerkraut-mangotraum-fruechtetee-loser-fruechtetee-185g-im-korkenglas","status":"publish","type":"product","link":"https:\/\/123-teezeit.de\/?product=ankerkraut-mangotraum-fruechtetee-loser-fruechtetee-185g-im-korkenglas","title":{"rendered":"Ankerkraut Mangotraum Fr\u00fcchtetee, loser Fr\u00fcchtetee, 185g im Korkenglas"},"content":{"rendered":"<p>[GESCHMACK] Dieser lose Fr\u00fcchtetee ist ein Traum von Mango: Fruchtig, erfrischend, spritzig! Er schmeckt herrlich aromatisch und s\u00fc\u00dflich-frisch!<br \/>\n[ANWENDUNG] Ab in die Teekanne! F\u00fcr einen leckeren Fr\u00fcchtetee einfach den losen Tee in einen Teebeutel f\u00fcllen und mit sprudelnd kochendem Wasser aufgie\u00dfen; Nach 5-10 Minuten Ziehzeit kannst du dich mit deiner Teetasse entspannt zur\u00fccklehnen und unseren Tee genie\u00dfen!<br \/>\n[BESTE QUALIT\u00c4T] Ohne Geschmacksverst\u00e4rker; Die Zutaten werden frisch bezogen, in die klassisch-eleganten Ankerkraut Korkengl\u00e4ser umgef\u00fcllt und nach sehr kurzer Lagerzeit an die Kunden versandt; 1x 185g loser Fr\u00fcchtetee im Korkenglas.<br \/>\n[TIPP] Aus dieser Fr\u00fcchteteemischung l\u00e4sst sich auch ganz leicht ein Eistee machen; Daf\u00fcr den Tee einen Tag vorher kochen, in einer Flasche oder Teekanne abk\u00fchlen lassen und in den K\u00fchlschrank stellen; So kannst du am n\u00e4chsten Tag einen leckeren Eistee genie\u00dfen; Der Eistee schmeckt \u00fcbrigens noch besser mit frischer Zitrone und ein paar Eisw\u00fcrfeln!<br \/>\n[GESCHENK-IDEE] Unser Mango-Fr\u00fcchtetee \u00fcberzeugt nicht nur geschmacklich, sondern ist im eleganten Korkenglas ein absoluter Hingucker in jeder K\u00fcche; Verschenke einfach etwas Sch\u00f6nes, verschenke Liebe, verschenke Ankerkraut!<br \/>\n<div class=\"main-cross-sell\" data-asin=\"B06X9FR15D\">\n\n\t<div class=\"WooZone-cross-sell-loader\">\n\t\t<div>\n\t\t\t<div id=\"floatingBarsG\">\n\t\t\t\t<div class=\"blockG\" id=\"rotateG_01\"><\/div>\n\t\t\t\t<div class=\"blockG\" id=\"rotateG_02\"><\/div>\n\t\t\t\t<div class=\"blockG\" id=\"rotateG_03\"><\/div>\n\t\t\t\t<div class=\"blockG\" id=\"rotateG_04\"><\/div>\n\t\t\t\t<div class=\"blockG\" id=\"rotateG_05\"><\/div>\n\t\t\t\t<div class=\"blockG\" id=\"rotateG_06\"><\/div>\n\t\t\t\t<div class=\"blockG\" id=\"rotateG_07\"><\/div>\n\t\t\t\t<div class=\"blockG\" id=\"rotateG_08\"><\/div>\n\t\t\t<\/div>\n\t\t\t<div class=\"WooZone-cross-sell-loader-text\"><\/div>\n\t\t<\/div>\n\t<\/div>\n\n\t\t\n<\/div>\n<div style=\"clear:both;\"><\/div><\/p>\n","protected":false},"excerpt":{"rendered":"<p>[GESCHMACK] Dieser lose Fr\u00fcchtetee ist ein Traum von Mango: Fruchtig, erfrischend, spritzig! Er schmeckt herrlich aromatisch und s\u00fc\u00dflich-frisch!<br \/>\n[ANWENDUNG] Ab in die Teekanne! F\u00fcr einen leckeren Fr\u00fcchtetee einfach den losen Tee in einen Teebeutel f\u00fcllen und mit sprudelnd kochendem Wasser aufgie\u00dfen; Nach 5-10 Minuten Ziehzeit kannst du dich mit deiner Teetasse entspannt zur\u00fccklehnen und unseren Tee genie\u00dfen!<br \/>\n[BESTE QUALIT\u00c4T] Ohne Geschmacksverst\u00e4rker; Die Zutaten werden frisch bezogen, in die klassisch-eleganten Ankerkraut Korkengl\u00e4ser umgef\u00fcllt und nach sehr kurzer Lagerzeit an die Kunden versandt; 1x 185g loser Fr\u00fcchtetee im Korkenglas.<\/p>\n","protected":false},"featured_media":41522,"comment_status":"open","ping_status":"closed","template":"","meta":[],"product_brand":[],"product_cat":[29],"product_tag":[],"class_list":{"0":"post-41521","1":"product","2":"type-product","3":"status-publish","4":"has-post-thumbnail","6":"product_cat-fruechtetee","7":"pa_allergie-informationen-enthaelt-kann-senf-enthalten-kann-sellerie-enthalten","8":"pa_amazon-bestseller-rang-nr-25658-in-lebensmittel-getraenke-siehe-top-100-in-lebensmittel-getraenke-nr-294-in-fruechtetee","9":"pa_artikelgewicht-330-g","10":"pa_auslaufartikel-produktion-dur-nein","11":"pa_besonderheit-vegetarisch","12":"pa_durchschnittliche-kundenbewer-45-von-5-sternen-66-sternebewertungen-45-von-5-sternen","13":"pa_format-lose-blaetter","14":"pa_herkunftsort-der-primaeren-zu-deutschland","15":"pa_hersteller-ankerkraut-gmbh","16":"pa_im-angebot-von-amazon-de-seit-24-februar-2017","17":"pa_jahrgang-nv","18":"pa_koffeingehalt-niedriger-koffeingehalt","19":"pa_kontakt-zum-hersteller-ankerkraut-gmbh-reindorfer-osterberg-75-21266-jesteburg","20":"pa_marke-ankerkraut","21":"pa_netto-gewicht-185-gramm","22":"pa_netto-volumen-185-gramm","23":"pa_produktabmessungen-6-8-x-6-8-x-14-cm-330-gramm","24":"pa_stueckzahl-1-00-stueck","25":"pa_ursprungsland-deutschland","26":"pa_ursprungsland-der-primaeren-z-deutschland","28":"first","29":"instock","30":"shipping-taxable","31":"purchasable","32":"product-type-simple"},"_links":{"self":[{"href":"https:\/\/123-teezeit.de\/index.php?rest_route=\/wp\/v2\/product\/41521","targetHints":{"allow":["GET"]}}],"collection":[{"href":"https:\/\/123-teezeit.de\/index.php?rest_route=\/wp\/v2\/product"}],"about":[{"href":"https:\/\/123-teezeit.de\/index.php?rest_route=\/wp\/v2\/types\/product"}],"replies":[{"embeddable":true,"href":"https:\/\/123-teezeit.de\/index.php?rest_route=%2Fwp%2Fv2%2Fcomments&post=41521"}],"wp:featuredmedia":[{"embeddable":true,"href":"https:\/\/123-teezeit.de\/index.php?rest_route=\/wp\/v2\/media\/41522"}],"wp:attachment":[{"href":"https:\/\/123-teezeit.de\/index.php?rest_route=%2Fwp%2Fv2%2Fmedia&parent=41521"}],"wp:term":[{"taxonomy":"product_brand","embeddable":true,"href":"https:\/\/123-teezeit.de\/index.php?rest_route=%2Fwp%2Fv2%2Fproduct_brand&post=41521"},{"taxonomy":"product_cat","embeddable":true,"href":"https:\/\/123-teezeit.de\/index.php?rest_route=%2Fwp%2Fv2%2Fproduct_cat&post=41521"},{"taxonomy":"product_tag","embeddable":true,"href":"https:\/\/123-teezeit.de\/index.php?rest_route=%2Fwp%2Fv2%2Fproduct_tag&post=41521"}],"curies":[{"name":"wp","href":"https:\/\/api.w.org\/{rel}","templated":true}]}}