{"id":41524,"date":"2022-02-13T04:02:38","date_gmt":"2022-02-13T04:02:38","guid":{"rendered":"https:\/\/123-teezeit.de\/?product=dallmayr-teepyramide-sonnengruss-50-g"},"modified":"2023-04-08T10:00:31","modified_gmt":"2023-04-08T10:00:31","slug":"dallmayr-teepyramide-sonnengruss-50-g","status":"publish","type":"product","link":"https:\/\/123-teezeit.de\/?product=dallmayr-teepyramide-sonnengruss-50-g","title":{"rendered":"Dallmayr Teepyramide Sonnengru\u00df, 50 g"},"content":{"rendered":"<p><!-- show up to 2 reviews by default --> <\/p>\n<h3> <span>Inhaltsstoffe \/ Zutaten<\/span> <\/h3>\n<p> <span>Zutaten:Gr\u00fcner Tee, kandierte Mangost\u00fccke (5,5% &#8211; Mango, Zucker), nat\u00fcrliches Aroma, Zitronenschalen (2%), Kornblumenbl\u00fcten,Ringelblumenbl\u00fcten, Rosenbl\u00fctenbl\u00e4tter<\/span> <\/p>\n<h3> <span>Anschrift Hersteller\/Importeur<\/span> <\/h3>\n<p> <span>Dienerstr. 14-15 80331 M\u00fcnchen<\/span> <\/p>\n<p>Pyramidenbeutel biologisch abbaubar<br \/>\nOptimale Entfaltung der Zutaten<br \/>\nGeschmacksneutral<br \/>\nDie transparenten und geschmacksneutralen Pyramidenbeutel bieten ganzen Teebl\u00e4ttern und Bl\u00fcten ausreichend Raum, sich zu entfalten<br \/>\nGr\u00fcner Tee mit Mango-Zitronen-Aroma<br \/>\n<div class=\"main-cross-sell\" data-asin=\"B07D49LVGN\">\n\n\t<div class=\"WooZone-cross-sell-loader\">\n\t\t<div>\n\t\t\t<div id=\"floatingBarsG\">\n\t\t\t\t<div class=\"blockG\" id=\"rotateG_01\"><\/div>\n\t\t\t\t<div class=\"blockG\" id=\"rotateG_02\"><\/div>\n\t\t\t\t<div class=\"blockG\" id=\"rotateG_03\"><\/div>\n\t\t\t\t<div class=\"blockG\" id=\"rotateG_04\"><\/div>\n\t\t\t\t<div class=\"blockG\" id=\"rotateG_05\"><\/div>\n\t\t\t\t<div class=\"blockG\" id=\"rotateG_06\"><\/div>\n\t\t\t\t<div class=\"blockG\" id=\"rotateG_07\"><\/div>\n\t\t\t\t<div class=\"blockG\" id=\"rotateG_08\"><\/div>\n\t\t\t<\/div>\n\t\t\t<div class=\"WooZone-cross-sell-loader-text\"><\/div>\n\t\t<\/div>\n\t<\/div>\n\n\t\t\n<\/div>\n<div style=\"clear:both;\"><\/div><\/p>\n","protected":false},"excerpt":{"rendered":"<p>Pyramidenbeutel biologisch abbaubar<br \/>\nOptimale Entfaltung der Zutaten<br \/>\nGeschmacksneutral<\/p>\n","protected":false},"featured_media":41525,"comment_status":"open","ping_status":"closed","template":"","meta":[],"product_brand":[],"product_cat":[29],"product_tag":[],"class_list":{"0":"post-41524","1":"product","2":"type-product","3":"status-publish","4":"has-post-thumbnail","6":"product_cat-fruechtetee","7":"pa_amazon-bestseller-rang-nr-40258-in-lebensmittel-getraenke-siehe-top-100-in-lebensmittel-getraenke-nr-498-in-gruener-tee","8":"pa_artikelgewicht-50-g","9":"pa_besonderheit-lokal-muenchen","10":"pa_durchschnittliche-kundenbewer-48-von-5-sternen-14-sternebewertungen-48-von-5-sternen","11":"pa_hersteller-alois-dallmayr-kaffee-ohg","12":"pa_im-angebot-von-amazon-de-seit-16-mai-2018","13":"pa_kontakt-zum-hersteller-dienerstr-14-15-80331-muenchen","14":"pa_marke-dallmayr","15":"pa_netto-gewicht-50-gramm","16":"pa_produktbezeichnung-aromatisierter-gruener-tee-mit-mango-zitronen-geschmack","17":"pa_stueckzahl-50-0-gramm","18":"pa_ursprungsland-germany","19":"pa_verpackungsabmessungen-16-4-x-9-5-x-9-4-cm-50-gramm","20":"pa_zusatzstoffe-keine-deklarationspflichtigen-zusatzstoffe-vorhanden","22":"first","23":"instock","24":"shipping-taxable","25":"purchasable","26":"product-type-simple"},"_links":{"self":[{"href":"https:\/\/123-teezeit.de\/index.php?rest_route=\/wp\/v2\/product\/41524","targetHints":{"allow":["GET"]}}],"collection":[{"href":"https:\/\/123-teezeit.de\/index.php?rest_route=\/wp\/v2\/product"}],"about":[{"href":"https:\/\/123-teezeit.de\/index.php?rest_route=\/wp\/v2\/types\/product"}],"replies":[{"embeddable":true,"href":"https:\/\/123-teezeit.de\/index.php?rest_route=%2Fwp%2Fv2%2Fcomments&post=41524"}],"wp:featuredmedia":[{"embeddable":true,"href":"https:\/\/123-teezeit.de\/index.php?rest_route=\/wp\/v2\/media\/41525"}],"wp:attachment":[{"href":"https:\/\/123-teezeit.de\/index.php?rest_route=%2Fwp%2Fv2%2Fmedia&parent=41524"}],"wp:term":[{"taxonomy":"product_brand","embeddable":true,"href":"https:\/\/123-teezeit.de\/index.php?rest_route=%2Fwp%2Fv2%2Fproduct_brand&post=41524"},{"taxonomy":"product_cat","embeddable":true,"href":"https:\/\/123-teezeit.de\/index.php?rest_route=%2Fwp%2Fv2%2Fproduct_cat&post=41524"},{"taxonomy":"product_tag","embeddable":true,"href":"https:\/\/123-teezeit.de\/index.php?rest_route=%2Fwp%2Fv2%2Fproduct_tag&post=41524"}],"curies":[{"name":"wp","href":"https:\/\/api.w.org\/{rel}","templated":true}]}}