{"id":41529,"date":"2022-02-13T04:02:42","date_gmt":"2022-02-13T04:02:42","guid":{"rendered":"https:\/\/123-teezeit.de\/?product=tchibo-aromatisierte-fruechteteemischung-mit-hibiskus-himbeer-geschmack"},"modified":"2023-04-08T10:00:31","modified_gmt":"2023-04-08T10:00:31","slug":"tchibo-aromatisierte-fruechteteemischung-mit-hibiskus-himbeer-geschmack","status":"publish","type":"product","link":"https:\/\/123-teezeit.de\/?product=tchibo-aromatisierte-fruechteteemischung-mit-hibiskus-himbeer-geschmack","title":{"rendered":"Tchibo Aromatisierte Fr\u00fcchteteemischung mit Hibiskus-Himbeer-Geschmack"},"content":{"rendered":"<p><!-- show up to 2 reviews by default --> <\/p>\n<h3> <span>Produktbeschreibungen<\/span> <\/h3>\n<p> <span>Purer Fruchtgenuss von den Plantagen westlich des fruchtbaren Wei\u00dfen Nils nahe der Stadt Tandalti zu einem purem Fruchtgenuss.<\/span> <\/p>\n<h3> <span>Inhaltsstoffe \/ Zutaten<\/span> <\/h3>\n<p> <span>Hibiskus(38%); Hagebutten; \u00c4pfel; s\u00fc\u00dfe Brombeerbl\u00e4tter; Aroma (Himbeere)(7%); Aroma (Himbeere); Himbeeren(2%); Himbeeren; Orangenschalen; Apfelbestandteile; S\u00e4uerungsmittel: Citronens\u00e4ure<\/span> <\/p>\n<div data-a-expander-name=\"toggle_description\" class=\"a-row a-expander-container a-expander-extend-container\">\n<div class=\"a-expander-content a-expander-extend-content\">\n<h3> <span>Gebrauchsanweisung<\/span> <\/h3>\n<p> <span>Immer mit sprudelnd kochendem Wasser aufgie\u00dfen und mind. 5 Minuten ziehen lassen! Nur so erhalten Sie ein sicheres Lebensmittel!<\/span> <\/p>\n<h3> <span>Anschrift Hersteller\/Importeur<\/span> <\/h3>\n<p> <span>\u00dcberseering 18, 22297 Hamburg<\/span> <\/p>\n<\/p><\/div>\n<p> <a data-csa-c-func-deps=\"aui-da-a-expander-toggle\" data-csa-c-type=\"widget\" data-csa-interaction-events=\"click\" role=\"button\" href=\"void(0)\" data-action=\"a-expander-toggle\" class=\"a-expander-header a-declarative a-expander-extend-header\" data-a-expander-toggle=\"{\"><i class=\"a-icon a-icon-extender-expand\"><\/i><span class=\"a-expander-prompt\">Mehr<\/span><\/a> <\/div>\n<p>fruchtig &#8211; diese harmonische Fr\u00fcchteteemischung besticht durch eine betonte Hibiskus- und Himbeer-Note<br \/>\nfeinster Loseblatttee &#8211; die gro\u00dfen Blattst\u00fccke gew\u00e4hren den Geschmacksaromen freien Zugang zum Br\u00fchwasser<br \/>\ndie Darreichung im hochwertigen Nylon-Aufgussbeutel bewirkt eine intensive Aroma-Entfaltung und garantiert h\u00f6chsten Teegenuss<br \/>\nein Tee der Spitzenklasse, bei bequemer Handhabung<br \/>\n6 P\u00e4ckchen \u00e1 25 x 3g Beutel PURE Tea Selection Fr\u00fcchtetee Hibiskus &amp; Himbeere<br \/>\n<div class=\"main-cross-sell\" data-asin=\"B003H0JANS\">\n\n\t<div class=\"WooZone-cross-sell-loader\">\n\t\t<div>\n\t\t\t<div id=\"floatingBarsG\">\n\t\t\t\t<div class=\"blockG\" id=\"rotateG_01\"><\/div>\n\t\t\t\t<div class=\"blockG\" id=\"rotateG_02\"><\/div>\n\t\t\t\t<div class=\"blockG\" id=\"rotateG_03\"><\/div>\n\t\t\t\t<div class=\"blockG\" id=\"rotateG_04\"><\/div>\n\t\t\t\t<div class=\"blockG\" id=\"rotateG_05\"><\/div>\n\t\t\t\t<div class=\"blockG\" id=\"rotateG_06\"><\/div>\n\t\t\t\t<div class=\"blockG\" id=\"rotateG_07\"><\/div>\n\t\t\t\t<div class=\"blockG\" id=\"rotateG_08\"><\/div>\n\t\t\t<\/div>\n\t\t\t<div class=\"WooZone-cross-sell-loader-text\"><\/div>\n\t\t<\/div>\n\t<\/div>\n\n\t\t\n<\/div>\n<div style=\"clear:both;\"><\/div><\/p>\n","protected":false},"excerpt":{"rendered":"<p>fruchtig &#8211; diese harmonische Fr\u00fcchteteemischung besticht durch eine betonte Hibiskus- und Himbeer-Note<br \/>\nfeinster Loseblatttee &#8211; die gro\u00dfen Blattst\u00fccke gew\u00e4hren den Geschmacksaromen freien Zugang zum Br\u00fchwasser<br \/>\ndie Darreichung im hochwertigen Nylon-Aufgussbeutel bewirkt eine intensive Aroma-Entfaltung und garantiert h\u00f6chsten Teegenuss<\/p>\n","protected":false},"featured_media":41530,"comment_status":"open","ping_status":"closed","template":"","meta":[],"product_brand":[],"product_cat":[29],"product_tag":[],"class_list":{"0":"post-41529","1":"product","2":"type-product","3":"status-publish","4":"has-post-thumbnail","6":"product_cat-fruechtetee","7":"pa_amazon-bestseller-rang-nr-27246-in-lebensmittel-getraenke-siehe-top-100-in-lebensmittel-getraenke-nr-305-in-fruechtetee","8":"pa_batterien-erforderlich-nein","9":"pa_durchschnittliche-kundenbewer-46-von-5-sternen-105-sternebewertungen-46-von-5-sternen","10":"pa_im-angebot-von-amazon-de-seit-15-april-2010","11":"pa_kleidungsspezialitaet-vegetarisch","12":"pa_modellnummer-3297","13":"pa_produktabmessungen-9-3-x-8-31-x-21-31-cm-80-gramm","14":"pa_produktgewicht-0-08-kilogramm","16":"first","17":"instock","18":"shipping-taxable","19":"purchasable","20":"product-type-simple"},"_links":{"self":[{"href":"https:\/\/123-teezeit.de\/index.php?rest_route=\/wp\/v2\/product\/41529","targetHints":{"allow":["GET"]}}],"collection":[{"href":"https:\/\/123-teezeit.de\/index.php?rest_route=\/wp\/v2\/product"}],"about":[{"href":"https:\/\/123-teezeit.de\/index.php?rest_route=\/wp\/v2\/types\/product"}],"replies":[{"embeddable":true,"href":"https:\/\/123-teezeit.de\/index.php?rest_route=%2Fwp%2Fv2%2Fcomments&post=41529"}],"wp:featuredmedia":[{"embeddable":true,"href":"https:\/\/123-teezeit.de\/index.php?rest_route=\/wp\/v2\/media\/41530"}],"wp:attachment":[{"href":"https:\/\/123-teezeit.de\/index.php?rest_route=%2Fwp%2Fv2%2Fmedia&parent=41529"}],"wp:term":[{"taxonomy":"product_brand","embeddable":true,"href":"https:\/\/123-teezeit.de\/index.php?rest_route=%2Fwp%2Fv2%2Fproduct_brand&post=41529"},{"taxonomy":"product_cat","embeddable":true,"href":"https:\/\/123-teezeit.de\/index.php?rest_route=%2Fwp%2Fv2%2Fproduct_cat&post=41529"},{"taxonomy":"product_tag","embeddable":true,"href":"https:\/\/123-teezeit.de\/index.php?rest_route=%2Fwp%2Fv2%2Fproduct_tag&post=41529"}],"curies":[{"name":"wp","href":"https:\/\/api.w.org\/{rel}","templated":true}]}}