{"id":41533,"date":"2022-02-13T04:02:45","date_gmt":"2022-02-13T04:02:45","guid":{"rendered":"https:\/\/123-teezeit.de\/?product=teekanne-premium-fruit-selection-20-beutel-60g"},"modified":"2023-04-08T10:00:31","modified_gmt":"2023-04-08T10:00:31","slug":"teekanne-premium-fruit-selection-20-beutel-60g","status":"publish","type":"product","link":"https:\/\/123-teezeit.de\/?product=teekanne-premium-fruit-selection-20-beutel-60g","title":{"rendered":"Teekanne Premium Fruit Selection 20 Beutel, (60g)"},"content":{"rendered":"<p><!-- show up to 2 reviews by default --> <\/p>\n<h3> <span>Produktbeschreibungen<\/span> <\/h3>\n<p> <span>Faszinierende Tee-Spezialit\u00e4ten der Premium-Klasse. Komponiert f\u00fcr ein vollendetes Tee-Erlebnis. Garantiert h\u00f6chste Qualit\u00e4t f\u00fcr ein immerw\u00e4hrendes Genusserlebnis. Die Schwarz-Tees und der Rooibos-Tee beinhalten 100 % Rainforest-Alliance-zertifizierte Rohwaren.<br \/>Packungsmenge 20<\/span> <\/p>\n<h3> <span>Inhaltsstoffe \/ Zutaten<\/span> <\/h3>\n<p> <span>Zutaten: Hibiskus, \u00c4pfel, Hagebutten, Erdbeeraroma, Orangenar oma, nat\u00fcrliches Aroma, Erdbeeren, Orangenschalen, Steviabl\u00e4t ter<\/span> <\/p>\n<div data-a-expander-name=\"toggle_description\" class=\"a-row a-expander-container a-expander-extend-container\">\n<div class=\"a-expander-content a-expander-extend-content\">\n<h3> <span>Gebrauchsanweisung<\/span> <\/h3>\n<p> <span>Nehmen Sie f\u00fcr eine Tasse 1 Teebeutel. Mit sprudelnd kochendem Wasser aufgie\u00dfen und mindestens 5-8 Minuten ziehen lassen. Nur so erhalten Sie ein sicheres Lebensmittel!<\/span> <\/p>\n<h3> <span>Anschrift Hersteller\/Importeur<\/span> <\/h3>\n<p> <span>Teekanne GmbH &amp; Co. KG, Kevelaerer Str. 21-23, 40549 D\u00fcsseldorf, Deutschland<\/span> <\/p>\n<\/p><\/div>\n<p> <a data-csa-c-func-deps=\"aui-da-a-expander-toggle\" data-csa-c-type=\"widget\" data-csa-interaction-events=\"click\" role=\"button\" href=\"void(0)\" data-action=\"a-expander-toggle\" class=\"a-expander-header a-declarative a-expander-extend-header\" data-a-expander-toggle=\"{\"><i class=\"a-icon a-icon-extender-expand\"><\/i><span class=\"a-expander-prompt\">Mehr<\/span><\/a> <\/div>\n<p>nur nat\u00fcrliche Zutaten<br \/>\n20er Tassenportionen<br \/>\nAromaschutz-Umh\u00fcllung<br \/>\n<div class=\"main-cross-sell\" data-asin=\"B001IVRWY2\">\n\n\t<div class=\"WooZone-cross-sell-loader\">\n\t\t<div>\n\t\t\t<div id=\"floatingBarsG\">\n\t\t\t\t<div class=\"blockG\" id=\"rotateG_01\"><\/div>\n\t\t\t\t<div class=\"blockG\" id=\"rotateG_02\"><\/div>\n\t\t\t\t<div class=\"blockG\" id=\"rotateG_03\"><\/div>\n\t\t\t\t<div class=\"blockG\" id=\"rotateG_04\"><\/div>\n\t\t\t\t<div class=\"blockG\" id=\"rotateG_05\"><\/div>\n\t\t\t\t<div class=\"blockG\" id=\"rotateG_06\"><\/div>\n\t\t\t\t<div class=\"blockG\" id=\"rotateG_07\"><\/div>\n\t\t\t\t<div class=\"blockG\" id=\"rotateG_08\"><\/div>\n\t\t\t<\/div>\n\t\t\t<div class=\"WooZone-cross-sell-loader-text\"><\/div>\n\t\t<\/div>\n\t<\/div>\n\n\t\t\n<\/div>\n<div style=\"clear:both;\"><\/div><\/p>\n","protected":false},"excerpt":{"rendered":"<p>nur nat\u00fcrliche Zutaten<br \/>\n20er Tassenportionen<br \/>\nAromaschutz-Umh\u00fcllung<\/p>\n","protected":false},"featured_media":41534,"comment_status":"open","ping_status":"closed","template":"","meta":[],"product_brand":[],"product_cat":[29],"product_tag":[],"class_list":{"0":"post-41533","1":"product","2":"type-product","3":"status-publish","4":"has-post-thumbnail","6":"product_cat-fruechtetee","7":"pa_allergie-informationen-enthaelt-glutenfrei","8":"pa_amazon-bestseller-rang-nr-8405-in-lebensmittel-getraenke-siehe-top-100-in-lebensmittel-getraenke-nr-72-in-fruechtetee","9":"pa_artikelgewicht-60-g","10":"pa_aufbewahrung-vor-waerme-geschuetzt-und-trocken-lagern","11":"pa_auslaufartikel-produktion-dur-nein","12":"pa_besonderheit-lactosefrei-glutenfrei-zoeliakie-vertraeglich-ohne-kuenstliche-aromen","13":"pa_durchschnittliche-kundenbewer-46-von-5-sternen-81-sternebewertungen-46-von-5-sternen","14":"pa_herkunftsland-deutschland","15":"pa_hersteller-teekanne","16":"pa_im-angebot-von-amazon-de-seit-26-mai-2011","17":"pa_kontakt-zum-hersteller-teekanne-gmbh-co-kg-kevelaerer-str-21-23-40549-duesseldorf-deutschland","18":"pa_marke-teekanne","19":"pa_netto-gewicht-60-gramm","20":"pa_produktbezeichnung-fruechtetee-aromatisiert-erdbeer-und-orangenaroma","21":"pa_stueckzahl-3-0-gramm","22":"pa_ursprungsland-austria","23":"pa_verpackungsabmessungen-12-8-x-8-2-x-7-2-cm-60-gramm","24":"pa_zertifizierung-gruener-punkt-ara-verpackungskennzeichen","25":"pa_zusatzstoffe-hibiskus-aepfel-hagebutten-erdbeeraroma-orangenaroma-natuerliches-aroma-erdbeeren-orangenschalen-steviablaet-ter","27":"first","28":"instock","29":"shipping-taxable","30":"purchasable","31":"product-type-simple"},"_links":{"self":[{"href":"https:\/\/123-teezeit.de\/index.php?rest_route=\/wp\/v2\/product\/41533","targetHints":{"allow":["GET"]}}],"collection":[{"href":"https:\/\/123-teezeit.de\/index.php?rest_route=\/wp\/v2\/product"}],"about":[{"href":"https:\/\/123-teezeit.de\/index.php?rest_route=\/wp\/v2\/types\/product"}],"replies":[{"embeddable":true,"href":"https:\/\/123-teezeit.de\/index.php?rest_route=%2Fwp%2Fv2%2Fcomments&post=41533"}],"wp:featuredmedia":[{"embeddable":true,"href":"https:\/\/123-teezeit.de\/index.php?rest_route=\/wp\/v2\/media\/41534"}],"wp:attachment":[{"href":"https:\/\/123-teezeit.de\/index.php?rest_route=%2Fwp%2Fv2%2Fmedia&parent=41533"}],"wp:term":[{"taxonomy":"product_brand","embeddable":true,"href":"https:\/\/123-teezeit.de\/index.php?rest_route=%2Fwp%2Fv2%2Fproduct_brand&post=41533"},{"taxonomy":"product_cat","embeddable":true,"href":"https:\/\/123-teezeit.de\/index.php?rest_route=%2Fwp%2Fv2%2Fproduct_cat&post=41533"},{"taxonomy":"product_tag","embeddable":true,"href":"https:\/\/123-teezeit.de\/index.php?rest_route=%2Fwp%2Fv2%2Fproduct_tag&post=41533"}],"curies":[{"name":"wp","href":"https:\/\/api.w.org\/{rel}","templated":true}]}}