{"id":41592,"date":"2022-02-13T04:08:41","date_gmt":"2022-02-13T04:08:41","guid":{"rendered":"https:\/\/123-teezeit.de\/?product=miapanda-mamazauber-bio-schwangerschaftstee-mit-wohltuenden-kraeutern"},"modified":"2023-04-09T10:30:25","modified_gmt":"2023-04-09T10:30:25","slug":"miapanda-mamazauber-bio-schwangerschaftstee-mit-wohltuenden-kraeutern","status":"publish","type":"product","link":"https:\/\/123-teezeit.de\/?product=miapanda-mamazauber-bio-schwangerschaftstee-mit-wohltuenden-kraeutern","title":{"rendered":"miapanda Mamazauber \u2013 Bio Schwangerschaftstee mit wohltuenden Kr\u00e4utern (DE-\u00d6KO-037)"},"content":{"rendered":"<p>&#x2764;&#xfe0f; Genie\u00dfe unseren aromatischen Mama Tee w\u00e4hrend deiner gesamten Schwangerschaft in jeder SSW mit 1 bis 3 Tassen pro Tag.<br \/>\n&#x1f375; F\u00fchl dich wohl in deiner Schwangerschaft mit Tee aus sorgf\u00e4ltig abgestimmten Frauenkr\u00e4utern nach altbew\u00e4hrter Hebammen Rezeptur<br \/>\n&#x1f33c; Unser Tee f\u00fcr Schwangere enth\u00e4lt Rooibos, Brennnessel, Frauenmantel, Schafgarbe, Zitronengras, Melisse, Johanniskraut und Schachtelhalm.<br \/>\n&#x1f331; Alle Zutaten sind zu 100 % in BIO-Qualit\u00e4t (DE-\u00d6KO-037) und frei von Spritz- und D\u00fcngemitteln.<br \/>\n&#x1f930;Kombiniere unseren Tee f\u00fcr die Schwangerschaft mit miapanda 2 &#8211; mit hochwertiger Fols\u00e4ure und veganem, nachhaltigen Omega 3.<br \/>\n<div class=\"main-cross-sell\" data-asin=\"B097HJBBNK\">\n\n\t<div class=\"WooZone-cross-sell-loader\">\n\t\t<div>\n\t\t\t<div id=\"floatingBarsG\">\n\t\t\t\t<div class=\"blockG\" id=\"rotateG_01\"><\/div>\n\t\t\t\t<div class=\"blockG\" id=\"rotateG_02\"><\/div>\n\t\t\t\t<div class=\"blockG\" id=\"rotateG_03\"><\/div>\n\t\t\t\t<div class=\"blockG\" id=\"rotateG_04\"><\/div>\n\t\t\t\t<div class=\"blockG\" id=\"rotateG_05\"><\/div>\n\t\t\t\t<div class=\"blockG\" id=\"rotateG_06\"><\/div>\n\t\t\t\t<div class=\"blockG\" id=\"rotateG_07\"><\/div>\n\t\t\t\t<div class=\"blockG\" id=\"rotateG_08\"><\/div>\n\t\t\t<\/div>\n\t\t\t<div class=\"WooZone-cross-sell-loader-text\"><\/div>\n\t\t<\/div>\n\t<\/div>\n\n\t\t\n<\/div>\n<div style=\"clear:both;\"><\/div><\/p>\n","protected":false},"excerpt":{"rendered":"<p>&#x2764;&#xfe0f; Genie\u00dfe unseren aromatischen Mama Tee w\u00e4hrend deiner gesamten Schwangerschaft in jeder SSW mit 1 bis 3 Tassen pro Tag.<br \/>\n&#x1f375; F\u00fchl dich wohl in deiner Schwangerschaft mit Tee aus sorgf\u00e4ltig abgestimmten Frauenkr\u00e4utern nach altbew\u00e4hrter Hebammen Rezeptur<br \/>\n&#x1f33c; Unser Tee f\u00fcr Schwangere enth\u00e4lt Rooibos, Brennnessel, Frauenmantel, Schafgarbe, Zitronengras, Melisse, Johanniskraut und Schachtelhalm.<\/p>\n","protected":false},"featured_media":41593,"comment_status":"open","ping_status":"closed","template":"","meta":[],"product_brand":[],"product_cat":[15],"product_tag":[],"class_list":{"0":"post-41592","1":"product","2":"type-product","3":"status-publish","4":"has-post-thumbnail","6":"product_cat-bio-tee","7":"pa_amazon-bestseller-rang-nr-1024-in-lebensmittel-getraenke-siehe-top-100-in-lebensmittel-getraenke-nr-19-in-kraeutertee","8":"pa_artikelgewicht-84-g","9":"pa_besonderheit-bio","10":"pa_durchschnittliche-kundenbewer-46-von-5-sternen-33-sternebewertungen-46-von-5-sternen","11":"pa_herkunftsland-deutschland","12":"pa_hersteller-health1-gmbh","13":"pa_im-angebot-von-amazon-de-seit-18-juni-2021","14":"pa_marke-miapanda","15":"pa_servierempfehlung-1-2-tl-pro-tasse-ca-250ml-bei-100c","16":"pa_stueckzahl-70-0-gramm","17":"pa_verpackungsabmessungen-22-2-x-15-3-x-5-3-cm","19":"first","20":"instock","21":"shipping-taxable","22":"purchasable","23":"product-type-simple"},"_links":{"self":[{"href":"https:\/\/123-teezeit.de\/index.php?rest_route=\/wp\/v2\/product\/41592","targetHints":{"allow":["GET"]}}],"collection":[{"href":"https:\/\/123-teezeit.de\/index.php?rest_route=\/wp\/v2\/product"}],"about":[{"href":"https:\/\/123-teezeit.de\/index.php?rest_route=\/wp\/v2\/types\/product"}],"replies":[{"embeddable":true,"href":"https:\/\/123-teezeit.de\/index.php?rest_route=%2Fwp%2Fv2%2Fcomments&post=41592"}],"wp:featuredmedia":[{"embeddable":true,"href":"https:\/\/123-teezeit.de\/index.php?rest_route=\/wp\/v2\/media\/41593"}],"wp:attachment":[{"href":"https:\/\/123-teezeit.de\/index.php?rest_route=%2Fwp%2Fv2%2Fmedia&parent=41592"}],"wp:term":[{"taxonomy":"product_brand","embeddable":true,"href":"https:\/\/123-teezeit.de\/index.php?rest_route=%2Fwp%2Fv2%2Fproduct_brand&post=41592"},{"taxonomy":"product_cat","embeddable":true,"href":"https:\/\/123-teezeit.de\/index.php?rest_route=%2Fwp%2Fv2%2Fproduct_cat&post=41592"},{"taxonomy":"product_tag","embeddable":true,"href":"https:\/\/123-teezeit.de\/index.php?rest_route=%2Fwp%2Fv2%2Fproduct_tag&post=41592"}],"curies":[{"name":"wp","href":"https:\/\/api.w.org\/{rel}","templated":true}]}}