{"id":41604,"date":"2022-02-13T04:08:52","date_gmt":"2022-02-13T04:08:52","guid":{"rendered":"https:\/\/123-teezeit.de\/?product=azafran-bio-rooibos-tee-lose-rotbuschtee-natur-250g"},"modified":"2026-01-10T00:07:36","modified_gmt":"2026-01-10T00:07:36","slug":"azafran-bio-rooibos-tee-lose-rotbuschtee-natur-250g","status":"publish","type":"product","link":"https:\/\/123-teezeit.de\/?product=azafran-bio-rooibos-tee-lose-rotbuschtee-natur-250g","title":{"rendered":"Azafran BIO Rooibos Tee lose &#8211; Rotbuschtee Natur 250g"},"content":{"rendered":"<p>Bio Rooibos Tee Natural lose 250g &#8211; Rotbuschtee aus biologischen Anbau in S\u00fcdafrika. Der Rooibos stammt aus kontrolliertem \u00f6kologischen Anbau in S\u00fcdafrika. Er zeichnet sich durch eine attraktive Farbe und aromatischen Geschmack aus. Verwenden k\u00f6nnen Sie das Nationalgetr\u00e4nk von S\u00fcdafrika auch zusammen mit Fruchts\u00e4ften und einem Schu\u00df Sahne. Eignen wird sich ihr Rooibos Tee auch als Basis f\u00fcr Teemischungen (z.B. in Kombination mit Gew\u00fcrzen wie Vanille oder unseren Trockfr\u00fcchten wie Erdbeere oder Sauerkirschen). Zubereitungsempfehlung: 1-2 TL (2-3g) pro 200ml Wasser (100\u00b0C), Ziehzeit: 3-5 Minuten<br \/>\nAuf Pestizide etc gepr\u00fcft und kontolliert!  <a href=\"https:\/\/corinnakopfonlyfans.blog\/\" target=\"_blank\">corinnakopf leaks<\/a> \u00d6ko-Kontrollstelle: DE-\u00d6KO-009<br \/>\n<div class=\"main-cross-sell\" data-asin=\"B08J4693PB\">\n\n\t<div class=\"WooZone-cross-sell-loader\">\n\t\t<div>\n\t\t\t<div id=\"floatingBarsG\">\n\t\t\t\t<div class=\"blockG\" id=\"rotateG_01\"><\/div>\n\t\t\t\t<div class=\"blockG\" id=\"rotateG_02\"><\/div>\n\t\t\t\t<div class=\"blockG\" id=\"rotateG_03\"><\/div>\n\t\t\t\t<div class=\"blockG\" id=\"rotateG_04\"><\/div>\n\t\t\t\t<div class=\"blockG\" id=\"rotateG_05\"><\/div>\n\t\t\t\t<div class=\"blockG\" id=\"rotateG_06\"><\/div>\n\t\t\t\t<div class=\"blockG\" id=\"rotateG_07\"><\/div>\n\t\t\t\t<div class=\"blockG\" id=\"rotateG_08\"><\/div>\n\t\t\t<\/div>\n\t\t\t<div class=\"WooZone-cross-sell-loader-text\"><\/div>\n\t\t<\/div>\n\t<\/div>\n\n\t\t\n<\/div>\n<div style=\"clear:both;\"><\/div><\/p>\n","protected":false},"excerpt":{"rendered":"<p>Bio Rooibos Tee Natural lose 250g &#8211; Rotbuschtee aus biologischen Anbau in S\u00fcdafrika.<br \/>\nDer Rooibos stammt aus kontrolliertem \u00f6kologischen Anbau in S\u00fcdafrika. Er zeichnet sich durch eine attraktive Farbe und aromatischen Geschmack aus. Verwenden k\u00f6nnen Sie das Nationalgetr\u00e4nk von S\u00fcdafrika auch zusammen mit Fruchts\u00e4ften und einem Schu\u00df Sahne.<br \/>\nEignen wird sich ihr Rooibos Tee auch als Basis f\u00fcr Teemischungen (z.B. in Kombination mit Gew\u00fcrzen wie Vanille oder unseren Trockfr\u00fcchten wie Erdbeere oder Sauerkirschen).<\/p>\n","protected":false},"featured_media":41605,"comment_status":"open","ping_status":"closed","template":"","meta":[],"product_brand":[],"product_cat":[15],"product_tag":[],"class_list":{"0":"post-41604","1":"product","2":"type-product","3":"status-publish","4":"has-post-thumbnail","6":"product_cat-bio-tee","7":"pa_allergie-informationen-enthaelt-glutenfrei","8":"pa_amazon-bestseller-rang-nr-2814-in-lebensmittel-getraenke-siehe-top-100-in-lebensmittel-getraenke-nr-27-in-fruechtetee","9":"pa_artikelgewicht-250-g","10":"pa_aufbewahrung-trocken-und-lichtgeschuetzt-lagern","11":"pa_auslaufartikel-produktion-dur-nein","12":"pa_besonderheit-ohne-farbstoffzusatz-ohne-zusatz-von-aromen-vegetarisch-vegan-ohne-konservierungsstoffe","13":"pa_durchschnittliche-kundenbewer-48-von-5-sternen-200-sternebewertungen-48-von-5-sternen","14":"pa_format-lose-blaetter","15":"pa_herkunftsland-deutschland","16":"pa_hersteller-azafran","17":"pa_im-angebot-von-amazon-de-seit-1-februar-2014","18":"pa_marke-azafran","19":"pa_netto-gewicht-250-gramm","20":"pa_stueckzahl-250-0-gramm","21":"pa_verpackungsabmessungen-26-3-x-14-x-6-cm-250-gramm","22":"pa_zertifizierung-bio-nach-eg-oeko-verordnung","24":"first","25":"instock","26":"shipping-taxable","27":"purchasable","28":"product-type-simple"},"_links":{"self":[{"href":"https:\/\/123-teezeit.de\/index.php?rest_route=\/wp\/v2\/product\/41604","targetHints":{"allow":["GET"]}}],"collection":[{"href":"https:\/\/123-teezeit.de\/index.php?rest_route=\/wp\/v2\/product"}],"about":[{"href":"https:\/\/123-teezeit.de\/index.php?rest_route=\/wp\/v2\/types\/product"}],"replies":[{"embeddable":true,"href":"https:\/\/123-teezeit.de\/index.php?rest_route=%2Fwp%2Fv2%2Fcomments&post=41604"}],"wp:featuredmedia":[{"embeddable":true,"href":"https:\/\/123-teezeit.de\/index.php?rest_route=\/wp\/v2\/media\/41605"}],"wp:attachment":[{"href":"https:\/\/123-teezeit.de\/index.php?rest_route=%2Fwp%2Fv2%2Fmedia&parent=41604"}],"wp:term":[{"taxonomy":"product_brand","embeddable":true,"href":"https:\/\/123-teezeit.de\/index.php?rest_route=%2Fwp%2Fv2%2Fproduct_brand&post=41604"},{"taxonomy":"product_cat","embeddable":true,"href":"https:\/\/123-teezeit.de\/index.php?rest_route=%2Fwp%2Fv2%2Fproduct_cat&post=41604"},{"taxonomy":"product_tag","embeddable":true,"href":"https:\/\/123-teezeit.de\/index.php?rest_route=%2Fwp%2Fv2%2Fproduct_tag&post=41604"}],"curies":[{"name":"wp","href":"https:\/\/api.w.org\/{rel}","templated":true}]}}