{"id":41627,"date":"2022-02-13T04:09:07","date_gmt":"2022-02-13T04:09:07","guid":{"rendered":"https:\/\/123-teezeit.de\/?product=stimmgold-tee-bio-15-fb"},"modified":"2023-04-09T10:30:25","modified_gmt":"2023-04-09T10:30:25","slug":"stimmgold-tee-bio-15-fb","status":"publish","type":"product","link":"https:\/\/123-teezeit.de\/?product=stimmgold-tee-bio-15-fb","title":{"rendered":"Stimmgold Tee bio 15 FB"},"content":{"rendered":"<p><!-- show up to 2 reviews by default --> <\/p>\n<h3> <span>Produktbeschreibung<\/span> <\/h3>\n<p> <span>Produktbeschreibung Wellbeing Tee &#8211; Wer seinen Stimmorganen etwas Gutes tun will trinkt \u201eStimmgold\u201c. Fein s\u00fc\u00dfe Lindenbl\u00fcten kombiniert mit den kr\u00e4ftig w\u00fcrzigen Klassikern Thymian und Salbei. Nelke und Eukalyptus intensivieren und erfrischen mit ihren starken \u00e4therischen \u00d6len. Die Bl\u00e4tter der schwarzen Johannisbeere und w\u00e4rmendes S\u00fc\u00dfholz runden den Genuss ab. So flie\u00dft Stimmgold wohlig durch den Gaumen. Damit kann man sich etwas Gutes tun. Ob \u201eVoller Schwung\u201c in den Morgen oder \u201eRuhig &amp; Gut\u201c durch die Nacht, mit \u201eStimmgold\u201c den Hals pflegen oder ausgeglichen durch die Zeit des weiblichen Wandels \u2013 die acht neuen Kr\u00e4utertee-Kompositionen von Herbaria bringen Wohlgef\u00fchl und Lebensfreude ins Teeregal. Den richtigen Tee zur rechten Zeit &#8211; acht Mischungen speziell abgestimmt auf ganz unterschiedliche Bed\u00fcrfnisse und Lebenslagen. Alle Zutaten sind nat\u00fcrlich aus kontrolliert biologischem Anbau und werden mit gr\u00f6\u00dfter Sorgfalt auf Beikr\u00e4uter, Schadstoffe usw. labortechnisch gepr\u00fcft. So wird es garantiert ein sicherer Genu\u00df. Inhaltsstoffe \/ Zutaten Zutaten:Lindenbl\u00fcten, Thymian, S\u00fc\u00dfholz, Schwarze Johannisbeerbl\u00e4tter, Eukalyptus, Salbei, Nelke. Aus kontrolliert biologischem Anbau. Gebrauchsanweisung Einen Filterbeutel pro Tasse mit 200 ml sprudelnd kochendem Wasser \u00fcbergie\u00dfen, 5-10 Minuten ziehen lassen.<\/span> <\/p>\n<h3> <span>Inhaltsstoffe \/ Zutaten<\/span> <\/h3>\n<p> <span>Zutaten:Lindenbl\u00fcten, Thymian, S\u00fc\u00dfholz, Schwarze Johannisbeerbl\u00e4tter, Eukalyptus, Salbei, Nelke. Aus kontrolliert biologischem Anbau.<\/span> <\/p>\n<div data-a-expander-name=\"toggle_description\" class=\"a-row a-expander-container a-expander-extend-container\">\n<div class=\"a-expander-content a-expander-extend-content\">\n<h3> <span>Gebrauchsanweisung<\/span> <\/h3>\n<p> <span>Einen Filterbeutel pro Tasse mit 200 ml sprudelnd kochendem Wasser \u00fcbergie\u00dfen, 5-10 Minuten ziehen lassen.<\/span> <\/p>\n<h3> <span>Anschrift Hersteller\/Importeur<\/span> <\/h3>\n<p> <span>Herbaria-Kr\u00e4uterparadies GmbH; Hagnbergstr.; 83730 Fischbachau<\/span> <\/p>\n<\/p><\/div>\n<p> <a data-csa-c-func-deps=\"aui-da-a-expander-toggle\" data-csa-c-type=\"widget\" data-csa-interaction-events=\"click\" role=\"button\" href=\"void(0)\" data-action=\"a-expander-toggle\" class=\"a-expander-header a-declarative a-expander-extend-header\" data-a-expander-toggle=\"{\"><i class=\"a-icon a-icon-extender-expand\"><\/i><span class=\"a-expander-prompt\">Mehr<\/span><\/a> <\/div>\n<p>Wir haben fein s\u00fc\u00dfe Lindenbl\u00fcten mit den kr\u00e4ftig w\u00fcrzigen Klassikern Thymian und Salbei kombiniert<br \/>\nNelke und Eukalyptus intensivieren und erfrischen mit Ihren starken \u00e4therischen \u00d6len<br \/>\nDie Bl\u00e4tter der schwarzen Johannisbeere und w\u00e4rmendes S\u00fc\u00dfholz runden den Genuss ab. So flie\u00dft Stimmgold wohlig durch den Gaumen<br \/>\nMit folgenden Zutaten: Lindenbl\u00fcten, Thymian, S\u00fc\u00dfholz, Schwarze Johannisbeerbl\u00e4tter, Eukalyptus, Salbei, Nelke. Aus kontrolliert biologischem Anbau<br \/>\n<div class=\"main-cross-sell\" data-asin=\"B082VNXZY6\">\n\n\t<div class=\"WooZone-cross-sell-loader\">\n\t\t<div>\n\t\t\t<div id=\"floatingBarsG\">\n\t\t\t\t<div class=\"blockG\" id=\"rotateG_01\"><\/div>\n\t\t\t\t<div class=\"blockG\" id=\"rotateG_02\"><\/div>\n\t\t\t\t<div class=\"blockG\" id=\"rotateG_03\"><\/div>\n\t\t\t\t<div class=\"blockG\" id=\"rotateG_04\"><\/div>\n\t\t\t\t<div class=\"blockG\" id=\"rotateG_05\"><\/div>\n\t\t\t\t<div class=\"blockG\" id=\"rotateG_06\"><\/div>\n\t\t\t\t<div class=\"blockG\" id=\"rotateG_07\"><\/div>\n\t\t\t\t<div class=\"blockG\" id=\"rotateG_08\"><\/div>\n\t\t\t<\/div>\n\t\t\t<div class=\"WooZone-cross-sell-loader-text\"><\/div>\n\t\t<\/div>\n\t<\/div>\n\n\t\t\n<\/div>\n<div style=\"clear:both;\"><\/div><\/p>\n","protected":false},"excerpt":{"rendered":"<p>Wir haben fein s\u00fc\u00dfe Lindenbl\u00fcten mit den kr\u00e4ftig w\u00fcrzigen Klassikern Thymian und Salbei kombiniert<br \/>\nNelke und Eukalyptus intensivieren und erfrischen mit Ihren starken \u00e4therischen \u00d6len<br \/>\nDie Bl\u00e4tter der schwarzen Johannisbeere und w\u00e4rmendes S\u00fc\u00dfholz runden den Genuss ab. So flie\u00dft Stimmgold wohlig durch den Gaumen<\/p>\n","protected":false},"featured_media":41628,"comment_status":"open","ping_status":"closed","template":"","meta":[],"product_brand":[],"product_cat":[15],"product_tag":[],"class_list":{"0":"post-41627","1":"product","2":"type-product","3":"status-publish","4":"has-post-thumbnail","6":"product_cat-bio-tee","7":"pa_amazon-bestseller-rang-nr-37315-in-lebensmittel-getraenke-siehe-top-100-in-lebensmittel-getraenke-nr-1483-in-kraeutertee-nr-8074-in-esoterik-buecher","8":"pa_artikelgewicht-25-g","9":"pa_aufbewahrung-kuehl-und-trocken-lagern","10":"pa_besonderheit-ohne-gentechnik-bio-ohne-kuenstliche-farben-vegan-ohne-kuenstliche-aromen","11":"pa_durchschnittliche-kundenbewer-44-von-5-sternen-9-sternebewertungen-44-von-5-sternen","12":"pa_format-beutel","13":"pa_herkunftsland-deutschland","14":"pa_herkunftsort-der-primaeren-zu-deutschland","15":"pa_hersteller-herbaria-gmbh","16":"pa_im-angebot-von-amazon-de-seit-15-januar-2020","17":"pa_jahrgang-nv","18":"pa_kontakt-zum-hersteller-herbaria-kraeuterparadies-gmbh-hagnbergstr-83730-fischbachau","19":"pa_marke-herbaria","20":"pa_netto-gewicht-24-gramm","21":"pa_produktabmessungen-8-x-11-x-7-cm-25-gramm","22":"pa_produktbezeichnung-kraeutertee","23":"pa_stueckzahl-24-0-gramm","24":"pa_ursprungsland-germany","25":"pa_ursprungsland-der-primaeren-z-diverse-laender","26":"pa_zertifizierung-eu-logo-fuer-oekologische-landwirtschaft-bio-siegel-deutschland","28":"first","29":"instock","30":"shipping-taxable","31":"purchasable","32":"product-type-simple"},"_links":{"self":[{"href":"https:\/\/123-teezeit.de\/index.php?rest_route=\/wp\/v2\/product\/41627","targetHints":{"allow":["GET"]}}],"collection":[{"href":"https:\/\/123-teezeit.de\/index.php?rest_route=\/wp\/v2\/product"}],"about":[{"href":"https:\/\/123-teezeit.de\/index.php?rest_route=\/wp\/v2\/types\/product"}],"replies":[{"embeddable":true,"href":"https:\/\/123-teezeit.de\/index.php?rest_route=%2Fwp%2Fv2%2Fcomments&post=41627"}],"wp:featuredmedia":[{"embeddable":true,"href":"https:\/\/123-teezeit.de\/index.php?rest_route=\/wp\/v2\/media\/41628"}],"wp:attachment":[{"href":"https:\/\/123-teezeit.de\/index.php?rest_route=%2Fwp%2Fv2%2Fmedia&parent=41627"}],"wp:term":[{"taxonomy":"product_brand","embeddable":true,"href":"https:\/\/123-teezeit.de\/index.php?rest_route=%2Fwp%2Fv2%2Fproduct_brand&post=41627"},{"taxonomy":"product_cat","embeddable":true,"href":"https:\/\/123-teezeit.de\/index.php?rest_route=%2Fwp%2Fv2%2Fproduct_cat&post=41627"},{"taxonomy":"product_tag","embeddable":true,"href":"https:\/\/123-teezeit.de\/index.php?rest_route=%2Fwp%2Fv2%2Fproduct_tag&post=41627"}],"curies":[{"name":"wp","href":"https:\/\/api.w.org\/{rel}","templated":true}]}}