{"id":41662,"date":"2022-02-13T04:09:27","date_gmt":"2022-02-13T04:09:27","guid":{"rendered":"https:\/\/123-teezeit.de\/?product=pukka-peace-bio-kraeutertee-80-teebeutel-4er-pack-4x20-teebeutel"},"modified":"2023-04-09T10:30:26","modified_gmt":"2023-04-09T10:30:26","slug":"pukka-peace-bio-kraeutertee-80-teebeutel-4er-pack-4x20-teebeutel","status":"publish","type":"product","link":"https:\/\/123-teezeit.de\/?product=pukka-peace-bio-kraeutertee-80-teebeutel-4er-pack-4x20-teebeutel","title":{"rendered":"Pukka Bio-Kr\u00e4utertee Peace, 80 Teebeutel, 4er Pack (4&#215;20 Teebeutel)"},"content":{"rendered":"<p><!-- show up to 2 reviews by default --> <\/p>\n<h3> <span>Produktbeschreibung<\/span> <\/h3>\n<p> <span>Sehnst du dich auch manchmal nach einem ruhigen Moment? Lehn dich zur\u00fcck, atme tief ein und g\u00f6nn dir eine kleine Wohlf\u00fchlpause mit unserem neuen Bio-Kr\u00e4utertee \u201ePeace\u201c. Unser Pukka Kr\u00e4uterexperte und Mitbegr\u00fcnder Sebastian Pole verwendet f\u00fcr diese friedvolle Kr\u00e4utertee-Tasse Bio-Hanfbl\u00e4tter, -Gr\u00fcne Minze, -Lavendel, -Kamillebl\u00fcten, -S\u00fc\u00dfholz und -Ashwagandha. H\u00fclle deinen K\u00f6rper und Geist in den Zauber dieses Naturgeschenks und feiere die Gelassenheit. Achtsamkeits\u00fcbung f\u00fcr innere Gelassenheit: Nimm dir in der Hektik des Alltags einen bewussten Moment nur f\u00fcr dich. Schlie\u00dfe f\u00fcr ca. 90 Sekunden die Augen f\u00fcr einen \u201eMindful Moment\u201c. G\u00f6nne dir eine Tasse Bio-Tee und nehme ganz bewusst wahr, was gerade ist: Halte die Tasse und ersp\u00fcre ihre Form mit den H\u00e4nden, f\u00fchle die W\u00e4rme, rieche den Duft und sp\u00fcre den ersten Tropfen an deinen Lippen. Die Entwicklung unserer k\u00f6stlichen Tees beginnt mit den qualitativ besten Bio-Kr\u00e4utern. Sie sind reich an nat\u00fcrlichen \u00d6len und werden von uns umsichtig und nach den Prinzipien des ethischen Handels aus \u00fcber 50 L\u00e4ndern weltweit beschafft. Durch die unglaubliche Kraft der Pflanzen wollen wir dich dazu inspirieren, ein bewussteres Leben zu f\u00fchren. Wir setzen uns t\u00e4glich daf\u00fcr ein, zum Wachsen eines \u201ePukka-Planeten\u201c beizutragen, der den Menschen, den Pflanzen und der Erde gut tut.<\/span> <\/p>\n<h3> <span>Inhaltsstoffe \/ Zutaten<\/span> <\/h3>\n<p> <span>Zutaten: Kamillenbl\u00fcten, Gr\u00fcne Minzbl\u00e4tter (36%), S\u00fc\u00dfholzwurzel, Lavendelbl\u00fcten, Hanf (Cannabis sativa) (6%), Ashwagandhawurzel (4%).<\/span> <\/p>\n<div data-a-expander-name=\"toggle_description\" class=\"a-row a-expander-container a-expander-extend-container\">\n<div class=\"a-expander-content a-expander-extend-content\">\n<h3> <span>Gebrauchsanweisung<\/span> <\/h3>\n<p> <span>Mit kochendem Wasser den Tee aufgie\u00dfen und 5 bis 15 Minuten ziehen lassen<\/span> <\/p>\n<h3> <span>Warnhinweise<\/span> <\/h3>\n<p> <span>Nein<\/span> <\/p>\n<h3> <span>Anschrift Hersteller\/Importeur<\/span> <\/h3>\n<p> <span>Weena 455, Rotterdam, 3013 AL, Niederlande<\/span> <\/p>\n<\/p><\/div>\n<p> <a data-csa-c-func-deps=\"aui-da-a-expander-toggle\" data-csa-c-type=\"widget\" data-csa-interaction-events=\"click\" role=\"button\" href=\"void(0)\" data-action=\"a-expander-toggle\" class=\"a-expander-header a-declarative a-expander-extend-header\" data-a-expander-toggle=\"{\"><i class=\"a-icon a-icon-extender-expand\"><\/i><span class=\"a-expander-prompt\">Mehr<\/span><\/a> <\/div>\n<p>Es kann zur Auslieferung von verschiedenen Artikeldesigns kommen. Der Inhalt bleibt weiterhin unver\u00e4ndert 100% Pukka.<br \/>\nPukka Peace Bio-Tee der Gelassenheit: Ein friedvoller Bio-Kr\u00e4utertee mit Hanf, Gr\u00fcner Minze, Lavendel und Ashwagandha \u2013 komponiert f\u00fcr ruhige Momente<br \/>\n1 Teebeutel mit frisch aufgekochtem Wasser \u00fcbergie\u00dfen und mindestens 5-15 Minuten ziehen lassen<br \/>\n100 Prozent biologische Zutaten aus ethischer Herkunft. 1 Prozent aller Pukka-Ums\u00e4tze gehen im Rahmen von &#8222;1 % for the Planet&#8220; an Umwelt- und Sozialprojekte. Bio-Kr\u00e4utertees von Pukka f\u00fcr das B\u00fcro, die Teek\u00fcche oder zu Hause<br \/>\nDie Verpackung stammt aus nachhaltig produziertem, recycelbarem Karton mit pflanzenbasierter Farbe<br \/>\nAus ausgew\u00e4hlten Bio-Kr\u00e4utern &amp; Fr\u00fcchten kreieren unsere Kr\u00e4uter-Experten einzigartige Tee-Kompositionen. Alle Pukka-Kr\u00e4uter stammen aus biologischem Anbau: Jede Tasse Pukka Tee ist im Einklang mit der Natur<br \/>\n<div class=\"main-cross-sell\" data-asin=\"B081HDWQ14\">\n\n\t<div class=\"WooZone-cross-sell-loader\">\n\t\t<div>\n\t\t\t<div id=\"floatingBarsG\">\n\t\t\t\t<div class=\"blockG\" id=\"rotateG_01\"><\/div>\n\t\t\t\t<div class=\"blockG\" id=\"rotateG_02\"><\/div>\n\t\t\t\t<div class=\"blockG\" id=\"rotateG_03\"><\/div>\n\t\t\t\t<div class=\"blockG\" id=\"rotateG_04\"><\/div>\n\t\t\t\t<div class=\"blockG\" id=\"rotateG_05\"><\/div>\n\t\t\t\t<div class=\"blockG\" id=\"rotateG_06\"><\/div>\n\t\t\t\t<div class=\"blockG\" id=\"rotateG_07\"><\/div>\n\t\t\t\t<div class=\"blockG\" id=\"rotateG_08\"><\/div>\n\t\t\t<\/div>\n\t\t\t<div class=\"WooZone-cross-sell-loader-text\"><\/div>\n\t\t<\/div>\n\t<\/div>\n\n\t\t\n<\/div>\n<div style=\"clear:both;\"><\/div><\/p>\n","protected":false},"excerpt":{"rendered":"<p>Es kann zur Auslieferung von verschiedenen Artikeldesigns kommen. Der Inhalt bleibt weiterhin unver\u00e4ndert 100% Pukka.<br \/>\nPukka Peace Bio-Tee der Gelassenheit: Ein friedvoller Bio-Kr\u00e4utertee mit Hanf, Gr\u00fcner Minze, Lavendel und Ashwagandha \u2013 komponiert f\u00fcr ruhige Momente<br \/>\n1 Teebeutel mit frisch aufgekochtem Wasser \u00fcbergie\u00dfen und mindestens 5-15 Minuten ziehen lassen<\/p>\n","protected":false},"featured_media":41663,"comment_status":"open","ping_status":"closed","template":"","meta":[],"product_brand":[],"product_cat":[15],"product_tag":[],"class_list":{"0":"post-41662","1":"product","2":"type-product","3":"status-publish","4":"has-post-thumbnail","6":"product_cat-bio-tee","7":"pa_amazon-bestseller-rang-nr-3512-in-lebensmittel-getraenke-siehe-top-100-in-lebensmittel-getraenke-nr-93-in-kraeutertee","8":"pa_artikelgewicht-30-g","9":"pa_aufbewahrung-kuehl-und-trocken-unter-30c-lagern","10":"pa_besonderheit-bio","11":"pa_durchschnittliche-kundenbewer-47-von-5-sternen-282-sternebewertungen-47-von-5-sternen","12":"pa_herkunftsland-vereinigtes-koenigreich","13":"pa_hersteller-unilever-germany","14":"pa_im-angebot-von-amazon-de-seit-4-november-2019","15":"pa_kontakt-zum-hersteller-weena-455-rotterdam-3013-al-niederlande","16":"pa_marke-pukka","17":"pa_netto-gewicht-0-12-kilogramm","18":"pa_produktabmessungen-28-x-32-x-56-cm-30-gramm","19":"pa_produktbezeichnung-chillende-wohlfuehlpause-mit-hanf-gruener-minze-ashwagandha","20":"pa_stueckzahl-120-0-gramm","21":"pa_ursprungsland-united-kingdom","22":"pa_zertifizierung-eu-logo-fuer-oekologische-landwirtschaft-fair_for_life-soil-association-boden-gesellschaft-symbol-fuer-biologisch-nachhaltigen-anbau-in-grossbritannien-und-irland","23":"pa_zusatzstoffe-enthaelt-suessholz","25":"first","26":"instock","27":"shipping-taxable","28":"purchasable","29":"product-type-simple"},"_links":{"self":[{"href":"https:\/\/123-teezeit.de\/index.php?rest_route=\/wp\/v2\/product\/41662","targetHints":{"allow":["GET"]}}],"collection":[{"href":"https:\/\/123-teezeit.de\/index.php?rest_route=\/wp\/v2\/product"}],"about":[{"href":"https:\/\/123-teezeit.de\/index.php?rest_route=\/wp\/v2\/types\/product"}],"replies":[{"embeddable":true,"href":"https:\/\/123-teezeit.de\/index.php?rest_route=%2Fwp%2Fv2%2Fcomments&post=41662"}],"wp:featuredmedia":[{"embeddable":true,"href":"https:\/\/123-teezeit.de\/index.php?rest_route=\/wp\/v2\/media\/41663"}],"wp:attachment":[{"href":"https:\/\/123-teezeit.de\/index.php?rest_route=%2Fwp%2Fv2%2Fmedia&parent=41662"}],"wp:term":[{"taxonomy":"product_brand","embeddable":true,"href":"https:\/\/123-teezeit.de\/index.php?rest_route=%2Fwp%2Fv2%2Fproduct_brand&post=41662"},{"taxonomy":"product_cat","embeddable":true,"href":"https:\/\/123-teezeit.de\/index.php?rest_route=%2Fwp%2Fv2%2Fproduct_cat&post=41662"},{"taxonomy":"product_tag","embeddable":true,"href":"https:\/\/123-teezeit.de\/index.php?rest_route=%2Fwp%2Fv2%2Fproduct_tag&post=41662"}],"curies":[{"name":"wp","href":"https:\/\/api.w.org\/{rel}","templated":true}]}}