{"id":41706,"date":"2022-02-13T04:09:54","date_gmt":"2022-02-13T04:09:54","guid":{"rendered":"https:\/\/123-teezeit.de\/?product=lebensbaum-bio-ostfriesen-tee-broken-2-x-250-gr"},"modified":"2023-04-09T10:30:26","modified_gmt":"2023-04-09T10:30:26","slug":"lebensbaum-bio-ostfriesen-tee-broken-2-x-250-gr","status":"publish","type":"product","link":"https:\/\/123-teezeit.de\/?product=lebensbaum-bio-ostfriesen-tee-broken-2-x-250-gr","title":{"rendered":"Lebensbaum Bio Ostfriesen Tee, Broken (2 x 250 gr)"},"content":{"rendered":"<p><!-- show up to 2 reviews by default --> <\/p>\n<h3> <span>Produktbeschreibungen<\/span> <\/h3>\n<p> <span>Verarbeitung: Malzig und w\u00fcrzig m\u00f6gen Ostfriesen ihr Nationalgetr\u00e4nk mit tiefroter Tassenfarbe. Deshalb ist die Grundlage unseres Ostfriesen Tees eine Mischung kr\u00e4ftiger Tees von ausgew\u00e4hlten Plantagen.Nirgendwo in Deutschland wird so viel Tee getrunken wie in Ostfriesland. Kein Wunder: Viermal am Tag ist dort Teetied. Zu einer ostfriesischen Teezeremonie geh\u00f6ren traditionell Kluntjes, Sahne und Zeit zum Kl\u00f6nen. Zertifizierung\/enDeutsches staatliches Bio-SiegelEU Bio-Siegel<\/span> <\/p>\n<h3> <span>Inhaltsstoffe \/ Zutaten<\/span> <\/h3>\n<p> <span>Ostfriesen Tee, Broken, Schwarztee<\/span> <\/p>\n<div data-a-expander-name=\"toggle_description\" class=\"a-row a-expander-container a-expander-extend-container\">\n<div class=\"a-expander-content a-expander-extend-content\">\n<h3> <span>Gebrauchsanweisung<\/span> <\/h3>\n<p> <span>Zubereitung: 1 geh\u00e4uften Teel\u00f6ffel pro Tasse mit kochendem Wasser \u00fcbergie\u00dfen und den Tee 3 Minuten ziehen lassen.Zubereitung: 1 geh\u00e4uften Teel\u00f6ffel pro Tasse mit kochendem Wasser \u00fcbergie\u00dfen und den Tee 3 Minuten ziehen lassen.<\/span> <\/p>\n<h3> <span>Anschrift Hersteller\/Importeur<\/span> <\/h3>\n<p> <span>Lebensbaum U. Walter GmbH; Postfach; 49342 Diepholz<\/span> <\/p>\n<\/p><\/div>\n<p> <a data-csa-c-func-deps=\"aui-da-a-expander-toggle\" data-csa-c-type=\"widget\" data-csa-interaction-events=\"click\" role=\"button\" href=\"void(0)\" data-action=\"a-expander-toggle\" class=\"a-expander-header a-declarative a-expander-extend-header\" data-a-expander-toggle=\"{\"><i class=\"a-icon a-icon-extender-expand\"><\/i><span class=\"a-expander-prompt\">Mehr<\/span><\/a> <\/div>\n<p>Verpackungsmenge: (2 x 250 gr)<br \/>\nBio-Zertifizierung: EG-Bio<br \/>\n<div class=\"main-cross-sell\" data-asin=\"B07R16DCF3\">\n\n\t<div class=\"WooZone-cross-sell-loader\">\n\t\t<div>\n\t\t\t<div id=\"floatingBarsG\">\n\t\t\t\t<div class=\"blockG\" id=\"rotateG_01\"><\/div>\n\t\t\t\t<div class=\"blockG\" id=\"rotateG_02\"><\/div>\n\t\t\t\t<div class=\"blockG\" id=\"rotateG_03\"><\/div>\n\t\t\t\t<div class=\"blockG\" id=\"rotateG_04\"><\/div>\n\t\t\t\t<div class=\"blockG\" id=\"rotateG_05\"><\/div>\n\t\t\t\t<div class=\"blockG\" id=\"rotateG_06\"><\/div>\n\t\t\t\t<div class=\"blockG\" id=\"rotateG_07\"><\/div>\n\t\t\t\t<div class=\"blockG\" id=\"rotateG_08\"><\/div>\n\t\t\t<\/div>\n\t\t\t<div class=\"WooZone-cross-sell-loader-text\"><\/div>\n\t\t<\/div>\n\t<\/div>\n\n\t\t\n<\/div>\n<div style=\"clear:both;\"><\/div><\/p>\n","protected":false},"excerpt":{"rendered":"<p>Verpackungsmenge: (2 x 250 gr)<br \/>\nBio-Zertifizierung: EG-Bio<\/p>\n","protected":false},"featured_media":41707,"comment_status":"open","ping_status":"closed","template":"","meta":[],"product_brand":[],"product_cat":[15],"product_tag":[],"class_list":{"0":"post-41706","1":"product","2":"type-product","3":"status-publish","4":"has-post-thumbnail","6":"product_cat-bio-tee","7":"pa_amazon-bestseller-rang-nr-60043-in-lebensmittel-getraenke-siehe-top-100-in-lebensmittel-getraenke-nr-844-in-schwarztee","8":"pa_artikelgewicht-500-g","9":"pa_besonderheit-ohne-gentechnik-bio","10":"pa_durchschnittliche-kundenbewer-46-von-5-sternen-9-sternebewertungen-46-von-5-sternen","11":"pa_herkunftsort-der-primaeren-zu-deutschland","12":"pa_hersteller-lebensbaum-u-walter-gmbh","13":"pa_im-angebot-von-amazon-de-seit-24-april-2019","14":"pa_jahrgang-nv","15":"pa_kontakt-zum-hersteller-lebensbaum-u-walter-gmbh-postfach-49342-diepholz","16":"pa_marke-lebensbaum","17":"pa_netto-gewicht-500-gramm","18":"pa_stueckzahl-500-0-gramm","19":"pa_ursprungsland-der-primaeren-z-diverse-laender","20":"pa_verpackungsabmessungen-36-x-22-x-20-cm-500-gramm","21":"pa_zertifizierung-eg-bio","23":"first","24":"instock","25":"shipping-taxable","26":"purchasable","27":"product-type-simple"},"_links":{"self":[{"href":"https:\/\/123-teezeit.de\/index.php?rest_route=\/wp\/v2\/product\/41706","targetHints":{"allow":["GET"]}}],"collection":[{"href":"https:\/\/123-teezeit.de\/index.php?rest_route=\/wp\/v2\/product"}],"about":[{"href":"https:\/\/123-teezeit.de\/index.php?rest_route=\/wp\/v2\/types\/product"}],"replies":[{"embeddable":true,"href":"https:\/\/123-teezeit.de\/index.php?rest_route=%2Fwp%2Fv2%2Fcomments&post=41706"}],"wp:featuredmedia":[{"embeddable":true,"href":"https:\/\/123-teezeit.de\/index.php?rest_route=\/wp\/v2\/media\/41707"}],"wp:attachment":[{"href":"https:\/\/123-teezeit.de\/index.php?rest_route=%2Fwp%2Fv2%2Fmedia&parent=41706"}],"wp:term":[{"taxonomy":"product_brand","embeddable":true,"href":"https:\/\/123-teezeit.de\/index.php?rest_route=%2Fwp%2Fv2%2Fproduct_brand&post=41706"},{"taxonomy":"product_cat","embeddable":true,"href":"https:\/\/123-teezeit.de\/index.php?rest_route=%2Fwp%2Fv2%2Fproduct_cat&post=41706"},{"taxonomy":"product_tag","embeddable":true,"href":"https:\/\/123-teezeit.de\/index.php?rest_route=%2Fwp%2Fv2%2Fproduct_tag&post=41706"}],"curies":[{"name":"wp","href":"https:\/\/api.w.org\/{rel}","templated":true}]}}