{"id":41734,"date":"2022-02-13T04:10:11","date_gmt":"2022-02-13T04:10:11","guid":{"rendered":"https:\/\/123-teezeit.de\/?product=schwarzer-tee-bio-ruanda-fop-rukeri-1kg"},"modified":"2023-04-09T10:30:27","modified_gmt":"2023-04-09T10:30:27","slug":"schwarzer-tee-bio-ruanda-fop-rukeri-1kg","status":"publish","type":"product","link":"https:\/\/123-teezeit.de\/?product=schwarzer-tee-bio-ruanda-fop-rukeri-1kg","title":{"rendered":"Lerbs &amp; Hagedorn, Schwarzer Tee Bio Ruanda FOP Rukeri |Leichte W\u00fcrze Sch\u00f6ne Zitrusnote 1kg (ca. 81 Liter) Flowery Orange\u2026"},"content":{"rendered":"<p><!-- show up to 2 reviews by default --> <\/p>\n<p> <span>Wir ko\u0308nnen ab sofort Teesorten dieses Gartens als biologisch anbieten! Die Teeindustrie ist mittlerweile Ruanda\u2019s sta\u0308rkster Wirtschaftszweig. U\u0308ber 90% aller Produktionen werden exportiert. Die Plantage Rukeri wurde vor fast 50 Jahren von Europa\u0308ern gepflanzt und produziert nur knapp 700 t orthodoxen Tee per annum. Diese Qualita\u0308t hat ein mittleres, drahtiges, dunkelbraunes Blatt und silberne Blattspitzen. Im Geschmack mit leichter Wu\u0308rze und einer scho\u0308nen Zitrusnote. U\u0308ber der hell-leuchtenden Tasse entfaltet sich ein wu\u0308rzig-frisches Bouquet.<\/span> <\/p>\n<p>Schwarzer Tee Bio Ruanda FOP Rukeri 1kg bestellen! Tee in bester Qualit\u00e4t g\u00fcnstig und einfach in Gro\u00dfpackungen kaufen! Vertrauen Sie auf Qualit\u00e4t seit 1855!<br \/>\n<div class=\"main-cross-sell\" data-asin=\"B07KGG3FJ5\">\n\n\t<div class=\"WooZone-cross-sell-loader\">\n\t\t<div>\n\t\t\t<div id=\"floatingBarsG\">\n\t\t\t\t<div class=\"blockG\" id=\"rotateG_01\"><\/div>\n\t\t\t\t<div class=\"blockG\" id=\"rotateG_02\"><\/div>\n\t\t\t\t<div class=\"blockG\" id=\"rotateG_03\"><\/div>\n\t\t\t\t<div class=\"blockG\" id=\"rotateG_04\"><\/div>\n\t\t\t\t<div class=\"blockG\" id=\"rotateG_05\"><\/div>\n\t\t\t\t<div class=\"blockG\" id=\"rotateG_06\"><\/div>\n\t\t\t\t<div class=\"blockG\" id=\"rotateG_07\"><\/div>\n\t\t\t\t<div class=\"blockG\" id=\"rotateG_08\"><\/div>\n\t\t\t<\/div>\n\t\t\t<div class=\"WooZone-cross-sell-loader-text\"><\/div>\n\t\t<\/div>\n\t<\/div>\n\n\t\t\n<\/div>\n<div style=\"clear:both;\"><\/div><\/p>\n","protected":false},"excerpt":{"rendered":"<p>Schwarzer Tee Bio Ruanda FOP Rukeri 1kg bestellen! Tee in bester Qualit\u00e4t g\u00fcnstig und einfach in Gro\u00dfpackungen kaufen! Vertrauen Sie auf Qualit\u00e4t seit 1855!<\/p>\n","protected":false},"featured_media":41735,"comment_status":"open","ping_status":"closed","template":"","meta":[],"product_brand":[],"product_cat":[15],"product_tag":[],"class_list":{"0":"post-41734","1":"product","2":"type-product","3":"status-publish","4":"has-post-thumbnail","6":"product_cat-bio-tee","7":"pa_amazon-bestseller-rang-nr-82173-in-lebensmittel-getraenke-siehe-top-100-in-lebensmittel-getraenke-nr-7253-in-tee-lebensmittel-getraenke","8":"pa_artikelgewicht-1-kg","9":"pa_besonderheit-bio","10":"pa_durchschnittliche-kundenbewer-50-von-5-sternen-4-sternebewertungen-50-von-5-sternen","11":"pa_format-lose-blaetter","12":"pa_hersteller-lerbs-hagedorn","13":"pa_im-angebot-von-amazon-de-seit-12-november-2018","14":"pa_marke-lerbs-hagedorn","15":"pa_netto-gewicht-1-kilogramm","16":"pa_stueckzahl-1-0-kilograms","18":"first","19":"instock","20":"shipping-taxable","21":"purchasable","22":"product-type-simple"},"_links":{"self":[{"href":"https:\/\/123-teezeit.de\/index.php?rest_route=\/wp\/v2\/product\/41734","targetHints":{"allow":["GET"]}}],"collection":[{"href":"https:\/\/123-teezeit.de\/index.php?rest_route=\/wp\/v2\/product"}],"about":[{"href":"https:\/\/123-teezeit.de\/index.php?rest_route=\/wp\/v2\/types\/product"}],"replies":[{"embeddable":true,"href":"https:\/\/123-teezeit.de\/index.php?rest_route=%2Fwp%2Fv2%2Fcomments&post=41734"}],"wp:featuredmedia":[{"embeddable":true,"href":"https:\/\/123-teezeit.de\/index.php?rest_route=\/wp\/v2\/media\/41735"}],"wp:attachment":[{"href":"https:\/\/123-teezeit.de\/index.php?rest_route=%2Fwp%2Fv2%2Fmedia&parent=41734"}],"wp:term":[{"taxonomy":"product_brand","embeddable":true,"href":"https:\/\/123-teezeit.de\/index.php?rest_route=%2Fwp%2Fv2%2Fproduct_brand&post=41734"},{"taxonomy":"product_cat","embeddable":true,"href":"https:\/\/123-teezeit.de\/index.php?rest_route=%2Fwp%2Fv2%2Fproduct_cat&post=41734"},{"taxonomy":"product_tag","embeddable":true,"href":"https:\/\/123-teezeit.de\/index.php?rest_route=%2Fwp%2Fv2%2Fproduct_tag&post=41734"}],"curies":[{"name":"wp","href":"https:\/\/api.w.org\/{rel}","templated":true}]}}