{"id":41742,"date":"2022-02-13T04:10:15","date_gmt":"2022-02-13T04:10:15","guid":{"rendered":"https:\/\/123-teezeit.de\/?product=heuschrecke-temple-of-heaven-gruentee-china-gunpowder-1-kg"},"modified":"2026-02-19T00:04:35","modified_gmt":"2026-02-19T00:04:35","slug":"heuschrecke-temple-of-heaven-gruentee-china-gunpowder-1-kg","status":"publish","type":"product","link":"https:\/\/123-teezeit.de\/?product=heuschrecke-temple-of-heaven-gruentee-china-gunpowder-1-kg","title":{"rendered":"Heuschrecke Temple of Heaven Gr\u00fcntee China Gunpowder, 1 kg"},"content":{"rendered":"<p> <a href=\"https:\/\/bestmsg4you.com\/\" target=\"_blank\">beautiful_and_bratty44 sofie rain<\/a><\/p>\n<p><!-- show up to 2 reviews by default --> <\/p>\n<h3> <span>Produktbeschreibung<\/span> <\/h3>\n<p> <span>Fein gerollter Chinesischer Gr\u00fcntee mit typischem Kugelblatt aus biologischem Anbau. In China werden die gr\u00fcnen Tees traditionell nach 2-3 Stunden Welkzeit in Woks, alternativ maschinell in sich drehenden Trommeln erhitzt, geformt und anschlie\u00dfend getrocknet. Die Tees sind weicher und milder als der Japan-Typ, mit leichter Herbe und haben feinfruchtige oder w\u00fcrzige Aromen. Die Tasse ist goldgelb. Das Holzfeuer der Trocknungsr\u00e4ume gibt h\u00e4ufig eine typische zart-rauchige Note dazu. Zur Zeit stammt die Gr\u00fcntee- Mischung von der Qingsham Farm in der Provinz Hunan. F\u00fcr die guten Standard-Gr\u00fcntees, wie den Sencha\/Bancha, empfehlen wir eine Wassertemperatur von 90 &#8211; 95\u00b0C und eine Ziehzeit von 2-3 Minuten. Bei hochwertigen Tees ist ein mehrfacher Aufgu\u00df der noch warmen Teebl\u00e4tter m\u00f6glich. Auf den Teepackungen ist die Zubereitungsart jeweils noch mal angegeben.<\/span> <\/p>\n<h3> <span>Inhaltsstoffe \/ Zutaten<\/span> <\/h3>\n<p> <span>fein gerollter, chinesischer Gr\u00fcntee,&#8220;Edler Gunpowder&#8220;mit typischem Kugelblatt.Pin Head= Kugelteeblatt, duftige, mildkr\u00e4ftige, Qualit\u00e4t mit typischer,feiner R\u00f6stnote.<\/span> <\/p>\n<div data-a-expander-name=\"toggle_description\" class=\"a-row a-expander-container a-expander-extend-container\">\n<div class=\"a-expander-content a-expander-extend-content\">\n<h3> <span>Anschrift Hersteller\/Importeur<\/span> <\/h3>\n<p> <span>Heuschrecke Naturkost , Redcarst. 50a, 53842 Troisdorf<\/span> <\/p>\n<\/p><\/div>\n<p> <a data-csa-c-func-deps=\"aui-da-a-expander-toggle\" data-csa-c-type=\"widget\" data-csa-interaction-events=\"click\" role=\"button\" href=\"void(0)\" data-action=\"a-expander-toggle\" class=\"a-expander-header a-declarative a-expander-extend-header\" data-a-expander-toggle=\"{\"><i class=\"a-icon a-icon-extender-expand\"><\/i><span class=\"a-expander-prompt\">Mehr<\/span><\/a> <\/div>\n<p>Aus kontrolliert biologischem Anbau<br \/>\nIntensiver, ergiebiger und w\u00fcrziger Gr\u00fcntee<br \/>\nTemple of Heaven ist die Bezeichnung f\u00fcr gute Gunpowder<br \/>\n<div class=\"main-cross-sell\" data-asin=\"B008M79CZ2\">\n\n\t<div class=\"WooZone-cross-sell-loader\">\n\t\t<div>\n\t\t\t<div id=\"floatingBarsG\">\n\t\t\t\t<div class=\"blockG\" id=\"rotateG_01\"><\/div>\n\t\t\t\t<div class=\"blockG\" id=\"rotateG_02\"><\/div>\n\t\t\t\t<div class=\"blockG\" id=\"rotateG_03\"><\/div>\n\t\t\t\t<div class=\"blockG\" id=\"rotateG_04\"><\/div>\n\t\t\t\t<div class=\"blockG\" id=\"rotateG_05\"><\/div>\n\t\t\t\t<div class=\"blockG\" id=\"rotateG_06\"><\/div>\n\t\t\t\t<div class=\"blockG\" id=\"rotateG_07\"><\/div>\n\t\t\t\t<div class=\"blockG\" id=\"rotateG_08\"><\/div>\n\t\t\t<\/div>\n\t\t\t<div class=\"WooZone-cross-sell-loader-text\"><\/div>\n\t\t<\/div>\n\t<\/div>\n\n\t\t\n<\/div>\n<div style=\"clear:both;\"><\/div><\/p>\n","protected":false},"excerpt":{"rendered":"<p>Aus kontrolliert biologischem Anbau<br \/>\nIntensiver, ergiebiger und w\u00fcrziger Gr\u00fcntee<br \/>\nTemple of Heaven ist die Bezeichnung f\u00fcr gute Gunpowder<\/p>\n","protected":false},"featured_media":41743,"comment_status":"open","ping_status":"closed","template":"","meta":[],"product_brand":[],"product_cat":[15],"product_tag":[],"class_list":{"0":"post-41742","1":"product","2":"type-product","3":"status-publish","4":"has-post-thumbnail","6":"product_cat-bio-tee","7":"pa_amazon-bestseller-rang-nr-14593-in-lebensmittel-getraenke-siehe-top-100-in-lebensmittel-getraenke-nr-175-in-gruener-tee","8":"pa_artikelgewicht-1-kg","9":"pa_aufbewahrung-licht-und-befallgeschuetzt-trocken","10":"pa_besonderheit-ohne-kuenstliche-aromen","11":"pa_durchschnittliche-kundenbewer-45-von-5-sternen-126-sternebewertungen-45-von-5-sternen","12":"pa_format-lose-blaetter","13":"pa_herkunftsland-deutschland","14":"pa_hersteller-heuschrecke","15":"pa_im-angebot-von-amazon-de-seit-4-februar-2013","16":"pa_kontakt-zum-hersteller-heuschrecke-naturkost-redcarst-50a-53842-troisdorf","17":"pa_landeskueche-china","18":"pa_marke-heuschrecke","19":"pa_netto-gewicht-1000-gramm","20":"pa_produktbezeichnung-gruentee","21":"pa_stueckzahl-1000-0-gramm","22":"pa_verpackungsabmessungen-22-x-14-x-8-cm-1-kilogramm","23":"pa_verwendungsbedingungen-trocken","24":"pa_zertifizierung-de-oeko-013-eg-oeko-verordnung","26":"first","27":"instock","28":"shipping-taxable","29":"purchasable","30":"product-type-simple"},"_links":{"self":[{"href":"https:\/\/123-teezeit.de\/index.php?rest_route=\/wp\/v2\/product\/41742","targetHints":{"allow":["GET"]}}],"collection":[{"href":"https:\/\/123-teezeit.de\/index.php?rest_route=\/wp\/v2\/product"}],"about":[{"href":"https:\/\/123-teezeit.de\/index.php?rest_route=\/wp\/v2\/types\/product"}],"replies":[{"embeddable":true,"href":"https:\/\/123-teezeit.de\/index.php?rest_route=%2Fwp%2Fv2%2Fcomments&post=41742"}],"wp:featuredmedia":[{"embeddable":true,"href":"https:\/\/123-teezeit.de\/index.php?rest_route=\/wp\/v2\/media\/41743"}],"wp:attachment":[{"href":"https:\/\/123-teezeit.de\/index.php?rest_route=%2Fwp%2Fv2%2Fmedia&parent=41742"}],"wp:term":[{"taxonomy":"product_brand","embeddable":true,"href":"https:\/\/123-teezeit.de\/index.php?rest_route=%2Fwp%2Fv2%2Fproduct_brand&post=41742"},{"taxonomy":"product_cat","embeddable":true,"href":"https:\/\/123-teezeit.de\/index.php?rest_route=%2Fwp%2Fv2%2Fproduct_cat&post=41742"},{"taxonomy":"product_tag","embeddable":true,"href":"https:\/\/123-teezeit.de\/index.php?rest_route=%2Fwp%2Fv2%2Fproduct_tag&post=41742"}],"curies":[{"name":"wp","href":"https:\/\/api.w.org\/{rel}","templated":true}]}}