{"id":41754,"date":"2022-02-13T04:10:22","date_gmt":"2022-02-13T04:10:22","guid":{"rendered":"https:\/\/123-teezeit.de\/?product=azafran-bio-assam-schwarzer-tee-english-breakfast-tea-ostfriesentee-250g"},"modified":"2023-04-09T10:30:27","modified_gmt":"2023-04-09T10:30:27","slug":"azafran-bio-assam-schwarzer-tee-english-breakfast-tea-ostfriesentee-250g","status":"publish","type":"product","link":"https:\/\/123-teezeit.de\/?product=azafran-bio-assam-schwarzer-tee-english-breakfast-tea-ostfriesentee-250g","title":{"rendered":"Azafran BIO Assam Schwarzer Tee &#8211; English Breakfast Tea &#8211; Ostfriesentee 250g"},"content":{"rendered":"<p>Bio Assam Breakfast Tee &#8222;Broken Blend&#8220; &#8211; von der Mischung her auch bekannt als &#8222;Ostfriesentee&#8220; &#8211; lose aus kontrolliertem biologischen Anbau in Indien.<br \/>\nDer Bio Assam stammt aus kontrolliert biologischen Anbau in Indien und ist eine GFBOP und BP Mischung . Er zeichnet sich durch sein typischen kr\u00e4ftig malzigen Geschmack aus und eignet sich auch hervorragend auch zum Genuss mit Milch \/ Sahne und Zucker.<br \/>\nZubereitungsempfehlung: 1TL (2g) pro 200ml Wasser (100\u00b0C), Ziehzeit: 3-5 Minuten<br \/>\nAuf Pestizide etc gepr\u00fcft und kontolliert! \u00d6ko-Kontrollstelle: DE-\u00d6KO-009<br \/>\n<div class=\"main-cross-sell\" data-asin=\"B08J3SV921\">\n\n\t<div class=\"WooZone-cross-sell-loader\">\n\t\t<div>\n\t\t\t<div id=\"floatingBarsG\">\n\t\t\t\t<div class=\"blockG\" id=\"rotateG_01\"><\/div>\n\t\t\t\t<div class=\"blockG\" id=\"rotateG_02\"><\/div>\n\t\t\t\t<div class=\"blockG\" id=\"rotateG_03\"><\/div>\n\t\t\t\t<div class=\"blockG\" id=\"rotateG_04\"><\/div>\n\t\t\t\t<div class=\"blockG\" id=\"rotateG_05\"><\/div>\n\t\t\t\t<div class=\"blockG\" id=\"rotateG_06\"><\/div>\n\t\t\t\t<div class=\"blockG\" id=\"rotateG_07\"><\/div>\n\t\t\t\t<div class=\"blockG\" id=\"rotateG_08\"><\/div>\n\t\t\t<\/div>\n\t\t\t<div class=\"WooZone-cross-sell-loader-text\"><\/div>\n\t\t<\/div>\n\t<\/div>\n\n\t\t\n<\/div>\n<div style=\"clear:both;\"><\/div><\/p>\n","protected":false},"excerpt":{"rendered":"<p>Bio Assam Breakfast Tee &#8222;Broken Blend&#8220; &#8211; von der Mischung her auch bekannt als &#8222;Ostfriesentee&#8220; &#8211; lose aus kontrolliertem biologischen Anbau in Indien.<br \/>\nDer Bio Assam stammt aus kontrolliert biologischen Anbau in Indien und ist eine GFBOP und BP Mischung . Er zeichnet sich durch sein typischen kr\u00e4ftig malzigen Geschmack aus und eignet sich auch hervorragend auch zum Genuss mit Milch \/ Sahne und Zucker.<br \/>\nZubereitungsempfehlung: 1TL (2g) pro 200ml Wasser (100\u00b0C), Ziehzeit: 3-5 Minuten<\/p>\n","protected":false},"featured_media":41755,"comment_status":"open","ping_status":"closed","template":"","meta":[],"product_brand":[],"product_cat":[15],"product_tag":[],"class_list":{"0":"post-41754","1":"product","2":"type-product","3":"status-publish","4":"has-post-thumbnail","6":"product_cat-bio-tee","7":"pa_allergie-informationen-enthaelt-glutenfrei","8":"pa_amazon-bestseller-rang-nr-8307-in-lebensmittel-getraenke-siehe-top-100-in-lebensmittel-getraenke-nr-86-in-schwarztee","9":"pa_artikelgewicht-220-g","10":"pa_aufbewahrung-trocken-und-lichtgeschuetzt-lagern","11":"pa_auslaufartikel-produktion-dur-nein","12":"pa_besonderheit-ohne-kuenstliche-farben-vegetarisch-vegan-ohne-kuenstliche-aromen-ohne-konservierungsstoffe","13":"pa_durchschnittliche-kundenbewer-44-von-5-sternen-45-sternebewertungen-44-von-5-sternen","14":"pa_format-lose-blaetter","15":"pa_herkunftsland-deutschland","16":"pa_hersteller-azafran","17":"pa_im-angebot-von-amazon-de-seit-1-februar-2014","18":"pa_koffeingehalt-koffeinhaltig","19":"pa_landeskueche-indien","20":"pa_marke-azafran","21":"pa_netto-gewicht-250-gramm","22":"pa_produktabmessungen-21-x-11-x-27-cm","23":"pa_stueckzahl-250-0-gramm","24":"pa_ursprungsland-indien","25":"pa_zertifizierung-bio-nach-eg-oeko-verordnung","27":"first","28":"instock","29":"shipping-taxable","30":"purchasable","31":"product-type-simple"},"_links":{"self":[{"href":"https:\/\/123-teezeit.de\/index.php?rest_route=\/wp\/v2\/product\/41754","targetHints":{"allow":["GET"]}}],"collection":[{"href":"https:\/\/123-teezeit.de\/index.php?rest_route=\/wp\/v2\/product"}],"about":[{"href":"https:\/\/123-teezeit.de\/index.php?rest_route=\/wp\/v2\/types\/product"}],"replies":[{"embeddable":true,"href":"https:\/\/123-teezeit.de\/index.php?rest_route=%2Fwp%2Fv2%2Fcomments&post=41754"}],"wp:featuredmedia":[{"embeddable":true,"href":"https:\/\/123-teezeit.de\/index.php?rest_route=\/wp\/v2\/media\/41755"}],"wp:attachment":[{"href":"https:\/\/123-teezeit.de\/index.php?rest_route=%2Fwp%2Fv2%2Fmedia&parent=41754"}],"wp:term":[{"taxonomy":"product_brand","embeddable":true,"href":"https:\/\/123-teezeit.de\/index.php?rest_route=%2Fwp%2Fv2%2Fproduct_brand&post=41754"},{"taxonomy":"product_cat","embeddable":true,"href":"https:\/\/123-teezeit.de\/index.php?rest_route=%2Fwp%2Fv2%2Fproduct_cat&post=41754"},{"taxonomy":"product_tag","embeddable":true,"href":"https:\/\/123-teezeit.de\/index.php?rest_route=%2Fwp%2Fv2%2Fproduct_tag&post=41754"}],"curies":[{"name":"wp","href":"https:\/\/api.w.org\/{rel}","templated":true}]}}