{"id":41849,"date":"2022-02-13T04:11:24","date_gmt":"2022-02-13T04:11:24","guid":{"rendered":"https:\/\/123-teezeit.de\/?product=directfriendly-premium-bio-rosenblueten-tee-rosenbluetenblaetter-getrocknet-essblueten-100-gr"},"modified":"2023-04-09T10:30:28","modified_gmt":"2023-04-09T10:30:28","slug":"directfriendly-premium-bio-rosenblueten-tee-rosenbluetenblaetter-getrocknet-essblueten-100-gr","status":"publish","type":"product","link":"https:\/\/123-teezeit.de\/?product=directfriendly-premium-bio-rosenblueten-tee-rosenbluetenblaetter-getrocknet-essblueten-100-gr","title":{"rendered":"direct&amp;friendly Premium Bio Rosenbl\u00fcten Tee Rosenbl\u00fctenbl\u00e4tter getrocknet Essbl\u00fcten (100 gr)"},"content":{"rendered":"<p><!-- show up to 2 reviews by default --> <\/p>\n<h3> <span>Produktbeschreibung<\/span> <\/h3>\n<p> <span>Wie Sie sicher auch, lieben wir naturbelassene, unbehandelte Lebensmittel und wollen diese zu einem fairen und vern\u00fcnftigen Preis kaufen. Wir wollten unsere Produkte erleben , nicht nur als Geschmackserlebnis, sondern uns mit eigenen Augen \u00fcberzeugen wo und wie sie hergestellt werden &#8211; dem Entstehungsprozess beiwohnen. Nur so k\u00f6nnen wir entscheiden, ob die Arbeit und die Qualit\u00fct reell sind!<\/span> <\/p>\n<h3> <span>Inhaltsstoffe \/ Zutaten<\/span> <\/h3>\n<p> <span>Rosenbl\u00fctenbl\u00e4tter*, rot\/rosa (*aus kontrolliert biologischem Anbau)<\/span> <\/p>\n<div data-a-expander-name=\"toggle_description\" class=\"a-row a-expander-container a-expander-extend-container\">\n<div class=\"a-expander-content a-expander-extend-content\">\n<h3> <span>Anschrift Hersteller\/Importeur<\/span> <\/h3>\n<p> <span>CityLoope GmbH, Max-Eyth-Str. 3, D-72379 Hechingen, Tel.: +49 7471 617 555<\/span> <\/p>\n<\/p><\/div>\n<p> <a data-csa-c-func-deps=\"aui-da-a-expander-toggle\" data-csa-c-type=\"widget\" data-csa-interaction-events=\"click\" role=\"button\" href=\"void(0)\" data-action=\"a-expander-toggle\" class=\"a-expander-header a-declarative a-expander-extend-header\" data-a-expander-toggle=\"{\"><i class=\"a-icon a-icon-extender-expand\"><\/i><span class=\"a-expander-prompt\">Mehr<\/span><\/a> <\/div>\n<p>100% Bio Rosenbl\u00fctenbl\u00e4tter* &#8211; *aus kontrolliert biologischem Anbau &#8211; ohne Konservierungsstoffe und ohne k\u00fcnstliche Aroma-oder sonstige Zusatzstoffe. Zeichen der Liebe und Hochachtung: Die etwas andere, nat\u00fcrliche Dekoration auf Ihrem Buffet, auf Platten oder Tellergerichten<br \/>\nUnsere Rosenbl\u00fctenbl\u00e4tter sind ein reines Naturprodukt in Bio-Qualit\u00e4t und wird von direct&amp;friendly (Kontrollstelle: DE \u00d6KO 007), mit Liebe und Sorgfalt, von Hand im praktischen, wiederverschlie\u00dfbaren Aroma-Verschlussbeutel abgef\u00fcllt!<br \/>\nSchonend getrocknet werden Farb- und wertvolle Wirk-\/Inhaltsstoffe (Enzyme, sekund\u00e4re Pflanzenstoffe, \u00e4therische \u00d6le und viele Flavonoide) konzentriert. Dunkel und trocken gelagert bauen sie sich zwar langsam ab, sind aber recht lange haltbar.<br \/>\nAufgebr\u00fcht als Tee oder direkt verwendet als Essbl\u00fcten in Salaten, Frischk\u00e4se, Dipps, Butter, Dressings und S\u00fc\u00dfspeisen sind Rosenbl\u00fctenbl\u00e4tter ein farbiger Blickfang. Auf Buffetplatten zu K\u00e4se und Fisch, wie auch bei Tellergerichten (wie Suppen, Eint\u00f6pfe, Currys und Pfannengerichten). Als Topping beim Backen, f\u00fcr Lik\u00f6re, Gin oder Smoothies und als kr\u00f6nender Abschlu\u00df als passende Tischdekoration das i-T\u00fcpfelchen.<br \/>\n<div class=\"main-cross-sell\" data-asin=\"B07C7LPKSB\">\n\n\t<div class=\"WooZone-cross-sell-loader\">\n\t\t<div>\n\t\t\t<div id=\"floatingBarsG\">\n\t\t\t\t<div class=\"blockG\" id=\"rotateG_01\"><\/div>\n\t\t\t\t<div class=\"blockG\" id=\"rotateG_02\"><\/div>\n\t\t\t\t<div class=\"blockG\" id=\"rotateG_03\"><\/div>\n\t\t\t\t<div class=\"blockG\" id=\"rotateG_04\"><\/div>\n\t\t\t\t<div class=\"blockG\" id=\"rotateG_05\"><\/div>\n\t\t\t\t<div class=\"blockG\" id=\"rotateG_06\"><\/div>\n\t\t\t\t<div class=\"blockG\" id=\"rotateG_07\"><\/div>\n\t\t\t\t<div class=\"blockG\" id=\"rotateG_08\"><\/div>\n\t\t\t<\/div>\n\t\t\t<div class=\"WooZone-cross-sell-loader-text\"><\/div>\n\t\t<\/div>\n\t<\/div>\n\n\t\t\n<\/div>\n<div style=\"clear:both;\"><\/div><\/p>\n","protected":false},"excerpt":{"rendered":"<p>100% Bio Rosenbl\u00fctenbl\u00e4tter* &#8211; *aus kontrolliert biologischem Anbau &#8211; ohne Konservierungsstoffe und ohne k\u00fcnstliche Aroma-oder sonstige Zusatzstoffe. Zeichen der Liebe und Hochachtung: Die etwas andere, nat\u00fcrliche Dekoration auf Ihrem Buffet, auf Platten oder Tellergerichten<br \/>\nUnsere Rosenbl\u00fctenbl\u00e4tter sind ein reines Naturprodukt in Bio-Qualit\u00e4t und wird von direct&amp;friendly (Kontrollstelle: DE \u00d6KO 007), mit Liebe und Sorgfalt, von Hand im praktischen, wiederverschlie\u00dfbaren Aroma-Verschlussbeutel abgef\u00fcllt!<br \/>\nSchonend getrocknet werden Farb- und wertvolle Wirk-\/Inhaltsstoffe (Enzyme, sekund\u00e4re Pflanzenstoffe, \u00e4therische \u00d6le und viele Flavonoide) konzentriert. Dunkel und trocken gelagert bauen sie sich zwar langsam ab, sind aber recht lange haltbar.<\/p>\n","protected":false},"featured_media":41850,"comment_status":"open","ping_status":"closed","template":"","meta":[],"product_brand":[],"product_cat":[15],"product_tag":[],"class_list":{"0":"post-41849","1":"product","2":"type-product","3":"status-publish","4":"has-post-thumbnail","6":"product_cat-bio-tee","7":"pa_allergie-informationen-enthaelt-laktosefrei","8":"pa_amazon-bestseller-rang-nr-9058-in-lebensmittel-getraenke-siehe-top-100-in-lebensmittel-getraenke-nr-321-in-kraeutertee","9":"pa_artikelgewicht-200-g","10":"pa_aufbewahrung-trocken-lagern","11":"pa_auslaufartikel-produktion-dur-nein","12":"pa_besonderheit-bio","13":"pa_durchschnittliche-kundenbewer-44-von-5-sternen-99-sternebewertungen-44-von-5-sternen","14":"pa_format-lose-blaetter","15":"pa_herkunftsland-deutschland","16":"pa_hersteller-cityloope-gmbh","17":"pa_im-angebot-von-amazon-de-seit-17-maerz-2016","18":"pa_koffeingehalt-koffeinfrei","19":"pa_kontakt-zum-hersteller-cityloope-gmbh-max-eyth-str-3-d-72379-hechingen-tel-plus49-7471-617-555","20":"pa_marke-directfriendly","21":"pa_netto-gewicht-100-gramm","22":"pa_stueckzahl-100-0-gramm","23":"pa_verpackungsabmessungen-30-6-x-19-8-x-6-6-cm","24":"pa_zertifizierung-bio-nach-eg-oeko-verordnung","26":"first","27":"instock","28":"shipping-taxable","29":"purchasable","30":"product-type-simple"},"_links":{"self":[{"href":"https:\/\/123-teezeit.de\/index.php?rest_route=\/wp\/v2\/product\/41849","targetHints":{"allow":["GET"]}}],"collection":[{"href":"https:\/\/123-teezeit.de\/index.php?rest_route=\/wp\/v2\/product"}],"about":[{"href":"https:\/\/123-teezeit.de\/index.php?rest_route=\/wp\/v2\/types\/product"}],"replies":[{"embeddable":true,"href":"https:\/\/123-teezeit.de\/index.php?rest_route=%2Fwp%2Fv2%2Fcomments&post=41849"}],"wp:featuredmedia":[{"embeddable":true,"href":"https:\/\/123-teezeit.de\/index.php?rest_route=\/wp\/v2\/media\/41850"}],"wp:attachment":[{"href":"https:\/\/123-teezeit.de\/index.php?rest_route=%2Fwp%2Fv2%2Fmedia&parent=41849"}],"wp:term":[{"taxonomy":"product_brand","embeddable":true,"href":"https:\/\/123-teezeit.de\/index.php?rest_route=%2Fwp%2Fv2%2Fproduct_brand&post=41849"},{"taxonomy":"product_cat","embeddable":true,"href":"https:\/\/123-teezeit.de\/index.php?rest_route=%2Fwp%2Fv2%2Fproduct_cat&post=41849"},{"taxonomy":"product_tag","embeddable":true,"href":"https:\/\/123-teezeit.de\/index.php?rest_route=%2Fwp%2Fv2%2Fproduct_tag&post=41849"}],"curies":[{"name":"wp","href":"https:\/\/api.w.org\/{rel}","templated":true}]}}