{"id":41873,"date":"2022-02-13T04:11:42","date_gmt":"2022-02-13T04:11:42","guid":{"rendered":"https:\/\/123-teezeit.de\/?product=cistus-tee-cistus-incanus-tee-bio-zistrosenkraut-geschnitten-1000g"},"modified":"2023-04-09T10:30:29","modified_gmt":"2023-04-09T10:30:29","slug":"cistus-tee-cistus-incanus-tee-bio-zistrosenkraut-geschnitten-1000g","status":"publish","type":"product","link":"https:\/\/123-teezeit.de\/?product=cistus-tee-cistus-incanus-tee-bio-zistrosenkraut-geschnitten-1000g","title":{"rendered":"Cistus Tee &#8211; Cistus incanus Tee &#8211; Bio Zistrosenkraut geschnitten (1000g)"},"content":{"rendered":"<p><!-- show up to 2 reviews by default --> <\/p>\n<h3> <span>Produktbeschreibungen<\/span> <\/h3>\n<\/p>\n<ul class=\"a-unordered-list a-vertical\">\n<li><span class=\"a-list-item\"><span class=\"a-text-bold\">Feine Bio-Teemischung zur Nahrungserg\u00e4nzung<\/span><\/span><\/li>\n<\/ul>\n<p><span>Unser guter Asperm\u00fchle Cistus Tee in Bioqualit\u00e4t enth\u00e4lt die besten Pflanzenteile des wilden Cistus incanus tauricus und Cistus incanus creticus Strauchs.<\/span><\/p>\n<\/p>\n<ul class=\"a-unordered-list a-vertical\">\n<li><span class=\"a-list-item\"><span class=\"a-text-bold\">Reich an Polyphenolen<\/span><\/span><\/li>\n<\/ul>\n<p><span>Aufgrund des rauen Klimas in den Gebirgen des Mittelmeerraums, erreicht unser Bio-Zistrosenkraut einen besonders hohen Polyphenolwert. Eine Analyse hierf\u00fcr erhalten Sie gerne dazu.<\/span><\/p>\n<\/p>\n<ul class=\"a-unordered-list a-vertical\">\n<li><span class=\"a-list-item\"><span class=\"a-text-bold\">G\u00fcnstige Preise durch Direktimport und Lichtschutz<\/span><\/span><\/li>\n<\/ul>\n<p><span>Wir beziehen unseren Cistus incanus direkt vom Produzenten und k\u00f6nnen Ihnen damit stets frische Ware zu g\u00fcnstigen Preisen bieten. Die Lieferung erfolgt selbstverst\u00e4ndlich lichtschutzverpackt, damit keine wertvollen Inhaltsstoffe verloren gehen.<\/span><\/p>\n<\/p>\n<ul class=\"a-unordered-list a-vertical\">\n<li><span class=\"a-list-item\"><span class=\"a-text-bold\">Allgemeine Informationen \u00fcber Cistus<\/span><\/span><\/li>\n<\/ul>\n<p><span>Cistus incanus, auch graubehaarte Zistrose genannt, ist ein etwa 1m gro\u00dfer Strauch mit rosaroten aromatisch riechenden Bl\u00fcten. Der Cistus-Strauch stammt haupts\u00e4chlich aus dem Mittelmeerraum, wo er seit etwa 400 v. Chr. von den Menschen als Haustee genutzt wird. Zu jener Zeit wurde haupts\u00e4chlich das Ladanum, das Harz der Zistrose, in den Sudan und nach \u00c4gypten exportiert. Auf Griechenland wird noch heute die Legende erz\u00e4hlt, wie die Zistrose ihre wohltuende Wirkung erhalten haben soll. Heutzutage ist Cistus auch in Europa sehr gesch\u00e4tzt. Dies vor allem wegen seinem hohen Gehalt an Polyphenolen.<\/span><\/p>\n<\/p>\n<ul class=\"a-unordered-list a-vertical\">\n<li><span class=\"a-list-item\"><span class=\"a-text-bold\">Beachten Sie:<\/span><\/span><\/li>\n<\/ul>\n<p><span> Einige Anbieter verkaufen Cistus als sogenannten <\/span><span class=\"a-text-bold\">Badetee<\/span><span>. Dies ist oft in der Artikelbeschreibung versteckt. Diese Produkte haben keinerlei Zulassung als Lebensmittel und sind daher nicht als Tee geeignet. Bei uns erhalten Sie echten Bio-Cistus incanus Tee!<\/span><\/p>\n<\/p>\n<p><span>Wir stehen Ihnen gerne f\u00fcr weitere Fragen zu unseren Produkten stets zur Verf\u00fcgung. Wir vertreiben Naturprodukte aus Leidenschaft. Ihr Team der Naturwaren Niederrhein GmbH<\/span><\/p>\n<\/p>\n<h3> <span>Inhaltsstoffe \/ Zutaten<\/span> <\/h3>\n<p> <span>Cistus incanus geschnitten<\/span> <\/p>\n<div data-a-expander-name=\"toggle_description\" class=\"a-row a-expander-container a-expander-extend-container\">\n<div class=\"a-expander-content a-expander-extend-content\">\n<h3> <span>Gebrauchsanweisung<\/span> <\/h3>\n<p> <span>2x t\u00e4glich einen Messbecher (ca. 4,5g) mit 0,5L kochendem Wasser \u00fcbergie\u00dfen. 5-10 Minuten ziehen lassen und abschlie\u00dfend abseihen. Warnhinweis: Die angegebene empfohlene t\u00e4gliche Verzehrmenge darf nicht \u00fcberschritten werden. Nahrungserg\u00e4nzungsmittel sollten nicht als Ersatz f\u00fcr eine ausgewogene und abwechslungsreiche Ern\u00e4hrung verwendet werden. Au\u00dferhalb der Reichweite von kleinen Kindern lagern.<\/span> <\/p>\n<\/p><\/div>\n<p> <a data-csa-c-func-deps=\"aui-da-a-expander-toggle\" data-csa-c-type=\"widget\" data-csa-interaction-events=\"click\" role=\"button\" href=\"void(0)\" data-action=\"a-expander-toggle\" class=\"a-expander-header a-declarative a-expander-extend-header\" data-a-expander-toggle=\"{\"><i class=\"a-icon a-icon-extender-expand\"><\/i><span class=\"a-expander-prompt\">Mehr<\/span><\/a> <\/div>\n<p>Cistus Tee in Bioqualit\u00e4t aus Wildsammlung<br \/>\nFeine Bio-Teemischung zur nat\u00fcrlichen Nahrungserg\u00e4nzung<br \/>\nAus den besten Pflanzenteilen des Cistus incanus tauricus und Cistus incanus creticus Strauchs und somit sehr aromatisch<br \/>\n1A Topqualit\u00e4t &#8211; Unser Bio-Cistus ist reich an Polyphenolen<br \/>\nR\u00fcckstandskontrolliert &#8211; Unser Zistrosenkraut ist selbstverst\u00e4ndlich voll analysiert und garantiert frei von Pestiziden. Eine Analyse erhalten Sie auf Wunsch gerne dazu.<br \/>\n<div class=\"main-cross-sell\" data-asin=\"B00QFFGAT4\">\n\n\t<div class=\"WooZone-cross-sell-loader\">\n\t\t<div>\n\t\t\t<div id=\"floatingBarsG\">\n\t\t\t\t<div class=\"blockG\" id=\"rotateG_01\"><\/div>\n\t\t\t\t<div class=\"blockG\" id=\"rotateG_02\"><\/div>\n\t\t\t\t<div class=\"blockG\" id=\"rotateG_03\"><\/div>\n\t\t\t\t<div class=\"blockG\" id=\"rotateG_04\"><\/div>\n\t\t\t\t<div class=\"blockG\" id=\"rotateG_05\"><\/div>\n\t\t\t\t<div class=\"blockG\" id=\"rotateG_06\"><\/div>\n\t\t\t\t<div class=\"blockG\" id=\"rotateG_07\"><\/div>\n\t\t\t\t<div class=\"blockG\" id=\"rotateG_08\"><\/div>\n\t\t\t<\/div>\n\t\t\t<div class=\"WooZone-cross-sell-loader-text\"><\/div>\n\t\t<\/div>\n\t<\/div>\n\n\t\t\n<\/div>\n<div style=\"clear:both;\"><\/div><\/p>\n","protected":false},"excerpt":{"rendered":"<p>Cistus Tee in Bioqualit\u00e4t aus Wildsammlung<br \/>\nFeine Bio-Teemischung zur nat\u00fcrlichen Nahrungserg\u00e4nzung<br \/>\nAus den besten Pflanzenteilen des Cistus incanus tauricus und Cistus incanus creticus Strauchs und somit sehr aromatisch<\/p>\n","protected":false},"featured_media":41874,"comment_status":"open","ping_status":"closed","template":"","meta":[],"product_brand":[],"product_cat":[15],"product_tag":[],"class_list":{"0":"post-41873","1":"product","2":"type-product","3":"status-publish","4":"has-post-thumbnail","6":"product_cat-bio-tee","7":"pa_amazon-bestseller-rang-nr-3666-in-drogerie-koerperpflege-siehe-top-100-in-drogerie-koerperpflege-nr-186-in-pflanzliche-ergaenzungsmittel","8":"pa_durchschnittliche-kundenbewer-47-von-5-sternen-944-sternebewertungen-47-von-5-sternen","9":"pa_herkunftsland-griechenland","10":"pa_im-angebot-von-amazon-de-seit-1-dezember-2014","11":"pa_marke-asper-muehle","12":"pa_netto-gewicht-1000-gramm","13":"pa_stueckzahl-1000-00-gramm","15":"first","16":"instock","17":"shipping-taxable","18":"purchasable","19":"product-type-simple"},"_links":{"self":[{"href":"https:\/\/123-teezeit.de\/index.php?rest_route=\/wp\/v2\/product\/41873","targetHints":{"allow":["GET"]}}],"collection":[{"href":"https:\/\/123-teezeit.de\/index.php?rest_route=\/wp\/v2\/product"}],"about":[{"href":"https:\/\/123-teezeit.de\/index.php?rest_route=\/wp\/v2\/types\/product"}],"replies":[{"embeddable":true,"href":"https:\/\/123-teezeit.de\/index.php?rest_route=%2Fwp%2Fv2%2Fcomments&post=41873"}],"wp:featuredmedia":[{"embeddable":true,"href":"https:\/\/123-teezeit.de\/index.php?rest_route=\/wp\/v2\/media\/41874"}],"wp:attachment":[{"href":"https:\/\/123-teezeit.de\/index.php?rest_route=%2Fwp%2Fv2%2Fmedia&parent=41873"}],"wp:term":[{"taxonomy":"product_brand","embeddable":true,"href":"https:\/\/123-teezeit.de\/index.php?rest_route=%2Fwp%2Fv2%2Fproduct_brand&post=41873"},{"taxonomy":"product_cat","embeddable":true,"href":"https:\/\/123-teezeit.de\/index.php?rest_route=%2Fwp%2Fv2%2Fproduct_cat&post=41873"},{"taxonomy":"product_tag","embeddable":true,"href":"https:\/\/123-teezeit.de\/index.php?rest_route=%2Fwp%2Fv2%2Fproduct_tag&post=41873"}],"curies":[{"name":"wp","href":"https:\/\/api.w.org\/{rel}","templated":true}]}}