{"id":41959,"date":"2022-02-13T04:12:35","date_gmt":"2022-02-13T04:12:35","guid":{"rendered":"https:\/\/123-teezeit.de\/?product=bio-matcha-aus-japan-100g-ohne-zusaetze-rein-natuerlich-im-wiederverschliessbaren-beutel"},"modified":"2023-04-09T10:30:30","modified_gmt":"2023-04-09T10:30:30","slug":"bio-matcha-aus-japan-100g-ohne-zusaetze-rein-natuerlich-im-wiederverschliessbaren-beutel","status":"publish","type":"product","link":"https:\/\/123-teezeit.de\/?product=bio-matcha-aus-japan-100g-ohne-zusaetze-rein-natuerlich-im-wiederverschliessbaren-beutel","title":{"rendered":"Bio Matcha Pulver &#8211; 100g Premium Japan Matcha Tee &#8211; Gr\u00fcnteepulver, Ohne Zus\u00e4tze, rein nat\u00fcrlich, im\u2026"},"content":{"rendered":"<p>MATCHA AUS JAPAN: 100g japanisches, laborgepr\u00fcftes und zertifiziertes Bio Matcha Pulver im wiederverschlie\u00dfbaren Aromaschutzbeutel zum TOP-Preis (ohne Zwischenhandel). Die verwendeten Matcha-Bl\u00e4tter sind handgepfl\u00fcckt und wachsen auf einer Bio-Plantage im wundersch\u00f6nen Kagoshima (im S\u00fcden von Japan)<br \/>\nPREMIUM QUALIT\u00c4T: Unser japanisches Bio Matcha Pulver ist sehr fein und l\u00f6st sich (ohne Kl\u00fcmpchen) gut auf. Es ist zu 100% aus kontrolliert \u00f6kologischem Anbau (DE-\u00d6KO-070) und zeichnet sich durch eine mild s\u00fc\u00dfliche bis herzhafte Geschmacksnote aus. Unsere Matcha Bl\u00e4tter werden 20 Tage lang vor der Ernte verschattet, damit sie das einzigartige Aroma und ihren hohen Vitalstoffgehalt entwickeln k\u00f6nnen.<br \/>\nOHNE ZUS\u00c4TZE UND ALLERGENE: Unser japanisches Bio Matcha Pulver ist zu 100% nat\u00fcrlich, vegan, enth\u00e4lt keine Allergene und ist vollkommen frei von Zus\u00e4tzen. Selbstverst\u00e4ndlich ist es auch GMO-frei, laktosefrei, glutenfrei &amp; ohne Farbstoffe, S\u00fc\u00dfstoffe oder Konservierungsstoffe.<br \/>\nUNABH\u00c4NGIG LABORGEPR\u00dcFT auf Pestizide, PAK\u2019s, Strahlung, Schwermetalle, Schimmelpilze, Salmonellen und mikrobiologische Verunreinigungen. Die Untersuchung wurde von einem nach DIN EN ISO\/IEC 17025 zertifizierten deutschen Labor durchgef\u00fchrt.<br \/>\nVIELSEITIGE ANWENDUNG: Aufgrund seiner hohen Qualit\u00e4t eignet sich unser japanischer Matcha sehr gut zur Zubereitung von Tee aber selbstverst\u00e4ndlich auch f\u00fcr z.B. Smoothies, Matcha-Latte, Matcha-Eis oder auch zum Backen von Kuchen.<br \/>\n<div class=\"main-cross-sell\" data-asin=\"B06WRSZQYY\">\n\n\t<div class=\"WooZone-cross-sell-loader\">\n\t\t<div>\n\t\t\t<div id=\"floatingBarsG\">\n\t\t\t\t<div class=\"blockG\" id=\"rotateG_01\"><\/div>\n\t\t\t\t<div class=\"blockG\" id=\"rotateG_02\"><\/div>\n\t\t\t\t<div class=\"blockG\" id=\"rotateG_03\"><\/div>\n\t\t\t\t<div class=\"blockG\" id=\"rotateG_04\"><\/div>\n\t\t\t\t<div class=\"blockG\" id=\"rotateG_05\"><\/div>\n\t\t\t\t<div class=\"blockG\" id=\"rotateG_06\"><\/div>\n\t\t\t\t<div class=\"blockG\" id=\"rotateG_07\"><\/div>\n\t\t\t\t<div class=\"blockG\" id=\"rotateG_08\"><\/div>\n\t\t\t<\/div>\n\t\t\t<div class=\"WooZone-cross-sell-loader-text\"><\/div>\n\t\t<\/div>\n\t<\/div>\n\n\t\t\n<\/div>\n<div style=\"clear:both;\"><\/div><\/p>\n","protected":false},"excerpt":{"rendered":"<p>MATCHA AUS JAPAN: 100g japanisches, laborgepr\u00fcftes und zertifiziertes Bio Matcha Pulver im wiederverschlie\u00dfbaren Aromaschutzbeutel zum TOP-Preis (ohne Zwischenhandel). Die verwendeten Matcha-Bl\u00e4tter sind handgepfl\u00fcckt und wachsen auf einer Bio-Plantage im wundersch\u00f6nen Kagoshima (im S\u00fcden von Japan)<br \/>\nPREMIUM QUALIT\u00c4T: Unser japanisches Bio Matcha Pulver ist sehr fein und l\u00f6st sich (ohne Kl\u00fcmpchen) gut auf. Es ist zu 100% aus kontrolliert \u00f6kologischem Anbau (DE-\u00d6KO-070) und zeichnet sich durch eine mild s\u00fc\u00dfliche bis herzhafte Geschmacksnote aus. Unsere Matcha Bl\u00e4tter werden 20 Tage lang vor der Ernte verschattet, damit sie das einzigartige Aroma und ihren hohen Vitalstoffgehalt entwickeln k\u00f6nnen.<br \/>\nOHNE ZUS\u00c4TZE UND ALLERGENE: Unser japanisches Bio Matcha Pulver ist zu 100% nat\u00fcrlich, vegan, enth\u00e4lt keine Allergene und ist vollkommen frei von Zus\u00e4tzen. Selbstverst\u00e4ndlich ist es auch GMO-frei, laktosefrei, glutenfrei &amp; ohne Farbstoffe, S\u00fc\u00dfstoffe oder Konservierungsstoffe.<\/p>\n","protected":false},"featured_media":41960,"comment_status":"open","ping_status":"closed","template":"","meta":[],"product_brand":[],"product_cat":[15],"product_tag":[],"class_list":{"0":"post-41959","1":"product","2":"type-product","3":"status-publish","4":"has-post-thumbnail","6":"product_cat-bio-tee","7":"pa_amazon-bestseller-rang-nr-118-in-lebensmittel-getraenke-siehe-top-100-in-lebensmittel-getraenke-nr-1-in-gruener-tee","8":"pa_artikelgewicht-100-g","9":"pa_auslaufartikel-produktion-dur-nein","10":"pa_besonderheit-bio","11":"pa_durchschnittliche-kundenbewer-43-von-5-sternen-1-573-sternebewertungen-43-von-5-sternen","12":"pa_format-getrocknet-als-pulver","13":"pa_hersteller-natural-elements","14":"pa_im-angebot-von-amazon-de-seit-15-februar-2017","15":"pa_kontakt-zum-hersteller-natural-elements-gmbh-40789-monheim-am-rhein-mittelstrasse-11-13","16":"pa_marke-natural-elements","17":"pa_netto-gewicht-100-gramm","18":"pa_stueckzahl-100-gramm","19":"pa_verpackungsabmessungen-22-1-x-12-4-x-4-cm-100-gramm","20":"pa_zertifizierung-bio-nach-eg-oeko-verordnung","22":"first","23":"instock","24":"shipping-taxable","25":"purchasable","26":"product-type-simple"},"_links":{"self":[{"href":"https:\/\/123-teezeit.de\/index.php?rest_route=\/wp\/v2\/product\/41959","targetHints":{"allow":["GET"]}}],"collection":[{"href":"https:\/\/123-teezeit.de\/index.php?rest_route=\/wp\/v2\/product"}],"about":[{"href":"https:\/\/123-teezeit.de\/index.php?rest_route=\/wp\/v2\/types\/product"}],"replies":[{"embeddable":true,"href":"https:\/\/123-teezeit.de\/index.php?rest_route=%2Fwp%2Fv2%2Fcomments&post=41959"}],"wp:featuredmedia":[{"embeddable":true,"href":"https:\/\/123-teezeit.de\/index.php?rest_route=\/wp\/v2\/media\/41960"}],"wp:attachment":[{"href":"https:\/\/123-teezeit.de\/index.php?rest_route=%2Fwp%2Fv2%2Fmedia&parent=41959"}],"wp:term":[{"taxonomy":"product_brand","embeddable":true,"href":"https:\/\/123-teezeit.de\/index.php?rest_route=%2Fwp%2Fv2%2Fproduct_brand&post=41959"},{"taxonomy":"product_cat","embeddable":true,"href":"https:\/\/123-teezeit.de\/index.php?rest_route=%2Fwp%2Fv2%2Fproduct_cat&post=41959"},{"taxonomy":"product_tag","embeddable":true,"href":"https:\/\/123-teezeit.de\/index.php?rest_route=%2Fwp%2Fv2%2Fproduct_tag&post=41959"}],"curies":[{"name":"wp","href":"https:\/\/api.w.org\/{rel}","templated":true}]}}