{"id":42046,"date":"2022-02-13T04:58:51","date_gmt":"2022-02-13T04:58:51","guid":{"rendered":"https:\/\/123-teezeit.de\/?product=arizona-green-tea-pomegranate-pet-6x1-5l-9-l"},"modified":"2023-04-09T10:30:30","modified_gmt":"2023-04-09T10:30:30","slug":"arizona-green-tea-pomegranate-pet-6x1-5l-9-l","status":"publish","type":"product","link":"https:\/\/123-teezeit.de\/?product=arizona-green-tea-pomegranate-pet-6x1-5l-9-l","title":{"rendered":"Arizona Green Tea Pomegranate PET, (6&#215;1.5l), 9 l"},"content":{"rendered":"<p><!-- show up to 2 reviews by default --> <\/p>\n<h3> <span>Produktbeschreibung<\/span> <\/h3>\n<p> <span>Hochwertiges Eistee-Erfrischungsgetr\u00e4nk auf Gr\u00fcntee-Basis mit Granatapfel Geschmack. Im praktischen Sixpack mit 6&#215;1,5 Liter PET-Flaschen mit Schraubverschluss.<\/span> <\/p>\n<h3> <span>Inhaltsstoffe \/ Zutaten<\/span> <\/h3>\n<p> <span>Wasser, 5% Fruchtsaft aus Fruchtsaftkonzentrat (Apfel 3,8%, Granatapfel 1,2%), Zucker, Honig (0,35%), S\u00e4uerungsmittel: Citronens\u00e4ure und \u00c4pfels\u00e4ure, f\u00e4rbendes Lebensmittel: Karotten- und Blaubeersaftkonzentrat, nat\u00fcrliches Aroma, Gr\u00fcntee-Extrakt (0,06%), Antioxidationsmittel: Ascorbins\u00e4ure, S\u00fcssungsmittel: Stevioglycoside, Stabilisatoren: Gummi arabicum und Glycerinester aus Wurzelharz.<\/span> <\/p>\n<div data-a-expander-name=\"toggle_description\" class=\"a-row a-expander-container a-expander-extend-container\">\n<div class=\"a-expander-content a-expander-extend-content\">\n<h3> <span>Gebrauchsanweisung<\/span> <\/h3>\n<p> <span>Vor dem \u00d6ffnen bitte sch\u00fcttels<\/span> <\/p>\n<h3> <span>Warnhinweise<\/span> <\/h3>\n<p> <span>Enth\u00e4lt Koffein und Honig. F\u00fcr Kinder unter 2 Jahren nicht geeignet.<\/span> <\/p>\n<h3> <span>Anschrift Hersteller\/Importeur<\/span> <\/h3>\n<p> <span>Arizona Europe Co\u00f6peratief U.A., Barbara Strozzilaan 201, 1083 HN Amsterdam, The Netherlands<\/span> <\/p>\n<\/p><\/div>\n<p> <a data-csa-c-func-deps=\"aui-da-a-expander-toggle\" data-csa-c-type=\"widget\" data-csa-interaction-events=\"click\" role=\"button\" href=\"void(0)\" data-action=\"a-expander-toggle\" class=\"a-expander-header a-declarative a-expander-extend-header\" data-a-expander-toggle=\"{\"><i class=\"a-icon a-icon-extender-expand\"><\/i><span class=\"a-expander-prompt\">Mehr<\/span><\/a> <\/div>\n<p>Ohne k\u00fcnstliche Aromen oder Konservierungsstoffe.<br \/>\nSuper erfrischend und durststillend<br \/>\nAm besten eisgek\u00fchlt verzehren<br \/>\n<div class=\"main-cross-sell\" data-asin=\"B08HHR1S84\">\n\n\t<div class=\"WooZone-cross-sell-loader\">\n\t\t<div>\n\t\t\t<div id=\"floatingBarsG\">\n\t\t\t\t<div class=\"blockG\" id=\"rotateG_01\"><\/div>\n\t\t\t\t<div class=\"blockG\" id=\"rotateG_02\"><\/div>\n\t\t\t\t<div class=\"blockG\" id=\"rotateG_03\"><\/div>\n\t\t\t\t<div class=\"blockG\" id=\"rotateG_04\"><\/div>\n\t\t\t\t<div class=\"blockG\" id=\"rotateG_05\"><\/div>\n\t\t\t\t<div class=\"blockG\" id=\"rotateG_06\"><\/div>\n\t\t\t\t<div class=\"blockG\" id=\"rotateG_07\"><\/div>\n\t\t\t\t<div class=\"blockG\" id=\"rotateG_08\"><\/div>\n\t\t\t<\/div>\n\t\t\t<div class=\"WooZone-cross-sell-loader-text\"><\/div>\n\t\t<\/div>\n\t<\/div>\n\n\t\t\n<\/div>\n<div style=\"clear:both;\"><\/div><\/p>\n","protected":false},"excerpt":{"rendered":"<p>Ohne k\u00fcnstliche Aromen oder Konservierungsstoffe.<br \/>\nSuper erfrischend und durststillend<br \/>\nAm besten eisgek\u00fchlt verzehren<\/p>\n","protected":false},"featured_media":42047,"comment_status":"open","ping_status":"closed","template":"","meta":[],"product_brand":[],"product_cat":[97],"product_tag":[],"class_list":{"0":"post-42046","1":"product","2":"type-product","3":"status-publish","4":"has-post-thumbnail","6":"product_cat-eistee","7":"pa_amazon-bestseller-rang-nr-18013-in-lebensmittel-getraenke-siehe-top-100-in-lebensmittel-getraenke-nr-75-in-eistee","8":"pa_artikelgewicht-9-56-g","9":"pa_aufbewahrung-nach-dem-oeffnen-im-kuehlschrank-stehend-lagern","10":"pa_besonderheit-fettfrei-ohne-kuenstliche-aromen","11":"pa_durchschnittliche-kundenbewer-43-von-5-sternen-20-sternebewertungen-43-von-5-sternen","12":"pa_herkunftsland-deutschland","13":"pa_hersteller-arizona","14":"pa_im-angebot-von-amazon-de-seit-31-august-2020","15":"pa_kontakt-zum-hersteller-arizona-europe-cooeperatief-u-a-barbara-strozzilaan-201-1083-hn-amsterdam-the-netherlands","16":"pa_landeskueche-nordamerika","17":"pa_marke-arizona","18":"pa_netto-gewicht-9-56-kilogramm","19":"pa_netto-volumen-9000-milliliter","20":"pa_produktabmessungen-19-6-x-29-4-x-28-9-cm-9-56-gramm","21":"pa_produktbezeichnung-green-tea-pomegranate-pet-6x15l","22":"pa_stueckzahl-9000-0-milliliter","23":"pa_ursprungsland-deutschland","25":"first","26":"instock","27":"shipping-taxable","28":"purchasable","29":"product-type-simple"},"_links":{"self":[{"href":"https:\/\/123-teezeit.de\/index.php?rest_route=\/wp\/v2\/product\/42046","targetHints":{"allow":["GET"]}}],"collection":[{"href":"https:\/\/123-teezeit.de\/index.php?rest_route=\/wp\/v2\/product"}],"about":[{"href":"https:\/\/123-teezeit.de\/index.php?rest_route=\/wp\/v2\/types\/product"}],"replies":[{"embeddable":true,"href":"https:\/\/123-teezeit.de\/index.php?rest_route=%2Fwp%2Fv2%2Fcomments&post=42046"}],"wp:featuredmedia":[{"embeddable":true,"href":"https:\/\/123-teezeit.de\/index.php?rest_route=\/wp\/v2\/media\/42047"}],"wp:attachment":[{"href":"https:\/\/123-teezeit.de\/index.php?rest_route=%2Fwp%2Fv2%2Fmedia&parent=42046"}],"wp:term":[{"taxonomy":"product_brand","embeddable":true,"href":"https:\/\/123-teezeit.de\/index.php?rest_route=%2Fwp%2Fv2%2Fproduct_brand&post=42046"},{"taxonomy":"product_cat","embeddable":true,"href":"https:\/\/123-teezeit.de\/index.php?rest_route=%2Fwp%2Fv2%2Fproduct_cat&post=42046"},{"taxonomy":"product_tag","embeddable":true,"href":"https:\/\/123-teezeit.de\/index.php?rest_route=%2Fwp%2Fv2%2Fproduct_tag&post=42046"}],"curies":[{"name":"wp","href":"https:\/\/api.w.org\/{rel}","templated":true}]}}