{"id":42050,"date":"2022-02-13T04:58:54","date_gmt":"2022-02-13T04:58:54","guid":{"rendered":"https:\/\/123-teezeit.de\/?product=pfanner-eistee-pfirsich-1-5-l-einweg"},"modified":"2023-04-09T10:30:31","modified_gmt":"2023-04-09T10:30:31","slug":"pfanner-eistee-pfirsich-1-5-l-einweg","status":"publish","type":"product","link":"https:\/\/123-teezeit.de\/?product=pfanner-eistee-pfirsich-1-5-l-einweg","title":{"rendered":"Pfanner Eistee Pfirsich \u2013 Direkt aufgebr\u00fchter Schwarztee kombiniert mit Pfirsichsaft (1 x 1,5 l)"},"content":{"rendered":"<p><!-- show up to 2 reviews by default --> <\/p>\n<h3> <span>Produktbeschreibung<\/span> <\/h3>\n<p> <span>Pfanner Eistee Pfirsich wird aus einer erlesenen Mischung bester Schwarzteesorten direkt aufgebr\u00fcht. Hagebutten und Hibiskusbl\u00fcten runden die Feinheit Schwarztee Basis ausgewogen ab. Fruchtiger Pfirsichsaft verfeinert Pfanner IceTea Pfirsich zu einem erfrischenden Geschmackserlebnis. Im Gegensatz zu gr\u00fcnem Tee wird schwarzer Tee fermentiert. Dabei entfaltet sich das f\u00fcr den schwarzen Tee so typische ARO<\/span> <\/p>\n<h3> <span>Inhaltsstoffe \/ Zutaten<\/span> <\/h3>\n<p> <span>Zutaten: Aufguss aus schwarzem Tee (Wasser, schwarzer Tee), Zucker, 1% Pfirsichsaft aus Pfirsichsaftkonzentrat, S\u00e4uerungsmittel Citronens\u00e4ure, S\u00e4ureregulator Natriumcitrat, Aroma. Tee-Extrakt: 0,12%.<\/span> <\/p>\n<div data-a-expander-name=\"toggle_description\" class=\"a-row a-expander-container a-expander-extend-container\">\n<div class=\"a-expander-content a-expander-extend-content\">\n<h3> <span>Gebrauchsanweisung<\/span> <\/h3>\n<p> <span>Die ge\u00f6ffnete Packung im K\u00fchlschrank aufbewahren. Innerhalb von 3 Tagen verzehren.<\/span> <\/p>\n<h3> <span>Warnhinweise<\/span> <\/h3>\n<p> <span>Nicht dem direkten Sonnenlicht aussetzen.<\/span> <\/p>\n<h3> <span>Anschrift Hersteller\/Importeur<\/span> <\/h3>\n<p> <span>A-6923 Lauterach, Austria<\/span> <\/p>\n<\/p><\/div>\n<p> <a data-csa-c-func-deps=\"aui-da-a-expander-toggle\" data-csa-c-type=\"widget\" data-csa-interaction-events=\"click\" role=\"button\" href=\"void(0)\" data-action=\"a-expander-toggle\" class=\"a-expander-header a-declarative a-expander-extend-header\" data-a-expander-toggle=\"{\"><i class=\"a-icon a-icon-extender-expand\"><\/i><span class=\"a-expander-prompt\">Mehr<\/span><\/a> <\/div>\n<p>Schwarzteegetr\u00e4nk mit Pfirsichgeschmack.<br \/>\ncountry_string; \u00d6sterreich<br \/>\nVerfeinert mit fruchtigem Pfirsichsaft.<br \/>\nPfanner<br \/>\n<div class=\"main-cross-sell\" data-asin=\"B0158IOPKO\">\n\n\t<div class=\"WooZone-cross-sell-loader\">\n\t\t<div>\n\t\t\t<div id=\"floatingBarsG\">\n\t\t\t\t<div class=\"blockG\" id=\"rotateG_01\"><\/div>\n\t\t\t\t<div class=\"blockG\" id=\"rotateG_02\"><\/div>\n\t\t\t\t<div class=\"blockG\" id=\"rotateG_03\"><\/div>\n\t\t\t\t<div class=\"blockG\" id=\"rotateG_04\"><\/div>\n\t\t\t\t<div class=\"blockG\" id=\"rotateG_05\"><\/div>\n\t\t\t\t<div class=\"blockG\" id=\"rotateG_06\"><\/div>\n\t\t\t\t<div class=\"blockG\" id=\"rotateG_07\"><\/div>\n\t\t\t\t<div class=\"blockG\" id=\"rotateG_08\"><\/div>\n\t\t\t<\/div>\n\t\t\t<div class=\"WooZone-cross-sell-loader-text\"><\/div>\n\t\t<\/div>\n\t<\/div>\n\n\t\t\n<\/div>\n<div style=\"clear:both;\"><\/div><\/p>\n","protected":false},"excerpt":{"rendered":"<p>Schwarzteegetr\u00e4nk mit Pfirsichgeschmack.<br \/>\ncountry_string; \u00d6sterreich<br \/>\nVerfeinert mit fruchtigem Pfirsichsaft.<\/p>\n","protected":false},"featured_media":42051,"comment_status":"open","ping_status":"closed","template":"","meta":[],"product_brand":[],"product_cat":[97],"product_tag":[],"class_list":{"0":"post-42050","1":"product","2":"type-product","3":"status-publish","4":"has-post-thumbnail","6":"product_cat-eistee","7":"pa_amazon-bestseller-rang-nr-13215-in-lebensmittel-getraenke-siehe-top-100-in-lebensmittel-getraenke-nr-57-in-eistee","8":"pa_artikelgewicht-1-59-g","9":"pa_aufbewahrung-nach-dem-oeffnen-gekuehlt-aufbewahren-und-innerhalb-von-3-tagen-aufbrauchen","10":"pa_besonderheit-ohne-konservierungsstoffe","11":"pa_durchschnittliche-kundenbewer-46-von-5-sternen-224-sternebewertungen-46-von-5-sternen","12":"pa_herkunftsland-oesterreich","13":"pa_hersteller-hermann-pfanner-getraenke-gmbh","14":"pa_im-angebot-von-amazon-de-seit-12-november-2015","15":"pa_kontakt-zum-hersteller-a-6923-lauterach-austria","16":"pa_marke-pfanner","17":"pa_netto-volumen-1500-milliliter","18":"pa_produktabmessungen-8-8-x-8-8-x-35-cm-1-59-gramm","19":"pa_produktbezeichnung-schwarzteegetraenk-mit-pfirsichgeschmack-direkt-aufgebrueht-aus-schwarzem-tee","20":"pa_stueckzahl-1500-0-milliliter","21":"pa_ursprungsland-oesterreich","22":"pa_verwendungsbedingungen-3-tage","23":"pa_zusatzstoffe-nicht-zutreffend","25":"first","26":"instock","27":"shipping-taxable","28":"purchasable","29":"product-type-simple"},"_links":{"self":[{"href":"https:\/\/123-teezeit.de\/index.php?rest_route=\/wp\/v2\/product\/42050","targetHints":{"allow":["GET"]}}],"collection":[{"href":"https:\/\/123-teezeit.de\/index.php?rest_route=\/wp\/v2\/product"}],"about":[{"href":"https:\/\/123-teezeit.de\/index.php?rest_route=\/wp\/v2\/types\/product"}],"replies":[{"embeddable":true,"href":"https:\/\/123-teezeit.de\/index.php?rest_route=%2Fwp%2Fv2%2Fcomments&post=42050"}],"wp:featuredmedia":[{"embeddable":true,"href":"https:\/\/123-teezeit.de\/index.php?rest_route=\/wp\/v2\/media\/42051"}],"wp:attachment":[{"href":"https:\/\/123-teezeit.de\/index.php?rest_route=%2Fwp%2Fv2%2Fmedia&parent=42050"}],"wp:term":[{"taxonomy":"product_brand","embeddable":true,"href":"https:\/\/123-teezeit.de\/index.php?rest_route=%2Fwp%2Fv2%2Fproduct_brand&post=42050"},{"taxonomy":"product_cat","embeddable":true,"href":"https:\/\/123-teezeit.de\/index.php?rest_route=%2Fwp%2Fv2%2Fproduct_cat&post=42050"},{"taxonomy":"product_tag","embeddable":true,"href":"https:\/\/123-teezeit.de\/index.php?rest_route=%2Fwp%2Fv2%2Fproduct_tag&post=42050"}],"curies":[{"name":"wp","href":"https:\/\/api.w.org\/{rel}","templated":true}]}}