{"id":42062,"date":"2022-02-13T04:59:04","date_gmt":"2022-02-13T04:59:04","guid":{"rendered":"https:\/\/123-teezeit.de\/?product=pfanner-gruener-tee-zitrone-kaktusfeige-2l"},"modified":"2023-04-10T11:30:22","modified_gmt":"2023-04-10T11:30:22","slug":"pfanner-gruener-tee-zitrone-kaktusfeige-2l","status":"publish","type":"product","link":"https:\/\/123-teezeit.de\/?product=pfanner-gruener-tee-zitrone-kaktusfeige-2l","title":{"rendered":"Pfanner Der Gr\u00fcne Zitrone Kaktusfeige \u2013 Direkt aufgebr\u00fchter gr\u00fcner Tee mit Zitronensaft und Kaktusfeigensaft verfeinert\u2026"},"content":{"rendered":"<p><!-- show up to 2 reviews by default --> <\/p>\n<h3> <span>Produktbeschreibung<\/span> <\/h3>\n<p> <span>Gr\u00fcnteegetr\u00e4nk mit Zitronen-Kaktusfeigengeschmack.<\/span> <\/p>\n<h3> <span>Inhaltsstoffe \/ Zutaten<\/span> <\/h3>\n<p> <span>Aufguss aus gr\u00fcnem Tee und Ingwer (Wasser, gr\u00fcner Tee, Ingwer), Zucker, Zitronensaft (0,1%) aus Zitronensaftkonzentrat, S\u00e4uerungsmittel Citronens\u00e4ure, Antioxidationsmittel Ascorbins\u00e4ure, Aroma. Tee-Extrakt: 0,12%.<\/span> <\/p>\n<div data-a-expander-name=\"toggle_description\" class=\"a-row a-expander-container a-expander-extend-container\">\n<div class=\"a-expander-content a-expander-extend-content\">\n<h3> <span>Anschrift Hersteller\/Importeur<\/span> <\/h3>\n<p> <span>A-6923 Lauterach, Austria<\/span> <\/p>\n<\/p><\/div>\n<p> <a data-csa-c-func-deps=\"aui-da-a-expander-toggle\" data-csa-c-type=\"widget\" data-csa-interaction-events=\"click\" role=\"button\" href=\"void(0)\" data-action=\"a-expander-toggle\" class=\"a-expander-header a-declarative a-expander-extend-header\" data-a-expander-toggle=\"{\"><i class=\"a-icon a-icon-extender-expand\"><\/i><span class=\"a-expander-prompt\">Mehr<\/span><\/a> <\/div>\n<p>Direkt aufgebr\u00fcht aus erlesenen Gr\u00fcnteesorten<br \/>\nVerfeinert mit fruchtigem Zitronen- und Kaktusfeigensaft<br \/>\nAm besten gek\u00fchlt<br \/>\nWeniger Fett<br \/>\nGeeignet f\u00fcr Vegetarier<br \/>\n<div class=\"main-cross-sell\" data-asin=\"B013R54MHG\">\n\n\t<div class=\"WooZone-cross-sell-loader\">\n\t\t<div>\n\t\t\t<div id=\"floatingBarsG\">\n\t\t\t\t<div class=\"blockG\" id=\"rotateG_01\"><\/div>\n\t\t\t\t<div class=\"blockG\" id=\"rotateG_02\"><\/div>\n\t\t\t\t<div class=\"blockG\" id=\"rotateG_03\"><\/div>\n\t\t\t\t<div class=\"blockG\" id=\"rotateG_04\"><\/div>\n\t\t\t\t<div class=\"blockG\" id=\"rotateG_05\"><\/div>\n\t\t\t\t<div class=\"blockG\" id=\"rotateG_06\"><\/div>\n\t\t\t\t<div class=\"blockG\" id=\"rotateG_07\"><\/div>\n\t\t\t\t<div class=\"blockG\" id=\"rotateG_08\"><\/div>\n\t\t\t<\/div>\n\t\t\t<div class=\"WooZone-cross-sell-loader-text\"><\/div>\n\t\t<\/div>\n\t<\/div>\n\n\t\t\n<\/div>\n<div style=\"clear:both;\"><\/div><\/p>\n","protected":false},"excerpt":{"rendered":"<p>Direkt aufgebr\u00fcht aus erlesenen Gr\u00fcnteesorten<br \/>\nVerfeinert mit fruchtigem Zitronen- und Kaktusfeigensaft<br \/>\nAm besten gek\u00fchlt<\/p>\n","protected":false},"featured_media":42063,"comment_status":"open","ping_status":"closed","template":"","meta":[],"product_brand":[],"product_cat":[97],"product_tag":[],"class_list":{"0":"post-42062","1":"product","2":"type-product","3":"status-publish","4":"has-post-thumbnail","6":"product_cat-eistee","7":"pa_amazon-bestseller-rang-nr-6961-in-lebensmittel-getraenke-siehe-top-100-in-lebensmittel-getraenke-nr-32-in-eistee","8":"pa_artikelgewicht-2-1-kg","9":"pa_aufbewahrung-nach-dem-oeffnen-gekuehlt-aufbewahren-und-innerhalb-von-3-tagen-aufbrauchen","10":"pa_besonderheit-vegetarisch","11":"pa_durchschnittliche-kundenbewer-45-von-5-sternen-245-sternebewertungen-45-von-5-sternen","12":"pa_herkunftsland-oesterreich","13":"pa_hersteller-pfanner","14":"pa_im-angebot-von-amazon-de-seit-22-februar-2013","15":"pa_koffeingehalt-koffeinhaltig","16":"pa_kontakt-zum-hersteller-a-6923-lauterach-austria","17":"pa_marke-pfanner","18":"pa_netto-volumen-2000-milliliter","19":"pa_produktbezeichnung-teegetraenk-mit-ingwer-zitronengeschmack-direkt-aufgebrueht-aus-gruenem-tee-und-ingwer","20":"pa_stueckzahl-2000-0-milliliter","21":"pa_ursprungsland-oesterreich","22":"pa_verpackungsabmessungen-27-x-10-01-x-10-01-cm","23":"pa_verwendungsbedingungen-geoeffnet-innerhalb-von-3-tagen-aufbrauchen","25":"first","26":"instock","27":"shipping-taxable","28":"purchasable","29":"product-type-simple"},"_links":{"self":[{"href":"https:\/\/123-teezeit.de\/index.php?rest_route=\/wp\/v2\/product\/42062","targetHints":{"allow":["GET"]}}],"collection":[{"href":"https:\/\/123-teezeit.de\/index.php?rest_route=\/wp\/v2\/product"}],"about":[{"href":"https:\/\/123-teezeit.de\/index.php?rest_route=\/wp\/v2\/types\/product"}],"replies":[{"embeddable":true,"href":"https:\/\/123-teezeit.de\/index.php?rest_route=%2Fwp%2Fv2%2Fcomments&post=42062"}],"wp:featuredmedia":[{"embeddable":true,"href":"https:\/\/123-teezeit.de\/index.php?rest_route=\/wp\/v2\/media\/42063"}],"wp:attachment":[{"href":"https:\/\/123-teezeit.de\/index.php?rest_route=%2Fwp%2Fv2%2Fmedia&parent=42062"}],"wp:term":[{"taxonomy":"product_brand","embeddable":true,"href":"https:\/\/123-teezeit.de\/index.php?rest_route=%2Fwp%2Fv2%2Fproduct_brand&post=42062"},{"taxonomy":"product_cat","embeddable":true,"href":"https:\/\/123-teezeit.de\/index.php?rest_route=%2Fwp%2Fv2%2Fproduct_cat&post=42062"},{"taxonomy":"product_tag","embeddable":true,"href":"https:\/\/123-teezeit.de\/index.php?rest_route=%2Fwp%2Fv2%2Fproduct_tag&post=42062"}],"curies":[{"name":"wp","href":"https:\/\/api.w.org\/{rel}","templated":true}]}}