{"id":42096,"date":"2022-02-13T04:59:34","date_gmt":"2022-02-13T04:59:34","guid":{"rendered":"https:\/\/123-teezeit.de\/?product=pfanner-weisser-tee-zitrone-holunderbluete-6-x-2-l-packung"},"modified":"2023-04-10T11:30:22","modified_gmt":"2023-04-10T11:30:22","slug":"pfanner-weisser-tee-zitrone-holunderbluete-6-x-2-l-packung","status":"publish","type":"product","link":"https:\/\/123-teezeit.de\/?product=pfanner-weisser-tee-zitrone-holunderbluete-6-x-2-l-packung","title":{"rendered":"Pfanner Der Wei\u00dfe Zitrone-Holunderbl\u00fcte im Vorratspack \u2013 Direkt aufgebr\u00fchter wei\u00dfer Tee mit Zitronensaft und\u2026"},"content":{"rendered":"<p><!-- show up to 2 reviews by default --> <\/p>\n<h3> <span>Produktbeschreibungen<\/span> <\/h3>\n<p> <span>F\u00fcr Pfanner \u201eDer Wei\u00dfe\u201c werden wei\u00dfer Tee und Holunderbl\u00fcten frisch aufgebr\u00fcht und mit Zitronensaft zu einem erfrischenden Geschmackserlebnis verfeinert. Wei\u00dfer Tee verdankt seinen Namen dem wei\u00dfen, seidenartigen Flaum, der die jungen Teeknospen umschlie\u00dft. Im Vergleich zu Schwarztee enth\u00e4lt wei\u00dfer Tee weniger Koffein. Zutaten und Allergene Zutaten: Aufguss aus wei\u00dfem Tee und Holunderbl\u00fcte (Wasser, wei\u00dfer Tee, Holunderbl\u00fcte), Zucker, Zitronensaft (0,1%) aus Zitronensaftkonzentrat, S\u00e4uerungsmittel Citronens\u00e4ure, Aroma. Tee-Extrakt: 0,12%. N\u00e4hrwerte Durchschnittliche N\u00e4hrwerte Unzubereitet pro 100 ml Energie 119kJ Energie 28kcal Fett <\/span><\/p>\n<h3> <span>Inhaltsstoffe \/ Zutaten<\/span> <\/h3>\n<p> <span>Zutaten: Aufguss aus wei\u00dfem Tee und Holunderbl\u00fcte (Wasser, wei\u00dfer Tee, Holunderbl\u00fcte), Zucker, Zitronensaft (0,1%) aus Zitronensaftkonzentrat, S\u00e4uerungsmittel Citronens\u00e4ure, Aroma. Tee-Extrakt: 0,12%.<\/span> <\/p>\n<div data-a-expander-name=\"toggle_description\" class=\"a-row a-expander-container a-expander-extend-container\">\n<div class=\"a-expander-content a-expander-extend-content\">\n<h3> <span>Anschrift Hersteller\/Importeur<\/span> <\/h3>\n<p> <span>A-6923 Lauterach, Austria<\/span> <\/p>\n<\/p><\/div>\n<p> <a data-csa-c-func-deps=\"aui-da-a-expander-toggle\" data-csa-c-type=\"widget\" data-csa-interaction-events=\"click\" role=\"button\" href=\"void(0)\" data-action=\"a-expander-toggle\" class=\"a-expander-header a-declarative a-expander-extend-header\" data-a-expander-toggle=\"{\"><i class=\"a-icon a-icon-extender-expand\"><\/i><span class=\"a-expander-prompt\">Mehr<\/span><\/a> <\/div>\n<p>Teegetr\u00e4nk mit Zitronen-Holunderbl\u00fctengeschmack.<br \/>\nDirekt aufgebr\u00fcht aus wei\u00dfem Tee und Holunderbl\u00fcte.<br \/>\nVerfeinert mit fruchtigem Zitronensaft.<br \/>\n<div class=\"main-cross-sell\" data-asin=\"B013PAID82\">\n\n\t<div class=\"WooZone-cross-sell-loader\">\n\t\t<div>\n\t\t\t<div id=\"floatingBarsG\">\n\t\t\t\t<div class=\"blockG\" id=\"rotateG_01\"><\/div>\n\t\t\t\t<div class=\"blockG\" id=\"rotateG_02\"><\/div>\n\t\t\t\t<div class=\"blockG\" id=\"rotateG_03\"><\/div>\n\t\t\t\t<div class=\"blockG\" id=\"rotateG_04\"><\/div>\n\t\t\t\t<div class=\"blockG\" id=\"rotateG_05\"><\/div>\n\t\t\t\t<div class=\"blockG\" id=\"rotateG_06\"><\/div>\n\t\t\t\t<div class=\"blockG\" id=\"rotateG_07\"><\/div>\n\t\t\t\t<div class=\"blockG\" id=\"rotateG_08\"><\/div>\n\t\t\t<\/div>\n\t\t\t<div class=\"WooZone-cross-sell-loader-text\"><\/div>\n\t\t<\/div>\n\t<\/div>\n\n\t\t\n<\/div>\n<div style=\"clear:both;\"><\/div><\/p>\n","protected":false},"excerpt":{"rendered":"<p>Teegetr\u00e4nk mit Zitronen-Holunderbl\u00fctengeschmack.<br \/>\nDirekt aufgebr\u00fcht aus wei\u00dfem Tee und Holunderbl\u00fcte.<br \/>\nVerfeinert mit fruchtigem Zitronensaft.<\/p>\n","protected":false},"featured_media":42097,"comment_status":"open","ping_status":"closed","template":"","meta":[],"product_brand":[],"product_cat":[97],"product_tag":[],"class_list":{"0":"post-42096","1":"product","2":"type-product","3":"status-publish","4":"has-post-thumbnail","6":"product_cat-eistee","7":"pa_amazon-bestseller-rang-nr-7319-in-lebensmittel-getraenke-siehe-top-100-in-lebensmittel-getraenke-nr-14-in-weisser-tee","8":"pa_artikelgewicht-12-9-kg","9":"pa_aufbewahrung-nach-dem-oeffnen-gekuehlt-aufbewahren-und-innerhalb-von-3-tagen-aufbrauchen","10":"pa_auslaufartikel-produktion-dur-nein","11":"pa_besonderheit-alkoholfrei-vegan-ohne-konservierungsstoffe","12":"pa_durchschnittliche-kundenbewer-46-von-5-sternen-280-sternebewertungen-46-von-5-sternen","13":"pa_format-instant","14":"pa_herkunftsland-oesterreich","15":"pa_hersteller-hermann-pfanner-getraenke-gmbh","16":"pa_im-angebot-von-amazon-de-seit-2-mai-2015","17":"pa_kontakt-zum-hersteller-a-6923-lauterach-austria","18":"pa_marke-pfanner","19":"pa_netto-volumen-12000-milliliter","20":"pa_produktbezeichnung-teegetraenk-mit-zitronen-holunderbluetengeschmack-direkt-aufgebrueht-aus-weissem-tee-und-holunderbluete","21":"pa_stueckzahl-12000-0-milliliter","22":"pa_ursprungsland-oesterreich","23":"pa_verpackungsabmessungen-43-5-x-30-3-x-25-6-cm","24":"pa_verwendungsbedingungen-3-tage","25":"pa_zertifizierung-v-label-vegan","26":"pa_zusatzstoffe-nicht-zutreffend","28":"first","29":"instock","30":"shipping-taxable","31":"purchasable","32":"product-type-simple"},"_links":{"self":[{"href":"https:\/\/123-teezeit.de\/index.php?rest_route=\/wp\/v2\/product\/42096","targetHints":{"allow":["GET"]}}],"collection":[{"href":"https:\/\/123-teezeit.de\/index.php?rest_route=\/wp\/v2\/product"}],"about":[{"href":"https:\/\/123-teezeit.de\/index.php?rest_route=\/wp\/v2\/types\/product"}],"replies":[{"embeddable":true,"href":"https:\/\/123-teezeit.de\/index.php?rest_route=%2Fwp%2Fv2%2Fcomments&post=42096"}],"wp:featuredmedia":[{"embeddable":true,"href":"https:\/\/123-teezeit.de\/index.php?rest_route=\/wp\/v2\/media\/42097"}],"wp:attachment":[{"href":"https:\/\/123-teezeit.de\/index.php?rest_route=%2Fwp%2Fv2%2Fmedia&parent=42096"}],"wp:term":[{"taxonomy":"product_brand","embeddable":true,"href":"https:\/\/123-teezeit.de\/index.php?rest_route=%2Fwp%2Fv2%2Fproduct_brand&post=42096"},{"taxonomy":"product_cat","embeddable":true,"href":"https:\/\/123-teezeit.de\/index.php?rest_route=%2Fwp%2Fv2%2Fproduct_cat&post=42096"},{"taxonomy":"product_tag","embeddable":true,"href":"https:\/\/123-teezeit.de\/index.php?rest_route=%2Fwp%2Fv2%2Fproduct_tag&post=42096"}],"curies":[{"name":"wp","href":"https:\/\/api.w.org\/{rel}","templated":true}]}}