{"id":42118,"date":"2022-02-13T05:00:10","date_gmt":"2022-02-13T05:00:10","guid":{"rendered":"https:\/\/123-teezeit.de\/?product=pfanner-eistee-waldbeere-2l"},"modified":"2023-04-10T11:30:23","modified_gmt":"2023-04-10T11:30:23","slug":"pfanner-eistee-waldbeere-2l","status":"publish","type":"product","link":"https:\/\/123-teezeit.de\/?product=pfanner-eistee-waldbeere-2l","title":{"rendered":"Pfanner Eistee Waldbeere \u2013 Direkt aufgebr\u00fchter Fr\u00fcchtetee kombiniert mit Heidelbeersaft, Himbeersaft, Brombeersaft und\u2026"},"content":{"rendered":"<p><!-- show up to 2 reviews by default --> <\/p>\n<h3> <span>Produktbeschreibung<\/span> <\/h3>\n<p> <span>Fr\u00fcchteteegetr\u00e4nk mit Waldbeergeschmack<\/span> <\/p>\n<h3> <span>Inhaltsstoffe \/ Zutaten<\/span> <\/h3>\n<p> <span>Zutaten: Aufguss aus Hagebutte und Hibiskusbl\u00fcte (Wasser, Hagebutte, Hibiskusbl\u00fcte), Zucker, Mehrfruchtsaft aus Mehrfruchtsaftkonzentrat (Apfel, Heidelbeere, Himbeere, Erdbeere, Brombeere), S\u00e4uerungsmittel Citronens\u00e4ure, Aroma. Tee-Extrakt: 0,12%.<\/span> <\/p>\n<div data-a-expander-name=\"toggle_description\" class=\"a-row a-expander-container a-expander-extend-container\">\n<div class=\"a-expander-content a-expander-extend-content\">\n<h3> <span>Anschrift Hersteller\/Importeur<\/span> <\/h3>\n<p> <span>A-6923 Lauterach, Austria<\/span> <\/p>\n<\/p><\/div>\n<p> <a data-csa-c-func-deps=\"aui-da-a-expander-toggle\" data-csa-c-type=\"widget\" data-csa-interaction-events=\"click\" role=\"button\" href=\"void(0)\" data-action=\"a-expander-toggle\" class=\"a-expander-header a-declarative a-expander-extend-header\" data-a-expander-toggle=\"{\"><i class=\"a-icon a-icon-extender-expand\"><\/i><span class=\"a-expander-prompt\">Mehr<\/span><\/a> <\/div>\n<p>Direkt aufgebr\u00fcht aus Hagebutten und Hibiskusbl\u00fcten<br \/>\nVerfeinert mit fruchtigem Heidelbeer-, Himbeer-, Brombeer- und Erdbeersaft<br \/>\nErfrischendes Geschmackserlebnis<br \/>\nGek\u00fchlt genie\u00dfen<br \/>\n<div class=\"main-cross-sell\" data-asin=\"B013R54AAA\">\n\n\t<div class=\"WooZone-cross-sell-loader\">\n\t\t<div>\n\t\t\t<div id=\"floatingBarsG\">\n\t\t\t\t<div class=\"blockG\" id=\"rotateG_01\"><\/div>\n\t\t\t\t<div class=\"blockG\" id=\"rotateG_02\"><\/div>\n\t\t\t\t<div class=\"blockG\" id=\"rotateG_03\"><\/div>\n\t\t\t\t<div class=\"blockG\" id=\"rotateG_04\"><\/div>\n\t\t\t\t<div class=\"blockG\" id=\"rotateG_05\"><\/div>\n\t\t\t\t<div class=\"blockG\" id=\"rotateG_06\"><\/div>\n\t\t\t\t<div class=\"blockG\" id=\"rotateG_07\"><\/div>\n\t\t\t\t<div class=\"blockG\" id=\"rotateG_08\"><\/div>\n\t\t\t<\/div>\n\t\t\t<div class=\"WooZone-cross-sell-loader-text\"><\/div>\n\t\t<\/div>\n\t<\/div>\n\n\t\t\n<\/div>\n<div style=\"clear:both;\"><\/div><\/p>\n","protected":false},"excerpt":{"rendered":"<p>Direkt aufgebr\u00fcht aus Hagebutten und Hibiskusbl\u00fcten<br \/>\nVerfeinert mit fruchtigem Heidelbeer-, Himbeer-, Brombeer- und Erdbeersaft<br \/>\nErfrischendes Geschmackserlebnis<\/p>\n","protected":false},"featured_media":42119,"comment_status":"open","ping_status":"closed","template":"","meta":[],"product_brand":[],"product_cat":[97],"product_tag":[],"class_list":{"0":"post-42118","1":"product","2":"type-product","3":"status-publish","4":"has-post-thumbnail","6":"product_cat-eistee","7":"pa_amazon-bestseller-rang-nr-41771-in-lebensmittel-getraenke-siehe-top-100-in-lebensmittel-getraenke-nr-151-in-eistee","8":"pa_artikelgewicht-2-kg","9":"pa_aufbewahrung-nach-dem-oeffnen-gekuehlt-aufbewahren-und-innerhalb-von-3-tagen-aufbrauchen","10":"pa_durchschnittliche-kundenbewer-44-von-5-sternen-423-sternebewertungen-44-von-5-sternen","11":"pa_hersteller-hermann-pfanner-getraenke-gmbh","12":"pa_im-angebot-von-amazon-de-seit-30-september-2015","13":"pa_kontakt-zum-hersteller-a-6923-lauterach-austria","14":"pa_marke-pfanner","15":"pa_netto-volumen-2000-milliliter","16":"pa_produktbezeichnung-fruechteteegetraenk-mit-waldbeergeschmack-direkt-aufgebrueht-aus-hagebutte-und-hibiskusbluete","17":"pa_stueckzahl-2000-0-milliliter","18":"pa_ursprungsland-oesterreich","19":"pa_verpackungsabmessungen-27-4-x-11-7-x-11-3-cm-2-kilogramm","20":"pa_verwendungsbedingungen-geoeffnet-innerhalb-von-3-tagen-aufbrauchen","21":"pa_zertifizierung-v-label-vegan","23":"first","24":"instock","25":"shipping-taxable","26":"purchasable","27":"product-type-simple"},"_links":{"self":[{"href":"https:\/\/123-teezeit.de\/index.php?rest_route=\/wp\/v2\/product\/42118","targetHints":{"allow":["GET"]}}],"collection":[{"href":"https:\/\/123-teezeit.de\/index.php?rest_route=\/wp\/v2\/product"}],"about":[{"href":"https:\/\/123-teezeit.de\/index.php?rest_route=\/wp\/v2\/types\/product"}],"replies":[{"embeddable":true,"href":"https:\/\/123-teezeit.de\/index.php?rest_route=%2Fwp%2Fv2%2Fcomments&post=42118"}],"wp:featuredmedia":[{"embeddable":true,"href":"https:\/\/123-teezeit.de\/index.php?rest_route=\/wp\/v2\/media\/42119"}],"wp:attachment":[{"href":"https:\/\/123-teezeit.de\/index.php?rest_route=%2Fwp%2Fv2%2Fmedia&parent=42118"}],"wp:term":[{"taxonomy":"product_brand","embeddable":true,"href":"https:\/\/123-teezeit.de\/index.php?rest_route=%2Fwp%2Fv2%2Fproduct_brand&post=42118"},{"taxonomy":"product_cat","embeddable":true,"href":"https:\/\/123-teezeit.de\/index.php?rest_route=%2Fwp%2Fv2%2Fproduct_cat&post=42118"},{"taxonomy":"product_tag","embeddable":true,"href":"https:\/\/123-teezeit.de\/index.php?rest_route=%2Fwp%2Fv2%2Fproduct_tag&post=42118"}],"curies":[{"name":"wp","href":"https:\/\/api.w.org\/{rel}","templated":true}]}}