{"id":42126,"date":"2022-02-13T05:00:16","date_gmt":"2022-02-13T05:00:16","guid":{"rendered":"https:\/\/123-teezeit.de\/?product=rauch-eistee-zitrone-330-ml-24er-pack"},"modified":"2023-04-10T11:30:23","modified_gmt":"2023-04-10T11:30:23","slug":"rauch-eistee-zitrone-330-ml-24er-pack","status":"publish","type":"product","link":"https:\/\/123-teezeit.de\/?product=rauch-eistee-zitrone-330-ml-24er-pack","title":{"rendered":"Rauch Eistee Lemon \u2013 Fruchtigster Eistee mit Zitronen Geschmack (Einweg, 24 x 330 ml)"},"content":{"rendered":"<p><!-- show up to 2 reviews by default --> <\/p>\n<h3> <span>Produktbeschreibung<\/span> <\/h3>\n<p> <span>Eistee Zitrone aus Schwarztee und Hagebutte. Einzigartiger Geschmack dank echt gebr\u00fchtem Tee, frischem Alpquellwasser und echter Frucht<\/span> <\/p>\n<h3> <span>Inhaltsstoffe \/ Zutaten<\/span> <\/h3>\n<p> <span>Zutaten: Aufguss aus Schwarztee und Hagebutten (Wasser, Schwarztee, Hagebutten), Zucker, 1,5% Zitronensaft aus Zitronensaftkonzentrat, S\u00e4uerungsmittel: Citronens\u00e4ure; S\u00e4ureregulator: Natriumcitrate; Aroma. Tee-Extrakt: mind. 1,5 g\/l.<\/span> <\/p>\n<div data-a-expander-name=\"toggle_description\" class=\"a-row a-expander-container a-expander-extend-container\">\n<div class=\"a-expander-content a-expander-extend-content\">\n<h3> <span>Gebrauchsanweisung<\/span> <\/h3>\n<p> <span>K\u00fchl und trocken lagern<\/span> <\/p>\n<h3> <span>Warnhinweise<\/span> <\/h3>\n<p> <span>Nach dem \u00d6ffnen aufbrauchen.<\/span> <\/p>\n<h3> <span>Anschrift Hersteller\/Importeur<\/span> <\/h3>\n<p> <span>Langgasse 1, A-6830 Rankweil, Austria<\/span> <\/p>\n<\/p><\/div>\n<p> <a data-csa-c-func-deps=\"aui-da-a-expander-toggle\" data-csa-c-type=\"widget\" data-csa-interaction-events=\"click\" role=\"button\" href=\"void(0)\" data-action=\"a-expander-toggle\" class=\"a-expander-header a-declarative a-expander-extend-header\" data-a-expander-toggle=\"{\"><i class=\"a-icon a-icon-extender-expand\"><\/i><span class=\"a-expander-prompt\">Mehr<\/span><\/a> <\/div>\n<p>Einzigartiger Geschmack<br \/>\nEcht gebr\u00fchtem Tee<br \/>\nFrischem Alpquellwasser<br \/>\nEchter Frucht<br \/>\nAnzahl der artikel: 1<br \/>\n<div class=\"main-cross-sell\" data-asin=\"B08LVXZMHF\">\n\n\t<div class=\"WooZone-cross-sell-loader\">\n\t\t<div>\n\t\t\t<div id=\"floatingBarsG\">\n\t\t\t\t<div class=\"blockG\" id=\"rotateG_01\"><\/div>\n\t\t\t\t<div class=\"blockG\" id=\"rotateG_02\"><\/div>\n\t\t\t\t<div class=\"blockG\" id=\"rotateG_03\"><\/div>\n\t\t\t\t<div class=\"blockG\" id=\"rotateG_04\"><\/div>\n\t\t\t\t<div class=\"blockG\" id=\"rotateG_05\"><\/div>\n\t\t\t\t<div class=\"blockG\" id=\"rotateG_06\"><\/div>\n\t\t\t\t<div class=\"blockG\" id=\"rotateG_07\"><\/div>\n\t\t\t\t<div class=\"blockG\" id=\"rotateG_08\"><\/div>\n\t\t\t<\/div>\n\t\t\t<div class=\"WooZone-cross-sell-loader-text\"><\/div>\n\t\t<\/div>\n\t<\/div>\n\n\t\t\n<\/div>\n<div style=\"clear:both;\"><\/div><\/p>\n","protected":false},"excerpt":{"rendered":"<p>Einzigartiger Geschmack<br \/>\nEcht gebr\u00fchtem Tee<br \/>\nFrischem Alpquellwasser<\/p>\n","protected":false},"featured_media":42127,"comment_status":"open","ping_status":"closed","template":"","meta":[],"product_brand":[],"product_cat":[97],"product_tag":[],"class_list":{"0":"post-42126","1":"product","2":"type-product","3":"status-publish","4":"has-post-thumbnail","6":"product_cat-eistee","7":"pa_altersstufe-13-24-months","8":"pa_amazon-bestseller-rang-nr-5730-in-lebensmittel-getraenke-siehe-top-100-in-lebensmittel-getraenke-nr-25-in-eistee","9":"pa_artikelgewicht-8-56-kg","10":"pa_aufbewahrung-nach-oeffnen-aufbrauchen","11":"pa_besonderheit-ohne-gentechnik-ohne-kuenstliche-farben-alkoholfrei","12":"pa_durchschnittliche-kundenbewer-47-von-5-sternen-201-sternebewertungen-47-von-5-sternen","13":"pa_herkunftsland-oesterreich","14":"pa_hersteller-rauch-fruchtsaefte-gmbh-co","15":"pa_im-angebot-von-amazon-de-seit-19-oktober-2020","16":"pa_kontakt-zum-hersteller-langgasse-1-a-6830-rankweil-austria","17":"pa_landeskueche-oesterreich","18":"pa_marke-rauch-eistee","19":"pa_produktabmessungen-35-5-x-14-9-x-24-cm","20":"pa_produktbezeichnung-eistee-zitrone-aus-schwarztee-und-hagebutte","21":"pa_stueckzahl-7920-0-milliliter","22":"pa_ursprungsland-austria","24":"first","25":"instock","26":"shipping-taxable","27":"purchasable","28":"product-type-simple"},"_links":{"self":[{"href":"https:\/\/123-teezeit.de\/index.php?rest_route=\/wp\/v2\/product\/42126","targetHints":{"allow":["GET"]}}],"collection":[{"href":"https:\/\/123-teezeit.de\/index.php?rest_route=\/wp\/v2\/product"}],"about":[{"href":"https:\/\/123-teezeit.de\/index.php?rest_route=\/wp\/v2\/types\/product"}],"replies":[{"embeddable":true,"href":"https:\/\/123-teezeit.de\/index.php?rest_route=%2Fwp%2Fv2%2Fcomments&post=42126"}],"wp:featuredmedia":[{"embeddable":true,"href":"https:\/\/123-teezeit.de\/index.php?rest_route=\/wp\/v2\/media\/42127"}],"wp:attachment":[{"href":"https:\/\/123-teezeit.de\/index.php?rest_route=%2Fwp%2Fv2%2Fmedia&parent=42126"}],"wp:term":[{"taxonomy":"product_brand","embeddable":true,"href":"https:\/\/123-teezeit.de\/index.php?rest_route=%2Fwp%2Fv2%2Fproduct_brand&post=42126"},{"taxonomy":"product_cat","embeddable":true,"href":"https:\/\/123-teezeit.de\/index.php?rest_route=%2Fwp%2Fv2%2Fproduct_cat&post=42126"},{"taxonomy":"product_tag","embeddable":true,"href":"https:\/\/123-teezeit.de\/index.php?rest_route=%2Fwp%2Fv2%2Fproduct_tag&post=42126"}],"curies":[{"name":"wp","href":"https:\/\/api.w.org\/{rel}","templated":true}]}}