{"id":42152,"date":"2022-02-13T05:00:34","date_gmt":"2022-02-13T05:00:34","guid":{"rendered":"https:\/\/123-teezeit.de\/?product=pfanner-eistee-pfirsich-2l"},"modified":"2026-03-29T00:00:53","modified_gmt":"2026-03-29T00:00:53","slug":"pfanner-eistee-pfirsich-2l","status":"publish","type":"product","link":"https:\/\/123-teezeit.de\/?product=pfanner-eistee-pfirsich-2l","title":{"rendered":"Pfanner Eistee Pfirsich \u2013 Direkt aufgebr\u00fchter Schwarztee kombiniert mit Pfirsichsaft (1 x 2 l)"},"content":{"rendered":"<p><a href=\"https:\/\/medicalrealities.com\/\" target=\"_blank\">sydney smith nude<\/a><!-- show up to 2 reviews by default --> <\/p>\n<h3> <span>Produktbeschreibung<\/span> <\/h3>\n<p> <span>Schwarzteegetr\u00e4nk mit Pfirsichgeschmack.<\/span> <\/p>\n<h3> <span>Inhaltsstoffe \/ Zutaten<\/span> <\/h3>\n<p> <span>Aufguss aus schwarzem Tee, Hagebutte und Hibiskusbl\u00fcte (Wasser, schwarzer Tee, Hagebutte, Hibiskusbl\u00fcte), Zucker, Pfirsichsaft (1%) aus Pfirsichsaftkonzentrat, S\u00e4uerungsmittel Citronens\u00e4ure, Aroma. Tee-Extrakt: 0,12%.<\/span> <\/p>\n<div data-a-expander-name=\"toggle_description\" class=\"a-row a-expander-container a-expander-extend-container\">\n<div class=\"a-expander-content a-expander-extend-content\">\n<h3> <span>Gebrauchsanweisung<\/span> <\/h3>\n<p> <span>Die ge\u00f6ffnete Packung im K\u00fchlschrank aufbewahren. Innerhalb von 3 Tagen verzehren.<\/span> <\/p>\n<h3> <span>Warnhinweise<\/span> <\/h3>\n<p> <span>Nicht dem direkten Sonnenlicht aussetzen.<\/span> <\/p>\n<h3> <span>Anschrift Hersteller\/Importeur<\/span> <\/h3>\n<p> <span>A-6923 Lauterach, Austria<\/span> <\/p>\n<\/p><\/div>\n<p> <a data-csa-c-func-deps=\"aui-da-a-expander-toggle\" data-csa-c-type=\"widget\" data-csa-interaction-events=\"click\" role=\"button\" href=\"void(0)\" data-action=\"a-expander-toggle\" class=\"a-expander-header a-declarative a-expander-extend-header\" data-a-expander-toggle=\"{\"><i class=\"a-icon a-icon-extender-expand\"><\/i><span class=\"a-expander-prompt\">Mehr<\/span><\/a> <\/div>\n<p>Direkt aufgebr\u00fcht aus schwarzem Tee<br \/>\nVerfeinert mit fruchtigem Pfirsichsaft<br \/>\nMit Hagebutte und Hibiskusbl\u00fcte<br \/>\nWeniger Fett<br \/>\nVegetarisches Produkt<br \/>\n<div class=\"main-cross-sell\" data-asin=\"B013R540XW\">\n\n\t<div class=\"WooZone-cross-sell-loader\">\n\t\t<div>\n\t\t\t<div id=\"floatingBarsG\">\n\t\t\t\t<div class=\"blockG\" id=\"rotateG_01\"><\/div>\n\t\t\t\t<div class=\"blockG\" id=\"rotateG_02\"><\/div>\n\t\t\t\t<div class=\"blockG\" id=\"rotateG_03\"><\/div>\n\t\t\t\t<div class=\"blockG\" id=\"rotateG_04\"><\/div>\n\t\t\t\t<div class=\"blockG\" id=\"rotateG_05\"><\/div>\n\t\t\t\t<div class=\"blockG\" id=\"rotateG_06\"><\/div>\n\t\t\t\t<div class=\"blockG\" id=\"rotateG_07\"><\/div>\n\t\t\t\t<div class=\"blockG\" id=\"rotateG_08\"><\/div>\n\t\t\t<\/div>\n\t\t\t<div class=\"WooZone-cross-sell-loader-text\"><\/div>\n\t\t<\/div>\n\t<\/div>\n\n\t\t\n<\/div>\n<div style=\"clear:both;\"><\/div><\/p>\n","protected":false},"excerpt":{"rendered":"<p>Direkt aufgebr\u00fcht aus schwarzem Tee<br \/>\nVerfeinert mit fruchtigem Pfirsichsaft<br \/>\nMit Hagebutte und Hibiskusbl\u00fcte<\/p>\n","protected":false},"featured_media":42153,"comment_status":"open","ping_status":"closed","template":"","meta":[],"product_brand":[],"product_cat":[97],"product_tag":[],"class_list":{"0":"post-42152","1":"product","2":"type-product","3":"status-publish","4":"has-post-thumbnail","6":"product_cat-eistee","7":"pa_amazon-bestseller-rang-nr-16083-in-lebensmittel-getraenke-siehe-top-100-in-lebensmittel-getraenke-nr-71-in-eistee","8":"pa_artikelgewicht-2-11-kg","9":"pa_aufbewahrung-nach-dem-oeffnen-gekuehlt-aufbewahren-und-innerhalb-von-3-tagen-aufbrauchen","10":"pa_besonderheit-alkoholfrei-vegan-ohne-konservierungsstoffe","11":"pa_durchschnittliche-kundenbewer-46-von-5-sternen-766-sternebewertungen-46-von-5-sternen","12":"pa_herkunftsland-oesterreich","13":"pa_hersteller-hermann-pfanner-getraenke-gmbh","14":"pa_im-angebot-von-amazon-de-seit-30-september-2015","15":"pa_kontakt-zum-hersteller-a-6923-lauterach-austria","16":"pa_marke-pfanner","17":"pa_netto-volumen-1000-milliliter","18":"pa_produktabmessungen-9-1-x-9-1-x-27-5-cm","19":"pa_produktbezeichnung-schwarzteegetraenk-mit-pfirsichgeschmack-direkt-aufgebrueht-aus-schwarzem-tee-mit-hagebutte-und-hibiskusbluete","20":"pa_stueckzahl-2000-0-milliliter","21":"pa_ursprungsland-oesterreich","22":"pa_zertifizierung-v-label-vegan","24":"first","25":"instock","26":"shipping-taxable","27":"purchasable","28":"product-type-simple"},"_links":{"self":[{"href":"https:\/\/123-teezeit.de\/index.php?rest_route=\/wp\/v2\/product\/42152","targetHints":{"allow":["GET"]}}],"collection":[{"href":"https:\/\/123-teezeit.de\/index.php?rest_route=\/wp\/v2\/product"}],"about":[{"href":"https:\/\/123-teezeit.de\/index.php?rest_route=\/wp\/v2\/types\/product"}],"replies":[{"embeddable":true,"href":"https:\/\/123-teezeit.de\/index.php?rest_route=%2Fwp%2Fv2%2Fcomments&post=42152"}],"wp:featuredmedia":[{"embeddable":true,"href":"https:\/\/123-teezeit.de\/index.php?rest_route=\/wp\/v2\/media\/42153"}],"wp:attachment":[{"href":"https:\/\/123-teezeit.de\/index.php?rest_route=%2Fwp%2Fv2%2Fmedia&parent=42152"}],"wp:term":[{"taxonomy":"product_brand","embeddable":true,"href":"https:\/\/123-teezeit.de\/index.php?rest_route=%2Fwp%2Fv2%2Fproduct_brand&post=42152"},{"taxonomy":"product_cat","embeddable":true,"href":"https:\/\/123-teezeit.de\/index.php?rest_route=%2Fwp%2Fv2%2Fproduct_cat&post=42152"},{"taxonomy":"product_tag","embeddable":true,"href":"https:\/\/123-teezeit.de\/index.php?rest_route=%2Fwp%2Fv2%2Fproduct_tag&post=42152"}],"curies":[{"name":"wp","href":"https:\/\/api.w.org\/{rel}","templated":true}]}}