{"id":42164,"date":"2022-02-13T05:00:45","date_gmt":"2022-02-13T05:00:45","guid":{"rendered":"https:\/\/123-teezeit.de\/?product=rauch-eistee-pfirsich-12er-pack-12-x-1-l"},"modified":"2023-04-10T11:30:23","modified_gmt":"2023-04-10T11:30:23","slug":"rauch-eistee-pfirsich-12er-pack-12-x-1-l","status":"publish","type":"product","link":"https:\/\/123-teezeit.de\/?product=rauch-eistee-pfirsich-12er-pack-12-x-1-l","title":{"rendered":"Rauch EisTee Pfirsich, 12er Pack (12 x 1 l)"},"content":{"rendered":"<p><!-- show up to 2 reviews by default --> <\/p>\n<h3> <span>Produktbeschreibung<\/span> <\/h3>\n<p> <span>Rauch EisTee Pfirsich Elo Rauch EisTee Pfirsich Elo 1.00l Pg Getr\u00e4nke, Kaffee &amp; Tee Softdrink (Getr\u00e4nke, Kaffee &amp; Tee) Rauch Fruchts\u00e4fte GmbH &amp; Co OG Eistee<\/span> <\/p>\n<h3> <span>Inhaltsstoffe \/ Zutaten<\/span> <\/h3>\n<p> <span>Zutaten: Aufguss aus Schwarztee und Hagebutten (Wasser, Schwarztee, Hagebutten), Zucker, Fruchtsaft aus Fruchtsaftkonzentrat (1% Pfirsich, Zitrone), S\u00e4uerungsmittel: Citronens\u00e4ure; Aroma. Tee-Extrakt: mind. 1,5 g\/l.<\/span> <\/p>\n<div data-a-expander-name=\"toggle_description\" class=\"a-row a-expander-container a-expander-extend-container\">\n<div class=\"a-expander-content a-expander-extend-content\">\n<h3> <span>Gebrauchsanweisung<\/span> <\/h3>\n<p> <span>Bitte beachten Sie die Hinweise auf dem Etikett. Produktinhalt zum Verzehr geeignet.<\/span> <\/p>\n<h3> <span>Warnhinweise<\/span> <\/h3>\n<p> <span>Nicht dem direkten Sonnenlicht aussetzen.<\/span> <\/p>\n<h3> <span>Anschrift Hersteller\/Importeur<\/span> <\/h3>\n<p> <span>Langgasse 1, A-6830 Rankweil, Austria<\/span> <\/p>\n<\/p><\/div>\n<p> <a data-csa-c-func-deps=\"aui-da-a-expander-toggle\" data-csa-c-type=\"widget\" data-csa-interaction-events=\"click\" role=\"button\" href=\"void(0)\" data-action=\"a-expander-toggle\" class=\"a-expander-header a-declarative a-expander-extend-header\" data-a-expander-toggle=\"{\"><i class=\"a-icon a-icon-extender-expand\"><\/i><span class=\"a-expander-prompt\">Mehr<\/span><\/a> <\/div>\n<p>Rauch EisTee Pfirsich Elo<br \/>\nRauch EisTee Pfirsich Elo<br \/>\n1.00l Pg<br \/>\n<div class=\"main-cross-sell\" data-asin=\"B01LXGBW0D\">\n\n\t<div class=\"WooZone-cross-sell-loader\">\n\t\t<div>\n\t\t\t<div id=\"floatingBarsG\">\n\t\t\t\t<div class=\"blockG\" id=\"rotateG_01\"><\/div>\n\t\t\t\t<div class=\"blockG\" id=\"rotateG_02\"><\/div>\n\t\t\t\t<div class=\"blockG\" id=\"rotateG_03\"><\/div>\n\t\t\t\t<div class=\"blockG\" id=\"rotateG_04\"><\/div>\n\t\t\t\t<div class=\"blockG\" id=\"rotateG_05\"><\/div>\n\t\t\t\t<div class=\"blockG\" id=\"rotateG_06\"><\/div>\n\t\t\t\t<div class=\"blockG\" id=\"rotateG_07\"><\/div>\n\t\t\t\t<div class=\"blockG\" id=\"rotateG_08\"><\/div>\n\t\t\t<\/div>\n\t\t\t<div class=\"WooZone-cross-sell-loader-text\"><\/div>\n\t\t<\/div>\n\t<\/div>\n\n\t\t\n<\/div>\n<div style=\"clear:both;\"><\/div><\/p>\n","protected":false},"excerpt":{"rendered":"<p>Rauch EisTee Pfirsich Elo<br \/>\nRauch EisTee Pfirsich Elo<br \/>\n1.00l Pg<\/p>\n","protected":false},"featured_media":42165,"comment_status":"open","ping_status":"closed","template":"","meta":[],"product_brand":[],"product_cat":[97],"product_tag":[],"class_list":{"0":"post-42164","1":"product","2":"type-product","3":"status-publish","4":"has-post-thumbnail","6":"product_cat-eistee","7":"pa_amazon-bestseller-rang-nr-6869-in-lebensmittel-getraenke-siehe-top-100-in-lebensmittel-getraenke-nr-30-in-eistee","8":"pa_artikelgewicht-1-18-kg","9":"pa_aufbewahrung-geoeffnet-gekuehlt-3-tage-haltbar","10":"pa_durchschnittliche-kundenbewer-44-von-5-sternen-37-sternebewertungen-44-von-5-sternen","11":"pa_herkunftsland-oesterreich","12":"pa_hersteller-rauch-fruchtsaefte-gmbh-co-og","13":"pa_im-angebot-von-amazon-de-seit-12-februar-2017","14":"pa_kontakt-zum-hersteller-langgasse-1-a-6830-rankweil-austria","15":"pa_marke-rauch-eistee","16":"pa_netto-volumen-12000-milliliter","17":"pa_produktbezeichnung-eistee-pfirsich-aus-schwarztee-und-hagebutte","18":"pa_stueckzahl-12000-0-milliliter","19":"pa_ursprungsland-austria","20":"pa_verpackungsabmessungen-31-6-x-31-1-x-26-8-cm-1-18-kilogramm","22":"first","23":"instock","24":"shipping-taxable","25":"purchasable","26":"product-type-simple"},"_links":{"self":[{"href":"https:\/\/123-teezeit.de\/index.php?rest_route=\/wp\/v2\/product\/42164","targetHints":{"allow":["GET"]}}],"collection":[{"href":"https:\/\/123-teezeit.de\/index.php?rest_route=\/wp\/v2\/product"}],"about":[{"href":"https:\/\/123-teezeit.de\/index.php?rest_route=\/wp\/v2\/types\/product"}],"replies":[{"embeddable":true,"href":"https:\/\/123-teezeit.de\/index.php?rest_route=%2Fwp%2Fv2%2Fcomments&post=42164"}],"wp:featuredmedia":[{"embeddable":true,"href":"https:\/\/123-teezeit.de\/index.php?rest_route=\/wp\/v2\/media\/42165"}],"wp:attachment":[{"href":"https:\/\/123-teezeit.de\/index.php?rest_route=%2Fwp%2Fv2%2Fmedia&parent=42164"}],"wp:term":[{"taxonomy":"product_brand","embeddable":true,"href":"https:\/\/123-teezeit.de\/index.php?rest_route=%2Fwp%2Fv2%2Fproduct_brand&post=42164"},{"taxonomy":"product_cat","embeddable":true,"href":"https:\/\/123-teezeit.de\/index.php?rest_route=%2Fwp%2Fv2%2Fproduct_cat&post=42164"},{"taxonomy":"product_tag","embeddable":true,"href":"https:\/\/123-teezeit.de\/index.php?rest_route=%2Fwp%2Fv2%2Fproduct_tag&post=42164"}],"curies":[{"name":"wp","href":"https:\/\/api.w.org\/{rel}","templated":true}]}}