{"id":42173,"date":"2022-02-13T05:00:52","date_gmt":"2022-02-13T05:00:52","guid":{"rendered":"https:\/\/123-teezeit.de\/?product=pfanner-eistee-mango-maracuja-6-x-2-l-packung"},"modified":"2023-04-10T11:30:23","modified_gmt":"2023-04-10T11:30:23","slug":"pfanner-eistee-mango-maracuja-6-x-2-l-packung","status":"publish","type":"product","link":"https:\/\/123-teezeit.de\/?product=pfanner-eistee-mango-maracuja-6-x-2-l-packung","title":{"rendered":"Pfanner Eistee Mango-Maracuja im Vorratspack \u2013 Direkt aufgebr\u00fchter Schwarztee mit Mangosaft und Maracujasaft verfeinert\u2026"},"content":{"rendered":"<p><!-- show up to 2 reviews by default --> <\/p>\n<h3> <span>Produktbeschreibungen<\/span> <\/h3>\n<p> <span>Schwarzteegetr\u00e4nk mit Mango-Maracujage- schmack, direkt aufgebr\u00fcht aus schwarzem Tee mit Hagebutte und Hibiskusbl\u00fcte.<\/span> <\/p>\n<h3> <span>Inhaltsstoffe \/ Zutaten<\/span> <\/h3>\n<p> <span>Zutaten: Aufguss aus schwarzem Tee, Hagebutte und Hibiskusbl\u00fcte (Wasser, schwarzer Tee, Hagebutte, Hibiskusbl\u00fcte), Zucker, Fruchtsaft aus Fruchtsaftkonzentrat (1% Mango, 0,1% Maracuja), S\u00e4uerungsmittel Citronens\u00e4ure, Aroma. Tee-Extrakt: 0,12%.<\/span> <\/p>\n<div data-a-expander-name=\"toggle_description\" class=\"a-row a-expander-container a-expander-extend-container\">\n<div class=\"a-expander-content a-expander-extend-content\">\n<h3> <span>Gebrauchsanweisung<\/span> <\/h3>\n<p> <span>Vor dem \u00d6ffnen gut sch\u00fctteln. Nach dem \u00d6ffnen gek\u00fchlt aufbewahren und innerhalb von 3 Tagen aufbrauchen. Trocken und vor W\u00e4rme gesch\u00fctzt lagern<\/span> <\/p>\n<h3> <span>Anschrift Hersteller\/Importeur<\/span> <\/h3>\n<p> <span>A-6923 Lauterach, Austria<\/span> <\/p>\n<\/p><\/div>\n<p> <a data-csa-c-func-deps=\"aui-da-a-expander-toggle\" data-csa-c-type=\"widget\" data-csa-interaction-events=\"click\" role=\"button\" href=\"void(0)\" data-action=\"a-expander-toggle\" class=\"a-expander-header a-declarative a-expander-extend-header\" data-a-expander-toggle=\"{\"><i class=\"a-icon a-icon-extender-expand\"><\/i><span class=\"a-expander-prompt\">Mehr<\/span><\/a> <\/div>\n<p>Schwarzteegetr\u00e4nk mit Mango-Maracujageschmack.<br \/>\nDirekt aufgebr\u00fcht aus schwarzem Tee mit Hagebutte und Hibiskusbl\u00fcte.<br \/>\nVerfeinert mit fruchtig-exotischem Mango- und Maracujasaft.<br \/>\n<div class=\"main-cross-sell\" data-asin=\"B014UVNMSG\">\n\n\t<div class=\"WooZone-cross-sell-loader\">\n\t\t<div>\n\t\t\t<div id=\"floatingBarsG\">\n\t\t\t\t<div class=\"blockG\" id=\"rotateG_01\"><\/div>\n\t\t\t\t<div class=\"blockG\" id=\"rotateG_02\"><\/div>\n\t\t\t\t<div class=\"blockG\" id=\"rotateG_03\"><\/div>\n\t\t\t\t<div class=\"blockG\" id=\"rotateG_04\"><\/div>\n\t\t\t\t<div class=\"blockG\" id=\"rotateG_05\"><\/div>\n\t\t\t\t<div class=\"blockG\" id=\"rotateG_06\"><\/div>\n\t\t\t\t<div class=\"blockG\" id=\"rotateG_07\"><\/div>\n\t\t\t\t<div class=\"blockG\" id=\"rotateG_08\"><\/div>\n\t\t\t<\/div>\n\t\t\t<div class=\"WooZone-cross-sell-loader-text\"><\/div>\n\t\t<\/div>\n\t<\/div>\n\n\t\t\n<\/div>\n<div style=\"clear:both;\"><\/div><\/p>\n","protected":false},"excerpt":{"rendered":"<p>Schwarzteegetr\u00e4nk mit Mango-Maracujageschmack.<br \/>\nDirekt aufgebr\u00fcht aus schwarzem Tee mit Hagebutte und Hibiskusbl\u00fcte.<br \/>\nVerfeinert mit fruchtig-exotischem Mango- und Maracujasaft.<\/p>\n","protected":false},"featured_media":42174,"comment_status":"open","ping_status":"closed","template":"","meta":[],"product_brand":[],"product_cat":[97],"product_tag":[],"class_list":{"0":"post-42173","1":"product","2":"type-product","3":"status-publish","4":"has-post-thumbnail","6":"product_cat-eistee","7":"pa_amazon-bestseller-rang-nr-6244-in-lebensmittel-getraenke-siehe-top-100-in-lebensmittel-getraenke-nr-28-in-eistee","8":"pa_artikelgewicht-2-kg","9":"pa_aufbewahrung-nach-dem-oeffnen-gekuehlt-aufbewahren-und-innerhalb-von-3-tagen-aufbrauchen","10":"pa_auslaufartikel-produktion-dur-nein","11":"pa_besonderheit-alkoholfrei-vegan-ohne-konservierungsstoffe","12":"pa_durchschnittliche-kundenbewer-46-von-5-sternen-219-sternebewertungen-46-von-5-sternen","13":"pa_format-schwarzteegetraenk-mit-mango-maracujageschmack-direkt-aufgebrueht-aus-schwarzem-tee-mit-hagebutte-und-hibiskusbluete","14":"pa_herkunftsland-oesterreich","15":"pa_hersteller-hermann-pfanner-getraenke-gmbh","16":"pa_im-angebot-von-amazon-de-seit-2-september-2015","17":"pa_koffeingehalt-vegan","18":"pa_kontakt-zum-hersteller-a-6923-lauterach-austria","19":"pa_marke-pfanner","20":"pa_netto-volumen-12000-milliliter","21":"pa_produktbezeichnung-schwarzteegetraenk-mit-mango-maracujageschmack-direkt-aufgebrueht-aus-schwarzem-tee-mit-hagebutte-und-hibiskusbluete","22":"pa_stueckzahl-12000-0-milliliter","23":"pa_ursprungsland-oesterreich","24":"pa_verpackungsabmessungen-37-x-29-6-x-22-7-cm-2-kilogramm","25":"pa_verwendungsbedingungen-3-tage","26":"pa_zertifizierung-v-label-vegan","27":"pa_zusatzstoffe-nicht-zutreffend","29":"first","30":"instock","31":"shipping-taxable","32":"purchasable","33":"product-type-simple"},"_links":{"self":[{"href":"https:\/\/123-teezeit.de\/index.php?rest_route=\/wp\/v2\/product\/42173","targetHints":{"allow":["GET"]}}],"collection":[{"href":"https:\/\/123-teezeit.de\/index.php?rest_route=\/wp\/v2\/product"}],"about":[{"href":"https:\/\/123-teezeit.de\/index.php?rest_route=\/wp\/v2\/types\/product"}],"replies":[{"embeddable":true,"href":"https:\/\/123-teezeit.de\/index.php?rest_route=%2Fwp%2Fv2%2Fcomments&post=42173"}],"wp:featuredmedia":[{"embeddable":true,"href":"https:\/\/123-teezeit.de\/index.php?rest_route=\/wp\/v2\/media\/42174"}],"wp:attachment":[{"href":"https:\/\/123-teezeit.de\/index.php?rest_route=%2Fwp%2Fv2%2Fmedia&parent=42173"}],"wp:term":[{"taxonomy":"product_brand","embeddable":true,"href":"https:\/\/123-teezeit.de\/index.php?rest_route=%2Fwp%2Fv2%2Fproduct_brand&post=42173"},{"taxonomy":"product_cat","embeddable":true,"href":"https:\/\/123-teezeit.de\/index.php?rest_route=%2Fwp%2Fv2%2Fproduct_cat&post=42173"},{"taxonomy":"product_tag","embeddable":true,"href":"https:\/\/123-teezeit.de\/index.php?rest_route=%2Fwp%2Fv2%2Fproduct_tag&post=42173"}],"curies":[{"name":"wp","href":"https:\/\/api.w.org\/{rel}","templated":true}]}}