{"id":42185,"date":"2022-02-13T05:01:01","date_gmt":"2022-02-13T05:01:01","guid":{"rendered":"https:\/\/123-teezeit.de\/?product=pfanner-eistee-pfirsich-einweg-pet-6-x-1-5-l"},"modified":"2023-04-10T11:30:23","modified_gmt":"2023-04-10T11:30:23","slug":"pfanner-eistee-pfirsich-einweg-pet-6-x-1-5-l","status":"publish","type":"product","link":"https:\/\/123-teezeit.de\/?product=pfanner-eistee-pfirsich-einweg-pet-6-x-1-5-l","title":{"rendered":"Pfanner Eistee Pfirsich im Vorratspack \u2013 Direkt aufgebr\u00fchter Schwarztee kombiniert mit Pfirsichsaft (6 x 1,5 l)"},"content":{"rendered":"<p><!-- show up to 2 reviews by default --> <\/p>\n<h3> <span>Inhaltsstoffe \/ Zutaten<\/span> <\/h3>\n<p> <span>Zutaten: Aufguss aus schwarzem Tee (Wasser, schwarzer Tee), Zucker, 1% Pfirsichsaft aus Pfirsichsaftkonzentrat, S\u00e4uerungsmittel Citronens\u00e4ure, S\u00e4ureregulator Natriumcitrat, Aroma. Tee-Extrakt: 0,12%.<\/span> <\/p>\n<h3> <span>Anschrift Hersteller\/Importeur<\/span> <\/h3>\n<p> <span>A-6923 Lauterach, Austria<\/span> <\/p>\n<p>Schwarzteegetr\u00e4nk mit Pfirsichgeschmack.<br \/>\nDirekt aufgebr\u00fcht aus schwarzem Tee, Hagebutte und Hibiskusbl\u00fcte.<br \/>\nVerfeinert mit fruchtigem Pfirsichsaft.<br \/>\n<div class=\"main-cross-sell\" data-asin=\"B014UVQDA0\">\n\n\t<div class=\"WooZone-cross-sell-loader\">\n\t\t<div>\n\t\t\t<div id=\"floatingBarsG\">\n\t\t\t\t<div class=\"blockG\" id=\"rotateG_01\"><\/div>\n\t\t\t\t<div class=\"blockG\" id=\"rotateG_02\"><\/div>\n\t\t\t\t<div class=\"blockG\" id=\"rotateG_03\"><\/div>\n\t\t\t\t<div class=\"blockG\" id=\"rotateG_04\"><\/div>\n\t\t\t\t<div class=\"blockG\" id=\"rotateG_05\"><\/div>\n\t\t\t\t<div class=\"blockG\" id=\"rotateG_06\"><\/div>\n\t\t\t\t<div class=\"blockG\" id=\"rotateG_07\"><\/div>\n\t\t\t\t<div class=\"blockG\" id=\"rotateG_08\"><\/div>\n\t\t\t<\/div>\n\t\t\t<div class=\"WooZone-cross-sell-loader-text\"><\/div>\n\t\t<\/div>\n\t<\/div>\n\n\t\t\n<\/div>\n<div style=\"clear:both;\"><\/div><\/p>\n","protected":false},"excerpt":{"rendered":"<p>Schwarzteegetr\u00e4nk mit Pfirsichgeschmack.<br \/>\nDirekt aufgebr\u00fcht aus schwarzem Tee, Hagebutte und Hibiskusbl\u00fcte.<br \/>\nVerfeinert mit fruchtigem Pfirsichsaft.<\/p>\n","protected":false},"featured_media":42186,"comment_status":"open","ping_status":"closed","template":"","meta":[],"product_brand":[],"product_cat":[97],"product_tag":[],"class_list":{"0":"post-42185","1":"product","2":"type-product","3":"status-publish","4":"has-post-thumbnail","6":"product_cat-eistee","7":"pa_amazon-bestseller-rang-nr-3099-in-lebensmittel-getraenke-siehe-top-100-in-lebensmittel-getraenke-nr-17-in-eistee","8":"pa_artikelgewicht-9-39-kg","9":"pa_aufbewahrung-nach-dem-oeffnen-gekuehlt-aufbewahren-und-innerhalb-von-3-tagen-aufbrauchen","10":"pa_besonderheit-alkoholfrei-vegan-ohne-konservierungsstoffe","11":"pa_durchschnittliche-kundenbewer-46-von-5-sternen-224-sternebewertungen-46-von-5-sternen","12":"pa_herkunftsland-oesterreich","13":"pa_hersteller-hermann-pfanner-getraenke-gmbh","14":"pa_im-angebot-von-amazon-de-seit-2-september-2015","15":"pa_kontakt-zum-hersteller-a-6923-lauterach-austria","16":"pa_marke-pfanner","17":"pa_netto-volumen-9000-milliliter","18":"pa_produktbezeichnung-schwarzteegetraenk-mit-pfirsichgeschmack-direkt-aufgebrueht-aus-schwarzem-tee","19":"pa_stueckzahl-9000-0-milliliter","20":"pa_ursprungsland-oesterreich","21":"pa_verpackungsabmessungen-35-2-x-26-7-x-17-3-cm","22":"pa_verwendungsbedingungen-3-tage","23":"pa_zusatzstoffe-nicht-zutreffend","25":"first","26":"instock","27":"shipping-taxable","28":"purchasable","29":"product-type-simple"},"_links":{"self":[{"href":"https:\/\/123-teezeit.de\/index.php?rest_route=\/wp\/v2\/product\/42185","targetHints":{"allow":["GET"]}}],"collection":[{"href":"https:\/\/123-teezeit.de\/index.php?rest_route=\/wp\/v2\/product"}],"about":[{"href":"https:\/\/123-teezeit.de\/index.php?rest_route=\/wp\/v2\/types\/product"}],"replies":[{"embeddable":true,"href":"https:\/\/123-teezeit.de\/index.php?rest_route=%2Fwp%2Fv2%2Fcomments&post=42185"}],"wp:featuredmedia":[{"embeddable":true,"href":"https:\/\/123-teezeit.de\/index.php?rest_route=\/wp\/v2\/media\/42186"}],"wp:attachment":[{"href":"https:\/\/123-teezeit.de\/index.php?rest_route=%2Fwp%2Fv2%2Fmedia&parent=42185"}],"wp:term":[{"taxonomy":"product_brand","embeddable":true,"href":"https:\/\/123-teezeit.de\/index.php?rest_route=%2Fwp%2Fv2%2Fproduct_brand&post=42185"},{"taxonomy":"product_cat","embeddable":true,"href":"https:\/\/123-teezeit.de\/index.php?rest_route=%2Fwp%2Fv2%2Fproduct_cat&post=42185"},{"taxonomy":"product_tag","embeddable":true,"href":"https:\/\/123-teezeit.de\/index.php?rest_route=%2Fwp%2Fv2%2Fproduct_tag&post=42185"}],"curies":[{"name":"wp","href":"https:\/\/api.w.org\/{rel}","templated":true}]}}