{"id":42230,"date":"2022-02-13T05:10:21","date_gmt":"2022-02-13T05:10:21","guid":{"rendered":"https:\/\/123-teezeit.de\/?product=nestea-waldfrucht-einweg-12-x-500-ml"},"modified":"2026-01-08T00:04:47","modified_gmt":"2026-01-08T00:04:47","slug":"nestea-waldfrucht-einweg-12-x-500-ml","status":"publish","type":"product","link":"https:\/\/123-teezeit.de\/?product=nestea-waldfrucht-einweg-12-x-500-ml","title":{"rendered":"Nestea Waldfrucht EINWEG, 12 x 500 ml"},"content":{"rendered":"<p><a href=\"https:\/\/sydneysweeneyonlyfans.blog\/\" target=\"_blank\">sydney sweeney no makeup<\/a><!-- show up to 2 reviews by default --> <\/p>\n<h3> <span>Produktbeschreibung<\/span> <\/h3>\n<p> <span>Nestea Waldfrucht EINWEG, 12 x 500 ml<\/span> <\/p>\n<h3> <span>Inhaltsstoffe \/ Zutaten<\/span> <\/h3>\n<p> <span>Zutaten: Wasser, Zucker, S\u00e4uerungsmittel Citronens\u00e4ure und \u00c4pfels\u00e4ure, Aroma, Heidelbeersaft (0,1%)*, Erdbeersaft (0,1%)*, Himbeersaft (0,1%)*, l\u00f6slicher Tee-Extrakt (0,09%), S\u00e4ureregulator Natriumcitrate.<\/span> <\/p>\n<div data-a-expander-name=\"toggle_description\" class=\"a-row a-expander-container a-expander-extend-container\">\n<div class=\"a-expander-content a-expander-extend-content\">\n<h3> <span>Anschrift Hersteller\/Importeur<\/span> <\/h3>\n<p> <span>Postfach 67 01 56, 10207 Berlin<\/span> <\/p>\n<\/p><\/div>\n<p> <a data-csa-c-func-deps=\"aui-da-a-expander-toggle\" data-csa-c-type=\"widget\" data-csa-interaction-events=\"click\" role=\"button\" href=\"void(0)\" data-action=\"a-expander-toggle\" class=\"a-expander-header a-declarative a-expander-extend-header\" data-a-expander-toggle=\"{\"><i class=\"a-icon a-icon-extender-expand\"><\/i><span class=\"a-expander-prompt\">Mehr<\/span><\/a> <\/div>\n<p>Leckerer Eistee<br \/>\nOhne Kohlens\u00e4ure<br \/>\nMit verschiedenen Beeren<br \/>\n<div class=\"main-cross-sell\" data-asin=\"B075DRRFDG\">\n\n\t<div class=\"WooZone-cross-sell-loader\">\n\t\t<div>\n\t\t\t<div id=\"floatingBarsG\">\n\t\t\t\t<div class=\"blockG\" id=\"rotateG_01\"><\/div>\n\t\t\t\t<div class=\"blockG\" id=\"rotateG_02\"><\/div>\n\t\t\t\t<div class=\"blockG\" id=\"rotateG_03\"><\/div>\n\t\t\t\t<div class=\"blockG\" id=\"rotateG_04\"><\/div>\n\t\t\t\t<div class=\"blockG\" id=\"rotateG_05\"><\/div>\n\t\t\t\t<div class=\"blockG\" id=\"rotateG_06\"><\/div>\n\t\t\t\t<div class=\"blockG\" id=\"rotateG_07\"><\/div>\n\t\t\t\t<div class=\"blockG\" id=\"rotateG_08\"><\/div>\n\t\t\t<\/div>\n\t\t\t<div class=\"WooZone-cross-sell-loader-text\"><\/div>\n\t\t<\/div>\n\t<\/div>\n\n\t\t\n<\/div>\n<div style=\"clear:both;\"><\/div><\/p>\n","protected":false},"excerpt":{"rendered":"<p>Leckerer Eistee<br \/>\nOhne Kohlens\u00e4ure<br \/>\nMit verschiedenen Beeren<\/p>\n","protected":false},"featured_media":42231,"comment_status":"open","ping_status":"closed","template":"","meta":[],"product_brand":[],"product_cat":[97],"product_tag":[],"class_list":{"0":"post-42230","1":"product","2":"type-product","3":"status-publish","4":"has-post-thumbnail","6":"product_cat-eistee","7":"pa_amazon-bestseller-rang-nr-96490-in-lebensmittel-getraenke-siehe-top-100-in-lebensmittel-getraenke-nr-332-in-eistee","8":"pa_artikelgewicht-6-49-kg","9":"pa_durchschnittliche-kundenbewer-50-von-5-sternen-6-sternebewertungen-50-von-5-sternen","10":"pa_hersteller-nestea","11":"pa_im-angebot-von-amazon-de-seit-5-september-2017","12":"pa_kontakt-zum-hersteller-postfach-67-01-56-10207-berlin","13":"pa_marke-nestea","14":"pa_netto-volumen-6000-milliliter","15":"pa_produktbezeichnung-erfrischungsgetraenk-mit-tee-extrakt-und-waldbeerengeschmack","16":"pa_stueckzahl-6000-00-milliliter","17":"pa_ursprungsland-germany","18":"pa_verpackungsabmessungen-27-x-20-5-x-19-2-cm","20":"first","21":"instock","22":"shipping-taxable","23":"purchasable","24":"product-type-simple"},"_links":{"self":[{"href":"https:\/\/123-teezeit.de\/index.php?rest_route=\/wp\/v2\/product\/42230","targetHints":{"allow":["GET"]}}],"collection":[{"href":"https:\/\/123-teezeit.de\/index.php?rest_route=\/wp\/v2\/product"}],"about":[{"href":"https:\/\/123-teezeit.de\/index.php?rest_route=\/wp\/v2\/types\/product"}],"replies":[{"embeddable":true,"href":"https:\/\/123-teezeit.de\/index.php?rest_route=%2Fwp%2Fv2%2Fcomments&post=42230"}],"wp:featuredmedia":[{"embeddable":true,"href":"https:\/\/123-teezeit.de\/index.php?rest_route=\/wp\/v2\/media\/42231"}],"wp:attachment":[{"href":"https:\/\/123-teezeit.de\/index.php?rest_route=%2Fwp%2Fv2%2Fmedia&parent=42230"}],"wp:term":[{"taxonomy":"product_brand","embeddable":true,"href":"https:\/\/123-teezeit.de\/index.php?rest_route=%2Fwp%2Fv2%2Fproduct_brand&post=42230"},{"taxonomy":"product_cat","embeddable":true,"href":"https:\/\/123-teezeit.de\/index.php?rest_route=%2Fwp%2Fv2%2Fproduct_cat&post=42230"},{"taxonomy":"product_tag","embeddable":true,"href":"https:\/\/123-teezeit.de\/index.php?rest_route=%2Fwp%2Fv2%2Fproduct_tag&post=42230"}],"curies":[{"name":"wp","href":"https:\/\/api.w.org\/{rel}","templated":true}]}}