{"id":42248,"date":"2022-02-13T05:10:39","date_gmt":"2022-02-13T05:10:39","guid":{"rendered":"https:\/\/123-teezeit.de\/?product=wesergold-durstloescher-eistee-pfirsich-2x12x05l"},"modified":"2023-04-10T11:30:24","modified_gmt":"2023-04-10T11:30:24","slug":"wesergold-durstloescher-eistee-pfirsich-2x12x05l","status":"publish","type":"product","link":"https:\/\/123-teezeit.de\/?product=wesergold-durstloescher-eistee-pfirsich-2x12x05l","title":{"rendered":"WeserGold &#8211; Durstl\u00f6scher Eistee Pfirsich 2x12x0,5L"},"content":{"rendered":"<p><!-- show up to 2 reviews by default --> <\/p>\n<h3> <span>Inhaltsstoffe \/ Zutaten<\/span> <\/h3>\n<p> <span>Zutaten: Wasser, Zucker, Glukose-Fructose-Sirup, Pfirsichsaft (1%), aus Pfirsichsaftkonzentrat, Schwarztee-Extrakt (0,12%), S\u00e4uerungsmittel: Citronens\u00e4ure, S\u00e4ureregulator: E331, Aroma, Antioxidationsmittel: Ascorbins\u00e4ure<\/span> <\/p>\n<h3> <span>Anschrift Hersteller\/Importeur<\/span> <\/h3>\n<p> <span>riha WeserGold Getr\u00e4nkegruppe, Behrenstra\u00dfe 44-64, 31737 Rinteln<\/span> <\/p>\n<div class=\"main-cross-sell\" data-asin=\"B07HJ2YS6S\">\n\n\t<div class=\"WooZone-cross-sell-loader\">\n\t\t<div>\n\t\t\t<div id=\"floatingBarsG\">\n\t\t\t\t<div class=\"blockG\" id=\"rotateG_01\"><\/div>\n\t\t\t\t<div class=\"blockG\" id=\"rotateG_02\"><\/div>\n\t\t\t\t<div class=\"blockG\" id=\"rotateG_03\"><\/div>\n\t\t\t\t<div class=\"blockG\" id=\"rotateG_04\"><\/div>\n\t\t\t\t<div class=\"blockG\" id=\"rotateG_05\"><\/div>\n\t\t\t\t<div class=\"blockG\" id=\"rotateG_06\"><\/div>\n\t\t\t\t<div class=\"blockG\" id=\"rotateG_07\"><\/div>\n\t\t\t\t<div class=\"blockG\" id=\"rotateG_08\"><\/div>\n\t\t\t<\/div>\n\t\t\t<div class=\"WooZone-cross-sell-loader-text\"><\/div>\n\t\t<\/div>\n\t<\/div>\n\n\t\t\n<\/div>\n<div style=\"clear:both;\"><\/div>\n","protected":false},"excerpt":{"rendered":"<p>Inhaltsstoffe \/ Zutaten Zutaten: Wasser, Zucker, Glukose-Fructose-Sirup, Pfirsichsaft (1%), aus Pfirsichsaftkonzentrat, Schwarztee-Extrakt (0,12%), S\u00e4uerungsmittel: Citronens\u00e4ure, S\u00e4ureregulator: E331, Aroma, Antioxidationsmittel: Ascorbins\u00e4ure Anschrift Hersteller\/Importeur riha WeserGold Getr\u00e4nkegruppe, Behrenstra\u00dfe 44-64, 31737 Rinteln<\/p>\n","protected":false},"featured_media":42249,"comment_status":"open","ping_status":"closed","template":"","meta":[],"product_brand":[],"product_cat":[97],"product_tag":[],"class_list":{"0":"post-42248","1":"product","2":"type-product","3":"status-publish","4":"has-post-thumbnail","6":"product_cat-eistee","7":"pa_allergie-informationen-enthaelt-sulphite","8":"pa_amazon-bestseller-rang-nr-6272-in-lebensmittel-getraenke-siehe-top-100-in-lebensmittel-getraenke-nr-29-in-eistee","9":"pa_besonderheit-vegetarisch","10":"pa_durchschnittliche-kundenbewer-46-von-5-sternen-192-sternebewertungen-46-von-5-sternen","11":"pa_im-angebot-von-amazon-de-seit-5-juni-2019","12":"pa_kontakt-zum-hersteller-riha-wesergold-getraenkegruppe-behrenstrasse-44-64-31737-rinteln","13":"pa_marke-durstloescher","14":"pa_stueckzahl-12000-milliliter","15":"pa_ursprungsland-deutschland","16":"pa_ursprungsland-der-primaeren-z-deutschland","17":"pa_zusatzstoffe-wasser-zucker-glukose-fruktose-sirup-pfirsichsaft-aus-pfirsichsaftkonzentrat-1-tee-extrakt-012-saeuerungsmittel-citronensaeure-saeureregulator-e331-aroma-antioxidationsmittel-a","19":"first","20":"instock","21":"shipping-taxable","22":"purchasable","23":"product-type-simple"},"_links":{"self":[{"href":"https:\/\/123-teezeit.de\/index.php?rest_route=\/wp\/v2\/product\/42248","targetHints":{"allow":["GET"]}}],"collection":[{"href":"https:\/\/123-teezeit.de\/index.php?rest_route=\/wp\/v2\/product"}],"about":[{"href":"https:\/\/123-teezeit.de\/index.php?rest_route=\/wp\/v2\/types\/product"}],"replies":[{"embeddable":true,"href":"https:\/\/123-teezeit.de\/index.php?rest_route=%2Fwp%2Fv2%2Fcomments&post=42248"}],"wp:featuredmedia":[{"embeddable":true,"href":"https:\/\/123-teezeit.de\/index.php?rest_route=\/wp\/v2\/media\/42249"}],"wp:attachment":[{"href":"https:\/\/123-teezeit.de\/index.php?rest_route=%2Fwp%2Fv2%2Fmedia&parent=42248"}],"wp:term":[{"taxonomy":"product_brand","embeddable":true,"href":"https:\/\/123-teezeit.de\/index.php?rest_route=%2Fwp%2Fv2%2Fproduct_brand&post=42248"},{"taxonomy":"product_cat","embeddable":true,"href":"https:\/\/123-teezeit.de\/index.php?rest_route=%2Fwp%2Fv2%2Fproduct_cat&post=42248"},{"taxonomy":"product_tag","embeddable":true,"href":"https:\/\/123-teezeit.de\/index.php?rest_route=%2Fwp%2Fv2%2Fproduct_tag&post=42248"}],"curies":[{"name":"wp","href":"https:\/\/api.w.org\/{rel}","templated":true}]}}