{"id":42251,"date":"2022-02-13T05:10:43","date_gmt":"2022-02-13T05:10:43","guid":{"rendered":"https:\/\/123-teezeit.de\/?product=sodastream-spezialitaeten-6x-ice-tea-pfirsich-geschmack-375ml"},"modified":"2023-04-10T11:30:24","modified_gmt":"2023-04-10T11:30:24","slug":"sodastream-spezialitaeten-6x-ice-tea-pfirsich-geschmack-375ml","status":"publish","type":"product","link":"https:\/\/123-teezeit.de\/?product=sodastream-spezialitaeten-6x-ice-tea-pfirsich-geschmack-375ml","title":{"rendered":"SODASTREAM SPEZIALIT\u00c4TEN 6x Ice Tea Pfirsich Geschmack, 375ml"},"content":{"rendered":"<p><!-- show up to 2 reviews by default --> <\/p>\n<h3> <span>Inhaltsstoffe \/ Zutaten<\/span> <\/h3>\n<p> <span>Zucker, Wasser, Fruktose, Traubenzucker, S\u00e4uerungsmittel (Citronens\u00e4ure), Aroma, S\u00e4ureregulator (Natriumcitrat), S\u00fc\u00dfstoffe (Acesulfam K, Natriumcyclamat), Koffein, Vitamine (Ascorbins\u00e4ure(C), Niacin (B3), Pyridoxin (B6), Riboflavin (B2), Fols\u00e4ure (B9), Biotin (B8), Cyanocobalamin (B12)), Farbstoff (Ammoniumsulfit-Zuckerkul\u00f6r), Konservierungsstoff (Kaliumsorbat), Guaranaextrakt (0,01%).<\/span> <\/p>\n<h3> <span>Gebrauchsanweisung<\/span> <\/h3>\n<p> <span>K\u00fchl und trocken lagern. Vor Gebrauch sch\u00fctteln. Nach dem \u00d6ffnen am besten im K\u00fchlschrank aufbewahren.<\/span> <\/p>\n<div data-a-expander-name=\"toggle_description\" class=\"a-row a-expander-container a-expander-extend-container\">\n<div class=\"a-expander-content a-expander-extend-content\">\n<h3> <span>Anschrift Hersteller\/Importeur<\/span> <\/h3>\n<p> <span>SodaStream GmbH, Auf der Krautweide 24, D-65812 Bad Soden<\/span> <\/p>\n<\/p><\/div>\n<p> <a data-csa-c-func-deps=\"aui-da-a-expander-toggle\" data-csa-c-type=\"widget\" data-csa-interaction-events=\"click\" role=\"button\" href=\"void(0)\" data-action=\"a-expander-toggle\" class=\"a-expander-header a-declarative a-expander-extend-header\" data-a-expander-toggle=\"{\"><i class=\"a-icon a-icon-extender-expand\"><\/i><span class=\"a-expander-prompt\">Mehr<\/span><\/a> <\/div>\n<div class=\"main-cross-sell\" data-asin=\"B00Z9AB0H8\">\n\n\t<div class=\"WooZone-cross-sell-loader\">\n\t\t<div>\n\t\t\t<div id=\"floatingBarsG\">\n\t\t\t\t<div class=\"blockG\" id=\"rotateG_01\"><\/div>\n\t\t\t\t<div class=\"blockG\" id=\"rotateG_02\"><\/div>\n\t\t\t\t<div class=\"blockG\" id=\"rotateG_03\"><\/div>\n\t\t\t\t<div class=\"blockG\" id=\"rotateG_04\"><\/div>\n\t\t\t\t<div class=\"blockG\" id=\"rotateG_05\"><\/div>\n\t\t\t\t<div class=\"blockG\" id=\"rotateG_06\"><\/div>\n\t\t\t\t<div class=\"blockG\" id=\"rotateG_07\"><\/div>\n\t\t\t\t<div class=\"blockG\" id=\"rotateG_08\"><\/div>\n\t\t\t<\/div>\n\t\t\t<div class=\"WooZone-cross-sell-loader-text\"><\/div>\n\t\t<\/div>\n\t<\/div>\n\n\t\t\n<\/div>\n<div style=\"clear:both;\"><\/div>\n","protected":false},"excerpt":{"rendered":"<p>Inhaltsstoffe \/ Zutaten Zucker, Wasser, Fruktose, Traubenzucker, S\u00e4uerungsmittel (Citronens\u00e4ure), Aroma, S\u00e4ureregulator (Natriumcitrat), S\u00fc\u00dfstoffe (Acesulfam K, Natriumcyclamat), Koffein, Vitamine (Ascorbins\u00e4ure(C), Niacin (B3), Pyridoxin (B6), Riboflavin (B2), Fols\u00e4ure (B9), Biotin (B8), Cyanocobalamin (B12)), Farbstoff (Ammoniumsulfit-Zuckerkul\u00f6r), Konservierungsstoff (Kaliumsorbat), Guaranaextrakt (0,01%). Gebrauchsanweisung K\u00fchl und trocken lagern. Vor Gebrauch sch\u00fctteln. Nach dem \u00d6ffnen am besten im K\u00fchlschrank aufbewahren. Anschrift Hersteller\/Importeur [&hellip;]<\/p>\n","protected":false},"featured_media":42252,"comment_status":"open","ping_status":"closed","template":"","meta":[],"product_brand":[],"product_cat":[97],"product_tag":[],"class_list":{"0":"post-42251","1":"product","2":"type-product","3":"status-publish","4":"has-post-thumbnail","6":"product_cat-eistee","7":"pa_auslaufartikel-produktion-dur-nein","8":"pa_durchschnittliche-kundenbewer-48-von-5-sternen-113-sternebewertungen-48-von-5-sternen","9":"pa_herkunftsland-niederlande","10":"pa_im-angebot-von-amazon-de-seit-9-juni-2015","11":"pa_kontakt-zum-hersteller-sodastream-gmbh-auf-der-krautweide-24-d-65812-bad-soden","12":"pa_marke-sodastream","13":"pa_netto-volumen-2250-milliliter","14":"pa_stueckzahl-2250-milliliter","16":"first","17":"instock","18":"shipping-taxable","19":"purchasable","20":"product-type-simple"},"_links":{"self":[{"href":"https:\/\/123-teezeit.de\/index.php?rest_route=\/wp\/v2\/product\/42251","targetHints":{"allow":["GET"]}}],"collection":[{"href":"https:\/\/123-teezeit.de\/index.php?rest_route=\/wp\/v2\/product"}],"about":[{"href":"https:\/\/123-teezeit.de\/index.php?rest_route=\/wp\/v2\/types\/product"}],"replies":[{"embeddable":true,"href":"https:\/\/123-teezeit.de\/index.php?rest_route=%2Fwp%2Fv2%2Fcomments&post=42251"}],"wp:featuredmedia":[{"embeddable":true,"href":"https:\/\/123-teezeit.de\/index.php?rest_route=\/wp\/v2\/media\/42252"}],"wp:attachment":[{"href":"https:\/\/123-teezeit.de\/index.php?rest_route=%2Fwp%2Fv2%2Fmedia&parent=42251"}],"wp:term":[{"taxonomy":"product_brand","embeddable":true,"href":"https:\/\/123-teezeit.de\/index.php?rest_route=%2Fwp%2Fv2%2Fproduct_brand&post=42251"},{"taxonomy":"product_cat","embeddable":true,"href":"https:\/\/123-teezeit.de\/index.php?rest_route=%2Fwp%2Fv2%2Fproduct_cat&post=42251"},{"taxonomy":"product_tag","embeddable":true,"href":"https:\/\/123-teezeit.de\/index.php?rest_route=%2Fwp%2Fv2%2Fproduct_tag&post=42251"}],"curies":[{"name":"wp","href":"https:\/\/api.w.org\/{rel}","templated":true}]}}