{"id":42267,"date":"2022-02-13T05:10:55","date_gmt":"2022-02-13T05:10:55","guid":{"rendered":"https:\/\/123-teezeit.de\/?product=suchttea-bubble-gum-vegan-eistee-bubble-gum-12-x-500ml"},"modified":"2023-04-10T11:30:25","modified_gmt":"2023-04-10T11:30:25","slug":"suchttea-bubble-gum-vegan-eistee-bubble-gum-12-x-500ml","status":"publish","type":"product","link":"https:\/\/123-teezeit.de\/?product=suchttea-bubble-gum-vegan-eistee-bubble-gum-12-x-500ml","title":{"rendered":"SuchtTea Bubble Gum Vegan Eistee Bubble Gum (12 x 500ml)"},"content":{"rendered":"<p><!-- show up to 2 reviews by default --> <\/p>\n<h3> <span>Produktbeschreibungen<\/span> <\/h3>\n<p> <span>Probier den neuen SuchtTea und \u00fcberzeg dich von seinem neuen au\u00dfergew\u00f6hnlichem Geschmack. VEGAN Zutaten :Wasser, Glucose-Fructose-sirup, S\u00e4uerungsmittel: Citronens\u00e4ure, Aroma, S\u00e4ureregulator: Trinatriumcitrat, f\u00e4rbendes Konzentrat aus S\u00fc\u00dfkartoffeln Durchschnittliche N\u00e4hrwerte je 100ml Brennwert 148kj \/35 kcal Fett 0g -davon ges\u00e4ttigte Fetts\u00e4uren 0g Kohlenhydrate 8,6g -davon Zucker 8,6g Eiwei\u00df 0g Salz 0g<\/span> <\/p>\n<h3> <span>Inhaltsstoffe \/ Zutaten<\/span> <\/h3>\n<p> <span>Wasser, Glucose-Fructose-sirup, S\u00e4uerungsmittel: Citronens\u00e4ure, Aroma, S\u00e4ureregulator: Trinatriumcitrat, f\u00e4rbendes Konzentrat aus S\u00fc\u00dfkartoffeln<\/span> <\/p>\n<p>SuchtTea<br \/>\n<div class=\"main-cross-sell\" data-asin=\"B09GKB3TM7\">\n\n\t<div class=\"WooZone-cross-sell-loader\">\n\t\t<div>\n\t\t\t<div id=\"floatingBarsG\">\n\t\t\t\t<div class=\"blockG\" id=\"rotateG_01\"><\/div>\n\t\t\t\t<div class=\"blockG\" id=\"rotateG_02\"><\/div>\n\t\t\t\t<div class=\"blockG\" id=\"rotateG_03\"><\/div>\n\t\t\t\t<div class=\"blockG\" id=\"rotateG_04\"><\/div>\n\t\t\t\t<div class=\"blockG\" id=\"rotateG_05\"><\/div>\n\t\t\t\t<div class=\"blockG\" id=\"rotateG_06\"><\/div>\n\t\t\t\t<div class=\"blockG\" id=\"rotateG_07\"><\/div>\n\t\t\t\t<div class=\"blockG\" id=\"rotateG_08\"><\/div>\n\t\t\t<\/div>\n\t\t\t<div class=\"WooZone-cross-sell-loader-text\"><\/div>\n\t\t<\/div>\n\t<\/div>\n\n\t\t\n<\/div>\n<div style=\"clear:both;\"><\/div><\/p>\n","protected":false},"excerpt":{"rendered":"<p>SuchtTea<\/p>\n","protected":false},"featured_media":42268,"comment_status":"open","ping_status":"closed","template":"","meta":[],"product_brand":[],"product_cat":[97],"product_tag":[],"class_list":{"0":"post-42267","1":"product","2":"type-product","3":"status-publish","4":"has-post-thumbnail","6":"product_cat-eistee","7":"pa_amazon-bestseller-rang-nr-9340-in-lebensmittel-getraenke-siehe-top-100-in-lebensmittel-getraenke-nr-43-in-eistee","8":"pa_besonderheit-vegan","9":"pa_durchschnittliche-kundenbewer-41-von-5-sternen-12-sternebewertungen-41-von-5-sternen","10":"pa_herkunftsland-deutschland","11":"pa_hersteller-neu-getraenke-food-grosshandel-alois-loedige-str-15-33100-padeborn","12":"pa_im-angebot-von-amazon-de-seit-19-november-2020","13":"pa_produktbezeichnung-erfrischungsgetraenk-mit-kaugummi-geschmack","14":"pa_stueckzahl-6000-0-milliliter","16":"first","17":"instock","18":"shipping-taxable","19":"purchasable","20":"product-type-simple"},"_links":{"self":[{"href":"https:\/\/123-teezeit.de\/index.php?rest_route=\/wp\/v2\/product\/42267","targetHints":{"allow":["GET"]}}],"collection":[{"href":"https:\/\/123-teezeit.de\/index.php?rest_route=\/wp\/v2\/product"}],"about":[{"href":"https:\/\/123-teezeit.de\/index.php?rest_route=\/wp\/v2\/types\/product"}],"replies":[{"embeddable":true,"href":"https:\/\/123-teezeit.de\/index.php?rest_route=%2Fwp%2Fv2%2Fcomments&post=42267"}],"wp:featuredmedia":[{"embeddable":true,"href":"https:\/\/123-teezeit.de\/index.php?rest_route=\/wp\/v2\/media\/42268"}],"wp:attachment":[{"href":"https:\/\/123-teezeit.de\/index.php?rest_route=%2Fwp%2Fv2%2Fmedia&parent=42267"}],"wp:term":[{"taxonomy":"product_brand","embeddable":true,"href":"https:\/\/123-teezeit.de\/index.php?rest_route=%2Fwp%2Fv2%2Fproduct_brand&post=42267"},{"taxonomy":"product_cat","embeddable":true,"href":"https:\/\/123-teezeit.de\/index.php?rest_route=%2Fwp%2Fv2%2Fproduct_cat&post=42267"},{"taxonomy":"product_tag","embeddable":true,"href":"https:\/\/123-teezeit.de\/index.php?rest_route=%2Fwp%2Fv2%2Fproduct_tag&post=42267"}],"curies":[{"name":"wp","href":"https:\/\/api.w.org\/{rel}","templated":true}]}}