{"id":42288,"date":"2022-02-13T05:11:15","date_gmt":"2022-02-13T05:11:15","guid":{"rendered":"https:\/\/123-teezeit.de\/?product=rauch-eistee-zero-zitrone-12-x-500-ml"},"modified":"2023-04-10T11:30:25","modified_gmt":"2023-04-10T11:30:25","slug":"rauch-eistee-zero-zitrone-12-x-500-ml","status":"publish","type":"product","link":"https:\/\/123-teezeit.de\/?product=rauch-eistee-zero-zitrone-12-x-500-ml","title":{"rendered":"RAUCH Eistee Zero Zitrone, 12er Pack (12 x 500ml)"},"content":{"rendered":"<p><!-- show up to 2 reviews by default --> <\/p>\n<h3> <span>Produktbeschreibung<\/span> <\/h3>\n<p> <span>Echter Tee mit dem Besten Wasser aus den Alpen und das ganz ohne Zucker: RAUCH Eistee Zero mit unver\u00e4ndertem Geschmack. Eben das perfekte Erfrischungsgetr\u00e4nk.<\/span> <\/p>\n<h3> <span>Inhaltsstoffe \/ Zutaten<\/span> <\/h3>\n<p> <span>Zutaten: Aufguss aus Schwarztee und Hagebutten (Wasser, Schwarztee, Hagebutten), S\u00e4uerungsmittel: Citronens\u00e4ure; S\u00e4ureregulator: Natriumcitrate; S\u00fc\u00dfungsmittel: Aspartam, Acesulfam K; Zitronenaroma. Tee-Extrakt: mind. 1,5 g\/l.<\/span> <\/p>\n<div data-a-expander-name=\"toggle_description\" class=\"a-row a-expander-container a-expander-extend-container\">\n<div class=\"a-expander-content a-expander-extend-content\">\n<h3> <span>Gebrauchsanweisung<\/span> <\/h3>\n<p> <span>Ge\u00f6ffnet gek\u00fchlt 3 Tage haltbar. Es kann sich eine Tr\u00fcbung am Boden bilden<\/span> <\/p>\n<h3> <span>Warnhinweise<\/span> <\/h3>\n<p> <span>nicht dem direkten Sonnenlicht aussetzen<\/span> <\/p>\n<h3> <span>Anschrift Hersteller\/Importeur<\/span> <\/h3>\n<p> <span>Langgasse 1, A-6830 Rankweil, Austria<\/span> <\/p>\n<\/p><\/div>\n<p> <a data-csa-c-func-deps=\"aui-da-a-expander-toggle\" data-csa-c-type=\"widget\" data-csa-interaction-events=\"click\" role=\"button\" href=\"void(0)\" data-action=\"a-expander-toggle\" class=\"a-expander-header a-declarative a-expander-extend-header\" data-a-expander-toggle=\"{\"><i class=\"a-icon a-icon-extender-expand\"><\/i><span class=\"a-expander-prompt\">Mehr<\/span><\/a> <\/div>\n<p>Frisch aufgebr\u00fcht Tee<br \/>\nBestes Wasser aus den Alpen<br \/>\nOhne Zucker<br \/>\n<div class=\"main-cross-sell\" data-asin=\"B0888QVX16\">\n\n\t<div class=\"WooZone-cross-sell-loader\">\n\t\t<div>\n\t\t\t<div id=\"floatingBarsG\">\n\t\t\t\t<div class=\"blockG\" id=\"rotateG_01\"><\/div>\n\t\t\t\t<div class=\"blockG\" id=\"rotateG_02\"><\/div>\n\t\t\t\t<div class=\"blockG\" id=\"rotateG_03\"><\/div>\n\t\t\t\t<div class=\"blockG\" id=\"rotateG_04\"><\/div>\n\t\t\t\t<div class=\"blockG\" id=\"rotateG_05\"><\/div>\n\t\t\t\t<div class=\"blockG\" id=\"rotateG_06\"><\/div>\n\t\t\t\t<div class=\"blockG\" id=\"rotateG_07\"><\/div>\n\t\t\t\t<div class=\"blockG\" id=\"rotateG_08\"><\/div>\n\t\t\t<\/div>\n\t\t\t<div class=\"WooZone-cross-sell-loader-text\"><\/div>\n\t\t<\/div>\n\t<\/div>\n\n\t\t\n<\/div>\n<div style=\"clear:both;\"><\/div><\/p>\n","protected":false},"excerpt":{"rendered":"<p>Frisch aufgebr\u00fcht Tee<br \/>\nBestes Wasser aus den Alpen<br \/>\nOhne Zucker<\/p>\n","protected":false},"featured_media":42289,"comment_status":"open","ping_status":"closed","template":"","meta":[],"product_brand":[],"product_cat":[97],"product_tag":[],"class_list":{"0":"post-42288","1":"product","2":"type-product","3":"status-publish","4":"has-post-thumbnail","6":"product_cat-eistee","7":"pa_amazon-bestseller-rang-nr-9005-in-lebensmittel-getraenke-siehe-top-100-in-lebensmittel-getraenke-nr-39-in-eistee","8":"pa_artikelgewicht-530-g","9":"pa_aufbewahrung-geoeffnet-gekuehlt-3-tage-haltbar","10":"pa_besonderheit-alkoholfrei-vegan-ohne-konservierungsstoffe","11":"pa_durchschnittliche-kundenbewer-46-von-5-sternen-78-sternebewertungen-46-von-5-sternen","12":"pa_herkunftsland-oesterreich","13":"pa_hersteller-rauch-fruchtsaefte-gmbh-co","14":"pa_im-angebot-von-amazon-de-seit-29-april-2020","15":"pa_kontakt-zum-hersteller-langgasse-1-a-6830-rankweil-austria","16":"pa_landeskueche-deutschland","17":"pa_marke-rauch-eistee","18":"pa_netto-gewicht-0-53-kilogramm","19":"pa_netto-volumen-6-liter","20":"pa_produktabmessungen-26-x-19-5-x-23-08-cm-530-gramm","21":"pa_produktbezeichnung-eistee-zero-zitrone-12-x-500-ml","22":"pa_stueckzahl-500-0-milliliter","23":"pa_ursprungsland-austria","25":"first","26":"instock","27":"shipping-taxable","28":"purchasable","29":"product-type-simple"},"_links":{"self":[{"href":"https:\/\/123-teezeit.de\/index.php?rest_route=\/wp\/v2\/product\/42288","targetHints":{"allow":["GET"]}}],"collection":[{"href":"https:\/\/123-teezeit.de\/index.php?rest_route=\/wp\/v2\/product"}],"about":[{"href":"https:\/\/123-teezeit.de\/index.php?rest_route=\/wp\/v2\/types\/product"}],"replies":[{"embeddable":true,"href":"https:\/\/123-teezeit.de\/index.php?rest_route=%2Fwp%2Fv2%2Fcomments&post=42288"}],"wp:featuredmedia":[{"embeddable":true,"href":"https:\/\/123-teezeit.de\/index.php?rest_route=\/wp\/v2\/media\/42289"}],"wp:attachment":[{"href":"https:\/\/123-teezeit.de\/index.php?rest_route=%2Fwp%2Fv2%2Fmedia&parent=42288"}],"wp:term":[{"taxonomy":"product_brand","embeddable":true,"href":"https:\/\/123-teezeit.de\/index.php?rest_route=%2Fwp%2Fv2%2Fproduct_brand&post=42288"},{"taxonomy":"product_cat","embeddable":true,"href":"https:\/\/123-teezeit.de\/index.php?rest_route=%2Fwp%2Fv2%2Fproduct_cat&post=42288"},{"taxonomy":"product_tag","embeddable":true,"href":"https:\/\/123-teezeit.de\/index.php?rest_route=%2Fwp%2Fv2%2Fproduct_tag&post=42288"}],"curies":[{"name":"wp","href":"https:\/\/api.w.org\/{rel}","templated":true}]}}